{"id":8009,"date":"2025-06-29T10:11:12","date_gmt":"2025-06-29T08:11:12","guid":{"rendered":"https:\/\/uj.adatbank.ro\/lexikon\/termek\/feszt-gyorgy-dr\/"},"modified":"2025-06-29T10:11:12","modified_gmt":"2025-06-29T08:11:12","slug":"feszt-gyorgy-dr","status":"publish","type":"product","link":"https:\/\/uj.adatbank.ro\/lexikon\/termek\/feszt-gyorgy-dr\/","title":{"rendered":"FESZT Gy\u00f6rgy, dr."},"content":{"rendered":"<p>Kv., 1925. szept. 15., \u2020 Mv., 2019.: farmakol\u00f3gus. \u2013 Id. Feszt Gy\u00f6rgy orvos, radiol\u00f3gus fia, a 3. F. Gy\u00f6rgy. Feles\u00e9ge: Loschdorfer Magda (1914\u20131989). \u2013 Kv.-on a ref. koll.-ban \u00e9retts\u00e9gizett (1944). Orvosi tanulm\u00e1nyait Bp.-en a P\u00e1zm\u00e1ny P\u00e9ter TE-men kezdte \u00e9s a MOGYI \u00e1ltal\u00e1nos orvosi kar\u00e1n fejezte (1950). Gyakornok a farmakol\u00f3giai tansz\u00e9ken (1949\u2013), haladt az egyetemi rangsor l\u00e9pcs\u0151in, orvosi gy\u00f3gyszertan tansz\u00e9kvezet\u0151 egyetemi tan\u00e1r (1972-nyugd\u00edjaz\u00e1s\u00e1ig), szak\u00edr\u00f3 \u00e9s v\u00e9g\u00fcl konzult\u00e1ns professzor. Sok hallgat\u00f3 \u00edrta ir\u00e1ny\u00edt\u00e1s\u00e1val az \u00e1llamvizsga dolgozat\u00e1t. Szerz\u0151je t\u00edz egyetemi jegyzetnek, h\u00e1romnak pedig t\u00e1rsszerz\u0151je. K\u00f6z\u00f6lt t\u00f6bb mint k\u00e9tsz\u00e1z dolgozatot. \u201eKutat\u00e1si ter\u00fclete a testh\u0151m\u00e9rs\u00e9klet szab\u00e1lyoz\u00e1s\u00e1ra, a neuropszihotrop gy\u00f3gyszereknek a k\u00fcl\u0151nb\u00f6z\u0151 szevek m\u0171k\u00f6d\u00e9s\u00e9re gyakorolt hat\u00e1s\u00e1ra, a f\u00e1jdalom csillap\u00edt\u00e1s\u00e1ra, a neuroendokrin rendszerre ir\u00e1nyul\u00f3 gy\u00f3gyszerek ter\u00e1pi\u00e1s \u00e9s mell\u00e9khat\u00e1saira, valamint a hazai gy\u00f3gyn\u00f6v\u00e9nyek felhaszn\u00e1l\u00e1s\u00e1ra terjedt ki.\u201d T\u00f6bb szakfoly\u00f3irat munkat\u00e1rsa: EME \u00c9rtes\u00edt\u0151, Orvosi Szemle-Revista Medical\u0103, Farmacia, Medicina Intern\u0103, Revue Roumaine de Phisiologica Hungarica. Tanulm\u00e1nyai jelentek meg a Korunkban. K\u0151nyomatos jegyzet t\u00e1rsszerz\u0151je: Gy\u00f3gyszertani jegyzet (Mv., 1954\u201355); Gy\u00f3gyszertan (Mv., 1961; 1979); Farmacologie (Tg. M., 1965; 1979); A P\u00e1pai P\u00e1riz Ferenc Alap\u00edtv\u00e1ny D\u00edjazottja (2002). <br \/><strong>Irod.:<\/strong> Kiss Cs. M 4.; Magy. prof.; P\u00e9ter Mih\u00e1ly: Prof. dr. Feszt Gy\u00f6rgy, PhD=A P\u00e1pai P\u00e1riz Ferenc Alap\u00edtv\u00e1ny D\u00edjazottja (2002). = D\u00edjazottaink<\/br><\/p>\n","protected":false},"excerpt":{"rendered":"<p>Kv., 1925. szept. 15., \u2020 Mv., 2019.: farmakol\u00f3gus. \u2013 Id. Feszt Gy\u00f6rgy orvos, radiol\u00f3gus fia, a 3. F. Gy\u00f6rgy. Feles\u00e9ge: Loschdorfer Magda (1914\u20131989). \u2013 Kv.-on a ref. koll.-ban \u00e9retts\u00e9gizett (1944). Orvosi tanulm\u00e1nyait Bp.-en a P\u00e1zm\u00e1ny P\u00e9ter TE-men kezdte \u00e9s a MOGYI \u00e1ltal\u00e1nos orvosi kar\u00e1n fejezte (1950). Gyakornok a farmakol\u00f3giai tansz\u00e9ken (1949\u2013), haladt az egyetemi rangsor [&hellip;]<\/p>\n","protected":false},"featured_media":0,"comment_status":"open","ping_status":"closed","template":"","meta":[],"product_brand":[],"product_cat":[137],"product_tag":[],"class_list":{"0":"post-8009","1":"product","2":"type-product","3":"status-publish","5":"product_cat-maros-megyei-eletrajzi-lexikon","7":"first","8":"instock","9":"shipping-taxable","10":"product-type-simple"},"_links":{"self":[{"href":"https:\/\/uj.adatbank.ro\/lexikon\/wp-json\/wp\/v2\/product\/8009","targetHints":{"allow":["GET"]}}],"collection":[{"href":"https:\/\/uj.adatbank.ro\/lexikon\/wp-json\/wp\/v2\/product"}],"about":[{"href":"https:\/\/uj.adatbank.ro\/lexikon\/wp-json\/wp\/v2\/types\/product"}],"replies":[{"embeddable":true,"href":"https:\/\/uj.adatbank.ro\/lexikon\/wp-json\/wp\/v2\/comments?post=8009"}],"wp:attachment":[{"href":"https:\/\/uj.adatbank.ro\/lexikon\/wp-json\/wp\/v2\/media?parent=8009"}],"wp:term":[{"taxonomy":"product_brand","embeddable":true,"href":"https:\/\/uj.adatbank.ro\/lexikon\/wp-json\/wp\/v2\/product_brand?post=8009"},{"taxonomy":"product_cat","embeddable":true,"href":"https:\/\/uj.adatbank.ro\/lexikon\/wp-json\/wp\/v2\/product_cat?post=8009"},{"taxonomy":"product_tag","embeddable":true,"href":"https:\/\/uj.adatbank.ro\/lexikon\/wp-json\/wp\/v2\/product_tag?post=8009"}],"curies":[{"name":"wp","href":"https:\/\/api.w.org\/{rel}","templated":true}]}}