{"id":8010,"date":"2025-06-29T10:11:14","date_gmt":"2025-06-29T08:11:14","guid":{"rendered":"https:\/\/uj.adatbank.ro\/lexikon\/termek\/feszt-tibor-%c2%a7\/"},"modified":"2025-06-29T10:11:14","modified_gmt":"2025-06-29T08:11:14","slug":"feszt-tibor-%c2%a7","status":"publish","type":"product","link":"https:\/\/uj.adatbank.ro\/lexikon\/termek\/feszt-tibor-%c2%a7\/","title":{"rendered":"FESZT Tibor, \u00a7"},"content":{"rendered":"<p>Kv., 1929. szept. 23., \u2020 Mv., 2005. dec. 18. dr., orvos, tudom\u00e1nyos kutat\u00f3. \u2013 Feszt Gy\u00f6rgy fia. \u2013 Feles\u00e9ge: Alm\u00e1si Zsuzsa (1921\u20131994). &#8211; Tanult Kv.-on a Ref. Koll. &#8211; ban (1940\u201348), a MOGYI-n (1948\u201354). Gyakornok, majd laborat\u00f3riumi vezet\u0151 a sz\u00f6vettani tansz\u00e9ken (1954\u201358), tudom\u00e1nyos f\u0151kutat\u00f3, szekci\u00f3f\u0151n\u00f6k a Rom\u00e1n Akad. Mv.-i Kutat\u00f3\u00e1llom\u00e1s\u00e1n (1958\u201369), valamint az Orvostudom\u00e1nyi Akad. mv.-i Kutat\u00f3k\u00f6zpontj\u00e1ban (1970\u201390). Kutat\u00e1si ter\u00fclete: k\u00f3rsz\u00f6vettan, hiszt\u00f3k\u00e9mia, a kis\u00e9rletes allergi\u00e1s enkefalomielitiszek morfopatol\u00f3gi\u00e1ja, m\u00e1jk\u00e1rosod\u00e1sok hiszt\u00f3k\u00e9mi\u00e1ja, \u00e9relmeszesed\u00e9s k\u00f3rtana \u00e9s megel\u0151z\u00e9se, gy\u00f3gyn\u00f6v\u00e9nykivonatok hat\u00e1s\u00e1nak vizsg\u00e1lata a lipid anyagcser\u00e9re. Sz\u00e1mos nemzetk\u00f6zi kongresszuson vett r\u00e9szt dolgozattal valamint az \u00e9relmeszesed\u00e9s kutat\u00e1sa, lek\u00fczd\u00e9se. Buk., Bp., Bruxelles, P\u00e1rizs, Vars\u00f3, Sz\u00f3fia. N\u00e9gy \u00faj\u00edt\u00e1s \u00e9s 300-n\u00e1l t\u00f6bb tudom\u00e1nyos dolgozat szerz\u0151je hazai \u00e9s k\u00fclf\u00f6ldi szakfoly\u00f3iratokban. Kit\u00fcntet\u00e9sek: Munka\u00e9rdemrend (1965), Certificate of Merit \u2013 London (1971), Orvos-eg\u00e9szs\u00e9g\u00fcgyi munk\u00e1ban kit\u00fcntetett (1978). Hazai \u00e9s k\u00fclf\u00f6ldi tudom\u00e1nyos t\u00e1rsas\u00e1gok, az MTA k\u00f6ztest\u00fclet\u00e9nek tagja (2000). \u2013 <strong>F. m.:<\/strong> <strong>t\u00e1rssz.:<\/strong> Cercet\u0103ri medicale (Buc., 1968); Az \u00e9relmeszesed\u00e9s kutat\u00e1sa \u00e9s lek\u00fczd\u00e9se (Kerekes Med\u00e1rddal; Buk., 1977); Ateroscleroza pe \u00een\u0163elesul tuturor (Buc., 1977); Ateroscleroza (Buc., 1978); \u00c9p testben \u00e9p erek. Az \u00e9relmeszesed\u00e9s megel\u0151z\u00e9se (Kerekes Med\u00e1rddal; Buk., 1983). <br \/><strong>Irod.:<\/strong> Dictionary of International Biographic; Genersich; Barab\u00e1s-P\u00e9ter M.\u2013P\u00e9ter H. M.; Kiss-P.-P.; RMKK; Tizenk\u00e9t \u00e9v; Todea\u2013F\u00fcl\u00f6p\u2013Avram; Viharban; World Who\u2019s Who<\/br><\/p>\n","protected":false},"excerpt":{"rendered":"<p>Kv., 1929. szept. 23., \u2020 Mv., 2005. dec. 18. dr., orvos, tudom\u00e1nyos kutat\u00f3. \u2013 Feszt Gy\u00f6rgy fia. \u2013 Feles\u00e9ge: Alm\u00e1si Zsuzsa (1921\u20131994). &#8211; Tanult Kv.-on a Ref. Koll. &#8211; ban (1940\u201348), a MOGYI-n (1948\u201354). Gyakornok, majd laborat\u00f3riumi vezet\u0151 a sz\u00f6vettani tansz\u00e9ken (1954\u201358), tudom\u00e1nyos f\u0151kutat\u00f3, szekci\u00f3f\u0151n\u00f6k a Rom\u00e1n Akad. Mv.-i Kutat\u00f3\u00e1llom\u00e1s\u00e1n (1958\u201369), valamint az Orvostudom\u00e1nyi Akad. [&hellip;]<\/p>\n","protected":false},"featured_media":0,"comment_status":"open","ping_status":"closed","template":"","meta":[],"product_brand":[],"product_cat":[137],"product_tag":[],"class_list":{"0":"post-8010","1":"product","2":"type-product","3":"status-publish","5":"product_cat-maros-megyei-eletrajzi-lexikon","7":"first","8":"instock","9":"shipping-taxable","10":"product-type-simple"},"_links":{"self":[{"href":"https:\/\/uj.adatbank.ro\/lexikon\/wp-json\/wp\/v2\/product\/8010","targetHints":{"allow":["GET"]}}],"collection":[{"href":"https:\/\/uj.adatbank.ro\/lexikon\/wp-json\/wp\/v2\/product"}],"about":[{"href":"https:\/\/uj.adatbank.ro\/lexikon\/wp-json\/wp\/v2\/types\/product"}],"replies":[{"embeddable":true,"href":"https:\/\/uj.adatbank.ro\/lexikon\/wp-json\/wp\/v2\/comments?post=8010"}],"wp:attachment":[{"href":"https:\/\/uj.adatbank.ro\/lexikon\/wp-json\/wp\/v2\/media?parent=8010"}],"wp:term":[{"taxonomy":"product_brand","embeddable":true,"href":"https:\/\/uj.adatbank.ro\/lexikon\/wp-json\/wp\/v2\/product_brand?post=8010"},{"taxonomy":"product_cat","embeddable":true,"href":"https:\/\/uj.adatbank.ro\/lexikon\/wp-json\/wp\/v2\/product_cat?post=8010"},{"taxonomy":"product_tag","embeddable":true,"href":"https:\/\/uj.adatbank.ro\/lexikon\/wp-json\/wp\/v2\/product_tag?post=8010"}],"curies":[{"name":"wp","href":"https:\/\/api.w.org\/{rel}","templated":true}]}}