{"id":8011,"date":"2025-06-29T10:11:16","date_gmt":"2025-06-29T08:11:16","guid":{"rendered":"https:\/\/uj.adatbank.ro\/lexikon\/termek\/fey-jozsef\/"},"modified":"2025-06-29T10:11:16","modified_gmt":"2025-06-29T08:11:16","slug":"fey-jozsef","status":"publish","type":"product","link":"https:\/\/uj.adatbank.ro\/lexikon\/termek\/fey-jozsef\/","title":{"rendered":"FEY J\u00f3zsef"},"content":{"rendered":"<p>? \u2020\u00a0?\u00a0: sportol\u00f3. \u2013 \u00d3r\u00e1s-\u00e9kszer\u00e9sz-optikus keresked\u00e9se volt Mv. f\u0151ter\u00e9n. Sokoldal\u00fa sportol\u00f3 volt. Ker\u00e9kp\u00e1rversenyeken vett r\u00e9szt eredm\u00e9nyesen. (1900\u2013), futballozott, az MSE V\u00edv\u00f3szakoszt\u00e1ly\u00e1nak tagja, v\u00edv\u00f3k\u00e9nt orsz\u00e1gos versenyeken d\u00edjakat myert (1906\u20131908), a v\u00edv\u00f3akad\u00e9mia t\u00e1mogat\u00f3ja (1909), r\u00e9sztvev\u0151je (1911). <br \/><strong>Irod.:<\/strong> Illy\u00e9s, Klosz-Tolok\u00e1n; Mv.-i labdar\u00fag\u00e1s; Mv.-i \u00f6rm\u00e9nyek<\/br><\/p>\n","protected":false},"excerpt":{"rendered":"<p>? \u2020\u00a0?\u00a0: sportol\u00f3. \u2013 \u00d3r\u00e1s-\u00e9kszer\u00e9sz-optikus keresked\u00e9se volt Mv. f\u0151ter\u00e9n. Sokoldal\u00fa sportol\u00f3 volt. Ker\u00e9kp\u00e1rversenyeken vett r\u00e9szt eredm\u00e9nyesen. (1900\u2013), futballozott, az MSE V\u00edv\u00f3szakoszt\u00e1ly\u00e1nak tagja, v\u00edv\u00f3k\u00e9nt orsz\u00e1gos versenyeken d\u00edjakat myert (1906\u20131908), a v\u00edv\u00f3akad\u00e9mia t\u00e1mogat\u00f3ja (1909), r\u00e9sztvev\u0151je (1911). Irod.: Illy\u00e9s, Klosz-Tolok\u00e1n; Mv.-i labdar\u00fag\u00e1s; Mv.-i \u00f6rm\u00e9nyek<\/p>\n","protected":false},"featured_media":0,"comment_status":"open","ping_status":"closed","template":"","meta":[],"product_brand":[],"product_cat":[137],"product_tag":[],"class_list":{"0":"post-8011","1":"product","2":"type-product","3":"status-publish","5":"product_cat-maros-megyei-eletrajzi-lexikon","7":"first","8":"instock","9":"shipping-taxable","10":"product-type-simple"},"_links":{"self":[{"href":"https:\/\/uj.adatbank.ro\/lexikon\/wp-json\/wp\/v2\/product\/8011","targetHints":{"allow":["GET"]}}],"collection":[{"href":"https:\/\/uj.adatbank.ro\/lexikon\/wp-json\/wp\/v2\/product"}],"about":[{"href":"https:\/\/uj.adatbank.ro\/lexikon\/wp-json\/wp\/v2\/types\/product"}],"replies":[{"embeddable":true,"href":"https:\/\/uj.adatbank.ro\/lexikon\/wp-json\/wp\/v2\/comments?post=8011"}],"wp:attachment":[{"href":"https:\/\/uj.adatbank.ro\/lexikon\/wp-json\/wp\/v2\/media?parent=8011"}],"wp:term":[{"taxonomy":"product_brand","embeddable":true,"href":"https:\/\/uj.adatbank.ro\/lexikon\/wp-json\/wp\/v2\/product_brand?post=8011"},{"taxonomy":"product_cat","embeddable":true,"href":"https:\/\/uj.adatbank.ro\/lexikon\/wp-json\/wp\/v2\/product_cat?post=8011"},{"taxonomy":"product_tag","embeddable":true,"href":"https:\/\/uj.adatbank.ro\/lexikon\/wp-json\/wp\/v2\/product_tag?post=8011"}],"curies":[{"name":"wp","href":"https:\/\/api.w.org\/{rel}","templated":true}]}}