{"id":8018,"date":"2025-06-29T10:11:36","date_gmt":"2025-06-29T08:11:36","guid":{"rendered":"https:\/\/uj.adatbank.ro\/lexikon\/termek\/fiedler-gottfried-konigsheimi\/"},"modified":"2025-06-29T10:11:36","modified_gmt":"2025-06-29T08:11:36","slug":"fiedler-gottfried-konigsheimi","status":"publish","type":"product","link":"https:\/\/uj.adatbank.ro\/lexikon\/termek\/fiedler-gottfried-konigsheimi\/","title":{"rendered":"FIEDLER Gottfried, k\u00f6nigsheimi"},"content":{"rendered":"<p>? \u2020 ? : k\u00f6nyvnyomtat\u00f3. \u2013 Nyomdab\u00e9rl\u0151 Mv.-en a Ref. Koll. nyomd\u00e1j\u00e1ban (1808. aug. 2. \u2013 1828. \u00e1pr. 25.) a Szentkir\u00e1ly utca 16. sz alatt. \u0150 az els\u0151 aki huzamosabb ideig \u00e9s folytonosan m\u0171k\u00f6dtette a koll.-i nyomd\u00e1t az ap\u00f3sa Ortner D\u00e1niel Nagyszentkir\u00e1ly utcai h\u00e1z\u00e1ban. Maga mell\u00e9 vette seg\u00e9dnek Kali J\u00f3zsefet, aki feles\u00e9g\u00fcl vette a le\u00e1ny\u00e1t \u00e9s gyeng\u00e9lked\u0151 ap\u00f3sa mellett \u00f6n\u00e1ll\u00f3an kezelte a nyomd\u00e1t. \u2013 <strong>F. m.:<\/strong> Sz\u00e9kely Mih\u00e1lynak kir\u00e1lyi t\u00e1bl\u00e1n el\u0151l\u00fcl\u0151 hivatal\u00e1ba lett beiktat\u00e1sa tisztelet\u00fcl (Mv., 1823) (Gyujt\u00f3 S\u00e1ndorral egy\u00fctt). <br \/><strong>Irod.:<\/strong> Id\u0151t\u00e1r 1; Koncz J\u00f3zsef; P\u00e1l-Antal 2009; Szinnyei<\/br><\/p>\n","protected":false},"excerpt":{"rendered":"<p>? \u2020 ? : k\u00f6nyvnyomtat\u00f3. \u2013 Nyomdab\u00e9rl\u0151 Mv.-en a Ref. Koll. nyomd\u00e1j\u00e1ban (1808. aug. 2. \u2013 1828. \u00e1pr. 25.) a Szentkir\u00e1ly utca 16. sz alatt. \u0150 az els\u0151 aki huzamosabb ideig \u00e9s folytonosan m\u0171k\u00f6dtette a koll.-i nyomd\u00e1t az ap\u00f3sa Ortner D\u00e1niel Nagyszentkir\u00e1ly utcai h\u00e1z\u00e1ban. Maga mell\u00e9 vette seg\u00e9dnek Kali J\u00f3zsefet, aki feles\u00e9g\u00fcl vette a le\u00e1ny\u00e1t [&hellip;]<\/p>\n","protected":false},"featured_media":0,"comment_status":"open","ping_status":"closed","template":"","meta":[],"product_brand":[],"product_cat":[137],"product_tag":[],"class_list":{"0":"post-8018","1":"product","2":"type-product","3":"status-publish","5":"product_cat-maros-megyei-eletrajzi-lexikon","7":"first","8":"instock","9":"shipping-taxable","10":"product-type-simple"},"_links":{"self":[{"href":"https:\/\/uj.adatbank.ro\/lexikon\/wp-json\/wp\/v2\/product\/8018","targetHints":{"allow":["GET"]}}],"collection":[{"href":"https:\/\/uj.adatbank.ro\/lexikon\/wp-json\/wp\/v2\/product"}],"about":[{"href":"https:\/\/uj.adatbank.ro\/lexikon\/wp-json\/wp\/v2\/types\/product"}],"replies":[{"embeddable":true,"href":"https:\/\/uj.adatbank.ro\/lexikon\/wp-json\/wp\/v2\/comments?post=8018"}],"wp:attachment":[{"href":"https:\/\/uj.adatbank.ro\/lexikon\/wp-json\/wp\/v2\/media?parent=8018"}],"wp:term":[{"taxonomy":"product_brand","embeddable":true,"href":"https:\/\/uj.adatbank.ro\/lexikon\/wp-json\/wp\/v2\/product_brand?post=8018"},{"taxonomy":"product_cat","embeddable":true,"href":"https:\/\/uj.adatbank.ro\/lexikon\/wp-json\/wp\/v2\/product_cat?post=8018"},{"taxonomy":"product_tag","embeddable":true,"href":"https:\/\/uj.adatbank.ro\/lexikon\/wp-json\/wp\/v2\/product_tag?post=8018"}],"curies":[{"name":"wp","href":"https:\/\/api.w.org\/{rel}","templated":true}]}}