{"id":8020,"date":"2025-06-29T10:11:42","date_gmt":"2025-06-29T08:11:42","guid":{"rendered":"https:\/\/uj.adatbank.ro\/lexikon\/termek\/fikk-laszlo-%c2%a7\/"},"modified":"2025-06-29T10:11:42","modified_gmt":"2025-06-29T08:11:42","slug":"fikk-laszlo-%c2%a7","status":"publish","type":"product","link":"https:\/\/uj.adatbank.ro\/lexikon\/termek\/fikk-laszlo-%c2%a7\/","title":{"rendered":"FIKK L\u00e1szl\u00f3, \u00a7"},"content":{"rendered":"<p>Mv., 1920. febr. 2., \u2020 Mv., 1969. \u00e1pr. 27.: tan\u00e1r, dr., k\u00f6nyvt\u00e1ros, bibliogr\u00e1fus. \u2013 Feles\u00e9ge: D\u00f3sa Judit (\u2020 Mv., 1983. okt. 29.) \u2013 A k\u00f6z\u00e9piskol\u00e1t Mv.-en a Ref. Koll.-ban, a f\u0151iskol\u00e1t a gyulafeh\u00e9rv\u00e1ri kat. teol\u00f3gi\u00e1n kezdte, majd a r\u00f3mai Collegium-Germanico-Hungaricum \u00f6szt\u00f6nd\u00edjasa volt, azut\u00e1n a kv.-i TE-men a b\u00f6lcs\u00e9szkaron szerzett b\u00f6lcs\u00e9sz diplom\u00e1t \u00e9s doktor\u00e1lt (1943). El\u0151bb k\u00f6z\u00e9piskolai tan\u00e1r Sz\u00e1szr\u00e9genben, a mv.-i II. R\u00e1k\u00f3czi Ferenc R. K. Gimn. tan\u00e1ra (1944) \u00e9s Mv.-en a Ref. Koll.-ban \u00e9s ut\u00f3diskol\u00e1iban (Rangheti, 1954\u00a0; Bolyai Farkas L\u00edc). A Teleki-K\u00f6nyvt\u00e1r f\u0151k\u00f6nyvt\u00e1rosa, bibliogr\u00e1fusa hal\u00e1l\u00e1ig (1954\u201369). Latin, francia, n\u00e9met nyelvtud\u00e1sa, sz\u00e9lesk\u00fcr\u0171 m\u0171velts\u00e9ge k\u00f6vetkezt\u00e9ben a gy\u0171jtem\u00e9ny szakavatott ismer\u0151je volt. Oszt\u00e1lyvezet\u0151i beoszt\u00e1sban vezette a k\u00f6nyvt\u00e1r dokumnet\u00e1ci\u00f3s \u00e9s bibliogr\u00e1fiai szolg\u00e1lat\u00e1t. \u00c9veken kereszt\u0151l a k\u00f6nyvt\u00e1r feldolgozatlan anyag\u00e1nak sz\u00e1mbav\u00e9tel\u00e9t, lelt\u00e1roz\u00e1s\u00e1t, katalogiz\u00e1l\u00e1s\u00e1t v\u00e9gezte. Kezdem\u00e9nyezte a k\u00f6nyvt\u00e1r t\u00f6bb bibliogr\u00e1fiai munk\u00e1j\u00e1t, pl. \u00f6ssze\u00e1ll\u00edtotta a k\u00f6nyvt\u00e1r \u0151snyomtatv\u00e1ny katal\u00f3gus\u00e1t: Catalogus incunabulorum Bibl. Teleki-Bolyai (Mv., 1971); felfedezte \u00e9s tanulm\u00e1nyozta Galleotus Marzius Narmiensis anat\u00f3miai inkunabulum\u00e1t (1475). A k\u00f6nyvt\u00e1r t\u00f6rt\u00e9net\u00e9nek, \u00e9s mag\u00e1nak a gy\u0171jtem\u00e9nymek alapos ismer\u0151jek\u00e9nt \u00f6ssze\u00e1ll\u00edtotta Bustya Endr\u00e9vel a Teleki T\u00e9ka r\u00f6vid rom\u00e1nynyelv\u0171 monogr\u00e1fi\u00e1j\u00e1t: Monografia Bibliotecii Teleki (1960). \u00d6szt\u00f6z\u0151je a restaur\u00e1l\u00e1si munk\u00e1latoknak. Szakmai tud\u00e1s\u00e1t \u00f6nzetlen segiteni akar\u00e1ssal \u00e1ll\u00edtotta a fiatalabb munkat\u00e1rsak \u00e9s a kutat\u00f3k szolg\u00e1lat\u00e1ba. A Teleki k\u00f6nyvt\u00e1rban szakmai tov\u00e1bbk\u00e9pz\u0151 tanfolyamot \u00e9s latin nyelvtanfolyamot szervezett \u00e9s vezetett. \u2013 <strong>F. m.:<\/strong> Aquinoi Tam\u00e1s ismeretelm\u00e9lete: Doktori \u00e9rtekez\u00e9s (Kv., 1943); <strong>t\u00e1rssz.:<\/strong> Catalogus incunabulorum Bibliothecae Teleki-Bolyai (Bal\u00e1zs Lajossal; Tg. M., 1971.). <br \/><strong>Irod.:<\/strong> De\u00e9; elt\u0171nt egy ember (V. Z., 1969. m\u00e1j. 10.); Dr. F. L. (1920\u20131969) (K\u00f6nyvt\u00e1ri Szemle, 3. sz., 1969); Farcz\u00e1dy Elek: A Teleki-Bolyai k\u00f6nyvt\u00e1r \u0151snyomtatv\u00e1ny-katal\u00f3gusa (V. Z., 1972. m\u00e1rc. 12.); Id\u0151t\u00e1r 4.; Jak\u00f3 1976; M\u00c9L; MKL; [Nekrol\u00f3g D\u00f3sa Judit] (V. Z., 1983. okt. 30.); RMIL; R\u00daL; Sk\u00f3la; Todea 2013<\/br><\/p>\n","protected":false},"excerpt":{"rendered":"<p>Mv., 1920. febr. 2., \u2020 Mv., 1969. \u00e1pr. 27.: tan\u00e1r, dr., k\u00f6nyvt\u00e1ros, bibliogr\u00e1fus. \u2013 Feles\u00e9ge: D\u00f3sa Judit (\u2020 Mv., 1983. okt. 29.) \u2013 A k\u00f6z\u00e9piskol\u00e1t Mv.-en a Ref. Koll.-ban, a f\u0151iskol\u00e1t a gyulafeh\u00e9rv\u00e1ri kat. teol\u00f3gi\u00e1n kezdte, majd a r\u00f3mai Collegium-Germanico-Hungaricum \u00f6szt\u00f6nd\u00edjasa volt, azut\u00e1n a kv.-i TE-men a b\u00f6lcs\u00e9szkaron szerzett b\u00f6lcs\u00e9sz diplom\u00e1t \u00e9s doktor\u00e1lt (1943). El\u0151bb [&hellip;]<\/p>\n","protected":false},"featured_media":0,"comment_status":"open","ping_status":"closed","template":"","meta":[],"product_brand":[],"product_cat":[137],"product_tag":[],"class_list":{"0":"post-8020","1":"product","2":"type-product","3":"status-publish","5":"product_cat-maros-megyei-eletrajzi-lexikon","7":"first","8":"instock","9":"shipping-taxable","10":"product-type-simple"},"_links":{"self":[{"href":"https:\/\/uj.adatbank.ro\/lexikon\/wp-json\/wp\/v2\/product\/8020","targetHints":{"allow":["GET"]}}],"collection":[{"href":"https:\/\/uj.adatbank.ro\/lexikon\/wp-json\/wp\/v2\/product"}],"about":[{"href":"https:\/\/uj.adatbank.ro\/lexikon\/wp-json\/wp\/v2\/types\/product"}],"replies":[{"embeddable":true,"href":"https:\/\/uj.adatbank.ro\/lexikon\/wp-json\/wp\/v2\/comments?post=8020"}],"wp:attachment":[{"href":"https:\/\/uj.adatbank.ro\/lexikon\/wp-json\/wp\/v2\/media?parent=8020"}],"wp:term":[{"taxonomy":"product_brand","embeddable":true,"href":"https:\/\/uj.adatbank.ro\/lexikon\/wp-json\/wp\/v2\/product_brand?post=8020"},{"taxonomy":"product_cat","embeddable":true,"href":"https:\/\/uj.adatbank.ro\/lexikon\/wp-json\/wp\/v2\/product_cat?post=8020"},{"taxonomy":"product_tag","embeddable":true,"href":"https:\/\/uj.adatbank.ro\/lexikon\/wp-json\/wp\/v2\/product_tag?post=8020"}],"curies":[{"name":"wp","href":"https:\/\/api.w.org\/{rel}","templated":true}]}}