{"id":8022,"date":"2025-06-29T10:11:45","date_gmt":"2025-06-29T08:11:45","guid":{"rendered":"https:\/\/uj.adatbank.ro\/lexikon\/termek\/fikker-ede\/"},"modified":"2025-06-29T10:11:45","modified_gmt":"2025-06-29T08:11:45","slug":"fikker-ede","status":"publish","type":"product","link":"https:\/\/uj.adatbank.ro\/lexikon\/termek\/fikker-ede\/","title":{"rendered":"FIKKER Ede"},"content":{"rendered":"<p>Ny\u00e1r\u00e1dt\u0151, 1935. \u00e1pr. 4. \u2020 ?\u00a0: orvos. \u2013 A Kereskedelmi k\u00f6z\u00e9piskol\u00e1t Kv.-on v\u00e9gezte. A MOGYE Orvoskar\u00e1n diplom\u00e1zott. Biksz\u00e1dra helyezt\u00e9k ki, k\u00e9s\u0151bb K\u00e1nyah\u00e1za, Szatm\u00e1rn\u00e9meti k\u00f6rzeti gyermekorvos, f\u0151orvos. <br \/><strong>Irod.:<\/strong> MOGYE<\/br><\/p>\n","protected":false},"excerpt":{"rendered":"<p>Ny\u00e1r\u00e1dt\u0151, 1935. \u00e1pr. 4. \u2020 ?\u00a0: orvos. \u2013 A Kereskedelmi k\u00f6z\u00e9piskol\u00e1t Kv.-on v\u00e9gezte. A MOGYE Orvoskar\u00e1n diplom\u00e1zott. Biksz\u00e1dra helyezt\u00e9k ki, k\u00e9s\u0151bb K\u00e1nyah\u00e1za, Szatm\u00e1rn\u00e9meti k\u00f6rzeti gyermekorvos, f\u0151orvos. Irod.: MOGYE<\/p>\n","protected":false},"featured_media":0,"comment_status":"open","ping_status":"closed","template":"","meta":[],"product_brand":[],"product_cat":[137],"product_tag":[],"class_list":{"0":"post-8022","1":"product","2":"type-product","3":"status-publish","5":"product_cat-maros-megyei-eletrajzi-lexikon","7":"first","8":"instock","9":"shipping-taxable","10":"product-type-simple"},"_links":{"self":[{"href":"https:\/\/uj.adatbank.ro\/lexikon\/wp-json\/wp\/v2\/product\/8022","targetHints":{"allow":["GET"]}}],"collection":[{"href":"https:\/\/uj.adatbank.ro\/lexikon\/wp-json\/wp\/v2\/product"}],"about":[{"href":"https:\/\/uj.adatbank.ro\/lexikon\/wp-json\/wp\/v2\/types\/product"}],"replies":[{"embeddable":true,"href":"https:\/\/uj.adatbank.ro\/lexikon\/wp-json\/wp\/v2\/comments?post=8022"}],"wp:attachment":[{"href":"https:\/\/uj.adatbank.ro\/lexikon\/wp-json\/wp\/v2\/media?parent=8022"}],"wp:term":[{"taxonomy":"product_brand","embeddable":true,"href":"https:\/\/uj.adatbank.ro\/lexikon\/wp-json\/wp\/v2\/product_brand?post=8022"},{"taxonomy":"product_cat","embeddable":true,"href":"https:\/\/uj.adatbank.ro\/lexikon\/wp-json\/wp\/v2\/product_cat?post=8022"},{"taxonomy":"product_tag","embeddable":true,"href":"https:\/\/uj.adatbank.ro\/lexikon\/wp-json\/wp\/v2\/product_tag?post=8022"}],"curies":[{"name":"wp","href":"https:\/\/api.w.org\/{rel}","templated":true}]}}