{"id":8024,"date":"2025-06-29T10:11:51","date_gmt":"2025-06-29T08:11:51","guid":{"rendered":"https:\/\/uj.adatbank.ro\/lexikon\/termek\/fikker-sandor-abrudbanyai\/"},"modified":"2025-06-29T10:11:51","modified_gmt":"2025-06-29T08:11:51","slug":"fikker-sandor-abrudbanyai","status":"publish","type":"product","link":"https:\/\/uj.adatbank.ro\/lexikon\/termek\/fikker-sandor-abrudbanyai\/","title":{"rendered":"FIKKER S\u00e1ndor, abrudb\u00e1nyai"},"content":{"rendered":"<p>1865.? \u2020 Mv., 1927. febr. 28.: int\u00e9z\u0151. \u2013 Testv\u00e9re: F. B\u00e9la. Feles\u00e9ge: W\u00e1tzig Ida. Fi\u00fak: F. Ede. <br \/><strong>Irod.:<\/strong> Gy\u00e1szjelent\u0151<\/br><\/p>\n","protected":false},"excerpt":{"rendered":"<p>1865.? \u2020 Mv., 1927. febr. 28.: int\u00e9z\u0151. \u2013 Testv\u00e9re: F. B\u00e9la. Feles\u00e9ge: W\u00e1tzig Ida. Fi\u00fak: F. Ede. Irod.: Gy\u00e1szjelent\u0151<\/p>\n","protected":false},"featured_media":0,"comment_status":"open","ping_status":"closed","template":"","meta":[],"product_brand":[],"product_cat":[137],"product_tag":[],"class_list":{"0":"post-8024","1":"product","2":"type-product","3":"status-publish","5":"product_cat-maros-megyei-eletrajzi-lexikon","7":"first","8":"instock","9":"shipping-taxable","10":"product-type-simple"},"_links":{"self":[{"href":"https:\/\/uj.adatbank.ro\/lexikon\/wp-json\/wp\/v2\/product\/8024","targetHints":{"allow":["GET"]}}],"collection":[{"href":"https:\/\/uj.adatbank.ro\/lexikon\/wp-json\/wp\/v2\/product"}],"about":[{"href":"https:\/\/uj.adatbank.ro\/lexikon\/wp-json\/wp\/v2\/types\/product"}],"replies":[{"embeddable":true,"href":"https:\/\/uj.adatbank.ro\/lexikon\/wp-json\/wp\/v2\/comments?post=8024"}],"wp:attachment":[{"href":"https:\/\/uj.adatbank.ro\/lexikon\/wp-json\/wp\/v2\/media?parent=8024"}],"wp:term":[{"taxonomy":"product_brand","embeddable":true,"href":"https:\/\/uj.adatbank.ro\/lexikon\/wp-json\/wp\/v2\/product_brand?post=8024"},{"taxonomy":"product_cat","embeddable":true,"href":"https:\/\/uj.adatbank.ro\/lexikon\/wp-json\/wp\/v2\/product_cat?post=8024"},{"taxonomy":"product_tag","embeddable":true,"href":"https:\/\/uj.adatbank.ro\/lexikon\/wp-json\/wp\/v2\/product_tag?post=8024"}],"curies":[{"name":"wp","href":"https:\/\/api.w.org\/{rel}","templated":true}]}}