{"id":8027,"date":"2025-06-29T10:11:55","date_gmt":"2025-06-29T08:11:55","guid":{"rendered":"https:\/\/uj.adatbank.ro\/lexikon\/termek\/filep-andras-vadadi\/"},"modified":"2025-06-29T10:11:55","modified_gmt":"2025-06-29T08:11:55","slug":"filep-andras-vadadi","status":"publish","type":"product","link":"https:\/\/uj.adatbank.ro\/lexikon\/termek\/filep-andras-vadadi\/","title":{"rendered":"FILEP Andr\u00e1s, vadadi"},"content":{"rendered":"<p>1798.? \u2020\u00a0Mv., 1846. dec. 20.: ?. \u2013 Feles\u00e9ge: Kun R\u00e1khel. Testv\u00e9re: Vadadi Filep D\u00e1niel. Fi\u00fak: Vadadi F. Lajos, K. F. irnok. <br \/><strong>Irod.:<\/strong> Gy\u00e1szjelent\u0151<\/br><\/p>\n","protected":false},"excerpt":{"rendered":"<p>1798.? \u2020\u00a0Mv., 1846. dec. 20.: ?. \u2013 Feles\u00e9ge: Kun R\u00e1khel. Testv\u00e9re: Vadadi Filep D\u00e1niel. Fi\u00fak: Vadadi F. Lajos, K. F. irnok. Irod.: Gy\u00e1szjelent\u0151<\/p>\n","protected":false},"featured_media":0,"comment_status":"open","ping_status":"closed","template":"","meta":[],"product_brand":[],"product_cat":[137],"product_tag":[],"class_list":{"0":"post-8027","1":"product","2":"type-product","3":"status-publish","5":"product_cat-maros-megyei-eletrajzi-lexikon","7":"first","8":"instock","9":"shipping-taxable","10":"product-type-simple"},"_links":{"self":[{"href":"https:\/\/uj.adatbank.ro\/lexikon\/wp-json\/wp\/v2\/product\/8027","targetHints":{"allow":["GET"]}}],"collection":[{"href":"https:\/\/uj.adatbank.ro\/lexikon\/wp-json\/wp\/v2\/product"}],"about":[{"href":"https:\/\/uj.adatbank.ro\/lexikon\/wp-json\/wp\/v2\/types\/product"}],"replies":[{"embeddable":true,"href":"https:\/\/uj.adatbank.ro\/lexikon\/wp-json\/wp\/v2\/comments?post=8027"}],"wp:attachment":[{"href":"https:\/\/uj.adatbank.ro\/lexikon\/wp-json\/wp\/v2\/media?parent=8027"}],"wp:term":[{"taxonomy":"product_brand","embeddable":true,"href":"https:\/\/uj.adatbank.ro\/lexikon\/wp-json\/wp\/v2\/product_brand?post=8027"},{"taxonomy":"product_cat","embeddable":true,"href":"https:\/\/uj.adatbank.ro\/lexikon\/wp-json\/wp\/v2\/product_cat?post=8027"},{"taxonomy":"product_tag","embeddable":true,"href":"https:\/\/uj.adatbank.ro\/lexikon\/wp-json\/wp\/v2\/product_tag?post=8027"}],"curies":[{"name":"wp","href":"https:\/\/api.w.org\/{rel}","templated":true}]}}