{"id":8029,"date":"2025-06-29T10:12:00","date_gmt":"2025-06-29T08:12:00","guid":{"rendered":"https:\/\/uj.adatbank.ro\/lexikon\/termek\/filep-antal-vadadi\/"},"modified":"2025-06-29T10:12:00","modified_gmt":"2025-06-29T08:12:00","slug":"filep-antal-vadadi","status":"publish","type":"product","link":"https:\/\/uj.adatbank.ro\/lexikon\/termek\/filep-antal-vadadi\/","title":{"rendered":"FILEP Antal, vadadi"},"content":{"rendered":"<p>1814., \u2020\u00a0Mv., 1872: b\u00edr\u00f3. \u2013 Feles\u00e9ge: G\u00f6r\u00f6g J\u00f3zsef l\u00e1nya, Zsuzs\u00e1nna (1832\u20131896). S\u00f3gora: G\u00f6r\u00f6g K\u00e1roly. \u2013 Mv.-en kir. t\u00f6rv\u00e9nysz\u00e9ki b\u00edr\u00f3, jegyz\u0151. <br \/><strong>Irod.:<\/strong> Filep; P\u00e1lmay J\u00f3zsef<\/br><\/p>\n","protected":false},"excerpt":{"rendered":"<p>1814., \u2020\u00a0Mv., 1872: b\u00edr\u00f3. \u2013 Feles\u00e9ge: G\u00f6r\u00f6g J\u00f3zsef l\u00e1nya, Zsuzs\u00e1nna (1832\u20131896). S\u00f3gora: G\u00f6r\u00f6g K\u00e1roly. \u2013 Mv.-en kir. t\u00f6rv\u00e9nysz\u00e9ki b\u00edr\u00f3, jegyz\u0151. Irod.: Filep; P\u00e1lmay J\u00f3zsef<\/p>\n","protected":false},"featured_media":0,"comment_status":"open","ping_status":"closed","template":"","meta":[],"product_brand":[],"product_cat":[137],"product_tag":[],"class_list":{"0":"post-8029","1":"product","2":"type-product","3":"status-publish","5":"product_cat-maros-megyei-eletrajzi-lexikon","7":"first","8":"instock","9":"shipping-taxable","10":"product-type-simple"},"_links":{"self":[{"href":"https:\/\/uj.adatbank.ro\/lexikon\/wp-json\/wp\/v2\/product\/8029","targetHints":{"allow":["GET"]}}],"collection":[{"href":"https:\/\/uj.adatbank.ro\/lexikon\/wp-json\/wp\/v2\/product"}],"about":[{"href":"https:\/\/uj.adatbank.ro\/lexikon\/wp-json\/wp\/v2\/types\/product"}],"replies":[{"embeddable":true,"href":"https:\/\/uj.adatbank.ro\/lexikon\/wp-json\/wp\/v2\/comments?post=8029"}],"wp:attachment":[{"href":"https:\/\/uj.adatbank.ro\/lexikon\/wp-json\/wp\/v2\/media?parent=8029"}],"wp:term":[{"taxonomy":"product_brand","embeddable":true,"href":"https:\/\/uj.adatbank.ro\/lexikon\/wp-json\/wp\/v2\/product_brand?post=8029"},{"taxonomy":"product_cat","embeddable":true,"href":"https:\/\/uj.adatbank.ro\/lexikon\/wp-json\/wp\/v2\/product_cat?post=8029"},{"taxonomy":"product_tag","embeddable":true,"href":"https:\/\/uj.adatbank.ro\/lexikon\/wp-json\/wp\/v2\/product_tag?post=8029"}],"curies":[{"name":"wp","href":"https:\/\/api.w.org\/{rel}","templated":true}]}}