{"id":8030,"date":"2025-06-29T10:12:02","date_gmt":"2025-06-29T08:12:02","guid":{"rendered":"https:\/\/uj.adatbank.ro\/lexikon\/termek\/filep-bela-vadadi\/"},"modified":"2025-06-29T10:12:02","modified_gmt":"2025-06-29T08:12:02","slug":"filep-bela-vadadi","status":"publish","type":"product","link":"https:\/\/uj.adatbank.ro\/lexikon\/termek\/filep-bela-vadadi\/","title":{"rendered":"FILEP B\u00e9la, vadadi"},"content":{"rendered":"<p>1894. \u00e1pr. 26., \u2020 ? : lapszerkeszt\u0151. \u2013 Filep Albert \u00e9s \u00c1goston Sz\u0151cs R\u00f3za fia. \u2013 Mv.-en szerk. -tte az \u00d6r\u00f6mh\u00edr c. kereszty\u00e9n lapot (1925) \u00e9s annak \u00datmutat\u00f3 a Sz. Ir\u00e1s Olvas\u00e1s\u00e1hoz c. \u00e1lland\u00f3 mell\u00e9klet\u00e9t. <br \/><strong>Irod.:<\/strong> Filep; Guly\u00e1s; Popt\u0103ma\u015f\u2013M\u00f3zes<\/br><\/p>\n","protected":false},"excerpt":{"rendered":"<p>1894. \u00e1pr. 26., \u2020 ? : lapszerkeszt\u0151. \u2013 Filep Albert \u00e9s \u00c1goston Sz\u0151cs R\u00f3za fia. \u2013 Mv.-en szerk. -tte az \u00d6r\u00f6mh\u00edr c. kereszty\u00e9n lapot (1925) \u00e9s annak \u00datmutat\u00f3 a Sz. Ir\u00e1s Olvas\u00e1s\u00e1hoz c. \u00e1lland\u00f3 mell\u00e9klet\u00e9t. Irod.: Filep; Guly\u00e1s; Popt\u0103ma\u015f\u2013M\u00f3zes<\/p>\n","protected":false},"featured_media":0,"comment_status":"open","ping_status":"closed","template":"","meta":[],"product_brand":[],"product_cat":[137],"product_tag":[],"class_list":{"0":"post-8030","1":"product","2":"type-product","3":"status-publish","5":"product_cat-maros-megyei-eletrajzi-lexikon","7":"first","8":"instock","9":"shipping-taxable","10":"product-type-simple"},"_links":{"self":[{"href":"https:\/\/uj.adatbank.ro\/lexikon\/wp-json\/wp\/v2\/product\/8030","targetHints":{"allow":["GET"]}}],"collection":[{"href":"https:\/\/uj.adatbank.ro\/lexikon\/wp-json\/wp\/v2\/product"}],"about":[{"href":"https:\/\/uj.adatbank.ro\/lexikon\/wp-json\/wp\/v2\/types\/product"}],"replies":[{"embeddable":true,"href":"https:\/\/uj.adatbank.ro\/lexikon\/wp-json\/wp\/v2\/comments?post=8030"}],"wp:attachment":[{"href":"https:\/\/uj.adatbank.ro\/lexikon\/wp-json\/wp\/v2\/media?parent=8030"}],"wp:term":[{"taxonomy":"product_brand","embeddable":true,"href":"https:\/\/uj.adatbank.ro\/lexikon\/wp-json\/wp\/v2\/product_brand?post=8030"},{"taxonomy":"product_cat","embeddable":true,"href":"https:\/\/uj.adatbank.ro\/lexikon\/wp-json\/wp\/v2\/product_cat?post=8030"},{"taxonomy":"product_tag","embeddable":true,"href":"https:\/\/uj.adatbank.ro\/lexikon\/wp-json\/wp\/v2\/product_tag?post=8030"}],"curies":[{"name":"wp","href":"https:\/\/api.w.org\/{rel}","templated":true}]}}