{"id":8031,"date":"2025-06-29T10:12:04","date_gmt":"2025-06-29T08:12:04","guid":{"rendered":"https:\/\/uj.adatbank.ro\/lexikon\/termek\/filep-eliz-iklandi-es-vadadi\/"},"modified":"2025-06-29T10:12:04","modified_gmt":"2025-06-29T08:12:04","slug":"filep-eliz-iklandi-es-vadadi","status":"publish","type":"product","link":"https:\/\/uj.adatbank.ro\/lexikon\/termek\/filep-eliz-iklandi-es-vadadi\/","title":{"rendered":"FILEP Eliz, iklandi \u00e9s vadadi"},"content":{"rendered":"<p>1829.? \u2020 Sz\u00e9kelyvaja, 1918. m\u00e1j. 10.: f\u00f6ldbirtokos asszony. \u2013 Apja: vadadi Filep J\u00f3zsef. Testv\u00e9rei: F. Albert (Vaja, 1827. m\u00e1j. \u2013 Marosszentkir\u00e1ly, 1907 m\u00e1j. 16.), F. R\u00f3za Sik\u00f3 Mikl\u00f3sn\u00e9 (1821.? \u2013 Nagylak, 1900. \u00e1r. 23.). \u2013 A Mv.-i Ref. Koll. -nak aj\u00e1nd\u00e9kozta \u00e9desapja, hagyat\u00e9k\u00e1b\u00f3l r\u00e1maradt 839 m\u0171vet, melyek \u00e9rt\u00e9kes darabokat is tartalmaztak pl. \u0151snyomtatv\u00e1nyokat \u00e9s k\u00e9ziratokat (1911). <br \/><strong>Irod.:<\/strong> Gy\u00e1szjelent\u0151; Sebesty\u00e9n<\/br><\/p>\n","protected":false},"excerpt":{"rendered":"<p>1829.? \u2020 Sz\u00e9kelyvaja, 1918. m\u00e1j. 10.: f\u00f6ldbirtokos asszony. \u2013 Apja: vadadi Filep J\u00f3zsef. Testv\u00e9rei: F. Albert (Vaja, 1827. m\u00e1j. \u2013 Marosszentkir\u00e1ly, 1907 m\u00e1j. 16.), F. R\u00f3za Sik\u00f3 Mikl\u00f3sn\u00e9 (1821.? \u2013 Nagylak, 1900. \u00e1r. 23.). \u2013 A Mv.-i Ref. Koll. -nak aj\u00e1nd\u00e9kozta \u00e9desapja, hagyat\u00e9k\u00e1b\u00f3l r\u00e1maradt 839 m\u0171vet, melyek \u00e9rt\u00e9kes darabokat is tartalmaztak pl. \u0151snyomtatv\u00e1nyokat \u00e9s k\u00e9ziratokat [&hellip;]<\/p>\n","protected":false},"featured_media":0,"comment_status":"open","ping_status":"closed","template":"","meta":[],"product_brand":[],"product_cat":[137],"product_tag":[],"class_list":{"0":"post-8031","1":"product","2":"type-product","3":"status-publish","5":"product_cat-maros-megyei-eletrajzi-lexikon","7":"first","8":"instock","9":"shipping-taxable","10":"product-type-simple"},"_links":{"self":[{"href":"https:\/\/uj.adatbank.ro\/lexikon\/wp-json\/wp\/v2\/product\/8031","targetHints":{"allow":["GET"]}}],"collection":[{"href":"https:\/\/uj.adatbank.ro\/lexikon\/wp-json\/wp\/v2\/product"}],"about":[{"href":"https:\/\/uj.adatbank.ro\/lexikon\/wp-json\/wp\/v2\/types\/product"}],"replies":[{"embeddable":true,"href":"https:\/\/uj.adatbank.ro\/lexikon\/wp-json\/wp\/v2\/comments?post=8031"}],"wp:attachment":[{"href":"https:\/\/uj.adatbank.ro\/lexikon\/wp-json\/wp\/v2\/media?parent=8031"}],"wp:term":[{"taxonomy":"product_brand","embeddable":true,"href":"https:\/\/uj.adatbank.ro\/lexikon\/wp-json\/wp\/v2\/product_brand?post=8031"},{"taxonomy":"product_cat","embeddable":true,"href":"https:\/\/uj.adatbank.ro\/lexikon\/wp-json\/wp\/v2\/product_cat?post=8031"},{"taxonomy":"product_tag","embeddable":true,"href":"https:\/\/uj.adatbank.ro\/lexikon\/wp-json\/wp\/v2\/product_tag?post=8031"}],"curies":[{"name":"wp","href":"https:\/\/api.w.org\/{rel}","templated":true}]}}