{"id":8033,"date":"2025-06-29T10:12:12","date_gmt":"2025-06-29T08:12:12","guid":{"rendered":"https:\/\/uj.adatbank.ro\/lexikon\/termek\/filep-ferenc-vadadi\/"},"modified":"2025-06-29T10:12:12","modified_gmt":"2025-06-29T08:12:12","slug":"filep-ferenc-vadadi","status":"publish","type":"product","link":"https:\/\/uj.adatbank.ro\/lexikon\/termek\/filep-ferenc-vadadi\/","title":{"rendered":"FILEP Ferenc, vadadi"},"content":{"rendered":"<p>1806.? \u2020\u00a0Mv., 1871. febr. 14.: \u00fcgyv\u00e9d, b\u00edr\u00f3. Vaj\u00e1ban temett\u00e9k. \u2013 Feles\u00e9ge: Lajos Anna. Gyermekeik: Gyula \u00e9s Zsanett. \u2013 Marossz\u00e9ki t\u00f6rv\u00e9nysz\u00e9ki \u00fcln\u00f6k \u00e9s egyesb\u00edr\u00f3. <br \/><strong>Irod.:<\/strong> Gy\u00e1szjelent\u0151; Kempelen; Nagy Iv\u00e1n; P\u00e1lmay<\/br><\/p>\n","protected":false},"excerpt":{"rendered":"<p>1806.? \u2020\u00a0Mv., 1871. febr. 14.: \u00fcgyv\u00e9d, b\u00edr\u00f3. Vaj\u00e1ban temett\u00e9k. \u2013 Feles\u00e9ge: Lajos Anna. Gyermekeik: Gyula \u00e9s Zsanett. \u2013 Marossz\u00e9ki t\u00f6rv\u00e9nysz\u00e9ki \u00fcln\u00f6k \u00e9s egyesb\u00edr\u00f3. Irod.: Gy\u00e1szjelent\u0151; Kempelen; Nagy Iv\u00e1n; P\u00e1lmay<\/p>\n","protected":false},"featured_media":0,"comment_status":"open","ping_status":"closed","template":"","meta":[],"product_brand":[],"product_cat":[137],"product_tag":[],"class_list":{"0":"post-8033","1":"product","2":"type-product","3":"status-publish","5":"product_cat-maros-megyei-eletrajzi-lexikon","7":"first","8":"instock","9":"shipping-taxable","10":"product-type-simple"},"_links":{"self":[{"href":"https:\/\/uj.adatbank.ro\/lexikon\/wp-json\/wp\/v2\/product\/8033","targetHints":{"allow":["GET"]}}],"collection":[{"href":"https:\/\/uj.adatbank.ro\/lexikon\/wp-json\/wp\/v2\/product"}],"about":[{"href":"https:\/\/uj.adatbank.ro\/lexikon\/wp-json\/wp\/v2\/types\/product"}],"replies":[{"embeddable":true,"href":"https:\/\/uj.adatbank.ro\/lexikon\/wp-json\/wp\/v2\/comments?post=8033"}],"wp:attachment":[{"href":"https:\/\/uj.adatbank.ro\/lexikon\/wp-json\/wp\/v2\/media?parent=8033"}],"wp:term":[{"taxonomy":"product_brand","embeddable":true,"href":"https:\/\/uj.adatbank.ro\/lexikon\/wp-json\/wp\/v2\/product_brand?post=8033"},{"taxonomy":"product_cat","embeddable":true,"href":"https:\/\/uj.adatbank.ro\/lexikon\/wp-json\/wp\/v2\/product_cat?post=8033"},{"taxonomy":"product_tag","embeddable":true,"href":"https:\/\/uj.adatbank.ro\/lexikon\/wp-json\/wp\/v2\/product_tag?post=8033"}],"curies":[{"name":"wp","href":"https:\/\/api.w.org\/{rel}","templated":true}]}}