{"id":8034,"date":"2025-06-29T10:12:14","date_gmt":"2025-06-29T08:12:14","guid":{"rendered":"https:\/\/uj.adatbank.ro\/lexikon\/termek\/filep-gabor\/"},"modified":"2025-06-29T10:12:14","modified_gmt":"2025-06-29T08:12:14","slug":"filep-gabor","status":"publish","type":"product","link":"https:\/\/uj.adatbank.ro\/lexikon\/termek\/filep-gabor\/","title":{"rendered":"FILEP G\u00e1bor"},"content":{"rendered":"<p>Ikland, 1894., \u2020\u00a0?: f\u00f6ldbirtokos. \u2013 Feles\u00e9ge\u00a0: Bartha Lenke, tan\u00edt\u00f3n\u0151. \u2013 Tanulm\u00e1nyait sz\u00fcl\u0151faluj\u00e1ban \u00e9s a tordai f\u0151gimn.-ban v\u00e9gezte. Iklandon a f\u00f6ldbirtok\u00e1n gazd\u00e1lkodott. Az els\u0151 vh.-ban a 22. gy. ezred k\u00f6tel\u00e9k\u00e9ben mint hadapr\u00f3d \u0151rmester teljes\u00edtett szolg\u00e1latot. Az iklandi Gazdak\u00f6r \u00e9s a Tejsz\u00f6vetkezet vezet\u0151je volt. <br \/><strong>Irod.:<\/strong> Erd\u00e9lyi v\u00e1rmegy\u00e9k; Sz\u00e9kelyf\u00f6ld \u00ed. k<\/br><\/p>\n","protected":false},"excerpt":{"rendered":"<p>Ikland, 1894., \u2020\u00a0?: f\u00f6ldbirtokos. \u2013 Feles\u00e9ge\u00a0: Bartha Lenke, tan\u00edt\u00f3n\u0151. \u2013 Tanulm\u00e1nyait sz\u00fcl\u0151faluj\u00e1ban \u00e9s a tordai f\u0151gimn.-ban v\u00e9gezte. Iklandon a f\u00f6ldbirtok\u00e1n gazd\u00e1lkodott. Az els\u0151 vh.-ban a 22. gy. ezred k\u00f6tel\u00e9k\u00e9ben mint hadapr\u00f3d \u0151rmester teljes\u00edtett szolg\u00e1latot. Az iklandi Gazdak\u00f6r \u00e9s a Tejsz\u00f6vetkezet vezet\u0151je volt. Irod.: Erd\u00e9lyi v\u00e1rmegy\u00e9k; Sz\u00e9kelyf\u00f6ld \u00ed. k<\/p>\n","protected":false},"featured_media":0,"comment_status":"open","ping_status":"closed","template":"","meta":[],"product_brand":[],"product_cat":[137],"product_tag":[],"class_list":{"0":"post-8034","1":"product","2":"type-product","3":"status-publish","5":"product_cat-maros-megyei-eletrajzi-lexikon","7":"first","8":"instock","9":"shipping-taxable","10":"product-type-simple"},"_links":{"self":[{"href":"https:\/\/uj.adatbank.ro\/lexikon\/wp-json\/wp\/v2\/product\/8034","targetHints":{"allow":["GET"]}}],"collection":[{"href":"https:\/\/uj.adatbank.ro\/lexikon\/wp-json\/wp\/v2\/product"}],"about":[{"href":"https:\/\/uj.adatbank.ro\/lexikon\/wp-json\/wp\/v2\/types\/product"}],"replies":[{"embeddable":true,"href":"https:\/\/uj.adatbank.ro\/lexikon\/wp-json\/wp\/v2\/comments?post=8034"}],"wp:attachment":[{"href":"https:\/\/uj.adatbank.ro\/lexikon\/wp-json\/wp\/v2\/media?parent=8034"}],"wp:term":[{"taxonomy":"product_brand","embeddable":true,"href":"https:\/\/uj.adatbank.ro\/lexikon\/wp-json\/wp\/v2\/product_brand?post=8034"},{"taxonomy":"product_cat","embeddable":true,"href":"https:\/\/uj.adatbank.ro\/lexikon\/wp-json\/wp\/v2\/product_cat?post=8034"},{"taxonomy":"product_tag","embeddable":true,"href":"https:\/\/uj.adatbank.ro\/lexikon\/wp-json\/wp\/v2\/product_tag?post=8034"}],"curies":[{"name":"wp","href":"https:\/\/api.w.org\/{rel}","templated":true}]}}