{"id":8035,"date":"2025-06-29T10:12:15","date_gmt":"2025-06-29T08:12:15","guid":{"rendered":"https:\/\/uj.adatbank.ro\/lexikon\/termek\/filep-gabor-vadadi\/"},"modified":"2025-06-29T10:12:15","modified_gmt":"2025-06-29T08:12:15","slug":"filep-gabor-vadadi","status":"publish","type":"product","link":"https:\/\/uj.adatbank.ro\/lexikon\/termek\/filep-gabor-vadadi\/","title":{"rendered":"FILEP G\u00e1bor, vadadi"},"content":{"rendered":"<p>1885., \u2020\u00a01958.: f\u00f6ldbirtokos. \u2013 Feles\u00e9ge hossz\u00famezei Nagy Roz\u00e1lia. \u2013 Irod. : Filep<\/br><\/p>\n","protected":false},"excerpt":{"rendered":"<p>1885., \u2020\u00a01958.: f\u00f6ldbirtokos. \u2013 Feles\u00e9ge hossz\u00famezei Nagy Roz\u00e1lia. \u2013 Irod. : Filep<\/p>\n","protected":false},"featured_media":0,"comment_status":"open","ping_status":"closed","template":"","meta":[],"product_brand":[],"product_cat":[137],"product_tag":[],"class_list":{"0":"post-8035","1":"product","2":"type-product","3":"status-publish","5":"product_cat-maros-megyei-eletrajzi-lexikon","7":"first","8":"instock","9":"shipping-taxable","10":"product-type-simple"},"_links":{"self":[{"href":"https:\/\/uj.adatbank.ro\/lexikon\/wp-json\/wp\/v2\/product\/8035","targetHints":{"allow":["GET"]}}],"collection":[{"href":"https:\/\/uj.adatbank.ro\/lexikon\/wp-json\/wp\/v2\/product"}],"about":[{"href":"https:\/\/uj.adatbank.ro\/lexikon\/wp-json\/wp\/v2\/types\/product"}],"replies":[{"embeddable":true,"href":"https:\/\/uj.adatbank.ro\/lexikon\/wp-json\/wp\/v2\/comments?post=8035"}],"wp:attachment":[{"href":"https:\/\/uj.adatbank.ro\/lexikon\/wp-json\/wp\/v2\/media?parent=8035"}],"wp:term":[{"taxonomy":"product_brand","embeddable":true,"href":"https:\/\/uj.adatbank.ro\/lexikon\/wp-json\/wp\/v2\/product_brand?post=8035"},{"taxonomy":"product_cat","embeddable":true,"href":"https:\/\/uj.adatbank.ro\/lexikon\/wp-json\/wp\/v2\/product_cat?post=8035"},{"taxonomy":"product_tag","embeddable":true,"href":"https:\/\/uj.adatbank.ro\/lexikon\/wp-json\/wp\/v2\/product_tag?post=8035"}],"curies":[{"name":"wp","href":"https:\/\/api.w.org\/{rel}","templated":true}]}}