{"id":8036,"date":"2025-06-29T10:12:17","date_gmt":"2025-06-29T08:12:17","guid":{"rendered":"https:\/\/uj.adatbank.ro\/lexikon\/termek\/filep-gergely-vadadi\/"},"modified":"2025-06-29T10:12:17","modified_gmt":"2025-06-29T08:12:17","slug":"filep-gergely-vadadi","status":"publish","type":"product","link":"https:\/\/uj.adatbank.ro\/lexikon\/termek\/filep-gergely-vadadi\/","title":{"rendered":"FILEP Gergely, vadadi"},"content":{"rendered":"<p>megmentette Bem J\u00f3zsef t\u00e1bornok irom\u00e1nyait, h\u00e1l\u00f3sapk\u00e1j\u00e1t \u00e9s t\u00f6bb apr\u00f3s\u00e1g\u00e1t (1848\u201349). <br \/><strong>Irod.:<\/strong> P\u00e1lmay<\/br><\/p>\n","protected":false},"excerpt":{"rendered":"<p>megmentette Bem J\u00f3zsef t\u00e1bornok irom\u00e1nyait, h\u00e1l\u00f3sapk\u00e1j\u00e1t \u00e9s t\u00f6bb apr\u00f3s\u00e1g\u00e1t (1848\u201349). Irod.: P\u00e1lmay<\/p>\n","protected":false},"featured_media":0,"comment_status":"open","ping_status":"closed","template":"","meta":[],"product_brand":[],"product_cat":[137],"product_tag":[],"class_list":{"0":"post-8036","1":"product","2":"type-product","3":"status-publish","5":"product_cat-maros-megyei-eletrajzi-lexikon","7":"first","8":"instock","9":"shipping-taxable","10":"product-type-simple"},"_links":{"self":[{"href":"https:\/\/uj.adatbank.ro\/lexikon\/wp-json\/wp\/v2\/product\/8036","targetHints":{"allow":["GET"]}}],"collection":[{"href":"https:\/\/uj.adatbank.ro\/lexikon\/wp-json\/wp\/v2\/product"}],"about":[{"href":"https:\/\/uj.adatbank.ro\/lexikon\/wp-json\/wp\/v2\/types\/product"}],"replies":[{"embeddable":true,"href":"https:\/\/uj.adatbank.ro\/lexikon\/wp-json\/wp\/v2\/comments?post=8036"}],"wp:attachment":[{"href":"https:\/\/uj.adatbank.ro\/lexikon\/wp-json\/wp\/v2\/media?parent=8036"}],"wp:term":[{"taxonomy":"product_brand","embeddable":true,"href":"https:\/\/uj.adatbank.ro\/lexikon\/wp-json\/wp\/v2\/product_brand?post=8036"},{"taxonomy":"product_cat","embeddable":true,"href":"https:\/\/uj.adatbank.ro\/lexikon\/wp-json\/wp\/v2\/product_cat?post=8036"},{"taxonomy":"product_tag","embeddable":true,"href":"https:\/\/uj.adatbank.ro\/lexikon\/wp-json\/wp\/v2\/product_tag?post=8036"}],"curies":[{"name":"wp","href":"https:\/\/api.w.org\/{rel}","templated":true}]}}