{"id":8037,"date":"2025-06-29T10:12:18","date_gmt":"2025-06-29T08:12:18","guid":{"rendered":"https:\/\/uj.adatbank.ro\/lexikon\/termek\/filep-gyorgy-litteratti-gyorgy-vadadi-es-ikland-fulep-gyorgy\/"},"modified":"2025-06-29T10:12:18","modified_gmt":"2025-06-29T08:12:18","slug":"filep-gyorgy-litteratti-gyorgy-vadadi-es-ikland-fulep-gyorgy","status":"publish","type":"product","link":"https:\/\/uj.adatbank.ro\/lexikon\/termek\/filep-gyorgy-litteratti-gyorgy-vadadi-es-ikland-fulep-gyorgy\/","title":{"rendered":"FILEP Gy\u00f6rgy, Litteratti Gy\u00f6rgy, vadadi \u00e9s ikland, F\u00fclep Gy\u00f6rgy"},"content":{"rendered":"<p>? \u2020\u00a0? : nemes. \u2013 Vadadi nyert c\u00edmeres nemeslevelet (1574). <br \/><strong>Irod.:<\/strong> Buksa Ferenc: Adal\u00e9kok a csejdi csal\u00e1dok t\u00f6rt\u00e9net\u00e9hez = Marosszentgy\u00f6rgy; Csejd \u2013T\u00f3falva; Cs\u00edkfalva<\/br><\/p>\n","protected":false},"excerpt":{"rendered":"<p>? \u2020\u00a0? : nemes. \u2013 Vadadi nyert c\u00edmeres nemeslevelet (1574). Irod.: Buksa Ferenc: Adal\u00e9kok a csejdi csal\u00e1dok t\u00f6rt\u00e9net\u00e9hez = Marosszentgy\u00f6rgy; Csejd \u2013T\u00f3falva; Cs\u00edkfalva<\/p>\n","protected":false},"featured_media":0,"comment_status":"open","ping_status":"closed","template":"","meta":[],"product_brand":[],"product_cat":[137],"product_tag":[],"class_list":{"0":"post-8037","1":"product","2":"type-product","3":"status-publish","5":"product_cat-maros-megyei-eletrajzi-lexikon","7":"first","8":"instock","9":"shipping-taxable","10":"product-type-simple"},"_links":{"self":[{"href":"https:\/\/uj.adatbank.ro\/lexikon\/wp-json\/wp\/v2\/product\/8037","targetHints":{"allow":["GET"]}}],"collection":[{"href":"https:\/\/uj.adatbank.ro\/lexikon\/wp-json\/wp\/v2\/product"}],"about":[{"href":"https:\/\/uj.adatbank.ro\/lexikon\/wp-json\/wp\/v2\/types\/product"}],"replies":[{"embeddable":true,"href":"https:\/\/uj.adatbank.ro\/lexikon\/wp-json\/wp\/v2\/comments?post=8037"}],"wp:attachment":[{"href":"https:\/\/uj.adatbank.ro\/lexikon\/wp-json\/wp\/v2\/media?parent=8037"}],"wp:term":[{"taxonomy":"product_brand","embeddable":true,"href":"https:\/\/uj.adatbank.ro\/lexikon\/wp-json\/wp\/v2\/product_brand?post=8037"},{"taxonomy":"product_cat","embeddable":true,"href":"https:\/\/uj.adatbank.ro\/lexikon\/wp-json\/wp\/v2\/product_cat?post=8037"},{"taxonomy":"product_tag","embeddable":true,"href":"https:\/\/uj.adatbank.ro\/lexikon\/wp-json\/wp\/v2\/product_tag?post=8037"}],"curies":[{"name":"wp","href":"https:\/\/api.w.org\/{rel}","templated":true}]}}