{"id":8041,"date":"2025-06-29T10:12:30","date_gmt":"2025-06-29T08:12:30","guid":{"rendered":"https:\/\/uj.adatbank.ro\/lexikon\/termek\/filep-jozsef-vadadi\/"},"modified":"2025-06-29T10:12:30","modified_gmt":"2025-06-29T08:12:30","slug":"filep-jozsef-vadadi","status":"publish","type":"product","link":"https:\/\/uj.adatbank.ro\/lexikon\/termek\/filep-jozsef-vadadi\/","title":{"rendered":"FILEP J\u00f3zsef, vadadi"},"content":{"rendered":"<p>?, \u2020\u00a01780. dec.: iskolaigazgat\u00f3. \u2013 A tordai unit. iskola igazgat\u00f3ja (1778\u201380). Lemondott \u00e9s \u00e1tment a mv.-i kancell\u00e1ri\u00e1ra, a kir. T\u00e1bl\u00e1n dolgozott. H\u00edres \u00fcgyv\u00e9d (1780\u2013). <br \/><strong>Irod.:<\/strong> Becz\u00e9di G.: A tordai unit. algimn. Ig-i (Kereszt\u00e9ny magvet\u0151, 1889); Kelemen; K\u00e9nosi-Uzoni 1.<\/br><\/p>\n","protected":false},"excerpt":{"rendered":"<p>?, \u2020\u00a01780. dec.: iskolaigazgat\u00f3. \u2013 A tordai unit. iskola igazgat\u00f3ja (1778\u201380). Lemondott \u00e9s \u00e1tment a mv.-i kancell\u00e1ri\u00e1ra, a kir. T\u00e1bl\u00e1n dolgozott. H\u00edres \u00fcgyv\u00e9d (1780\u2013). Irod.: Becz\u00e9di G.: A tordai unit. algimn. Ig-i (Kereszt\u00e9ny magvet\u0151, 1889); Kelemen; K\u00e9nosi-Uzoni 1.<\/p>\n","protected":false},"featured_media":0,"comment_status":"open","ping_status":"closed","template":"","meta":[],"product_brand":[],"product_cat":[137],"product_tag":[],"class_list":{"0":"post-8041","1":"product","2":"type-product","3":"status-publish","5":"product_cat-maros-megyei-eletrajzi-lexikon","7":"first","8":"instock","9":"shipping-taxable","10":"product-type-simple"},"_links":{"self":[{"href":"https:\/\/uj.adatbank.ro\/lexikon\/wp-json\/wp\/v2\/product\/8041","targetHints":{"allow":["GET"]}}],"collection":[{"href":"https:\/\/uj.adatbank.ro\/lexikon\/wp-json\/wp\/v2\/product"}],"about":[{"href":"https:\/\/uj.adatbank.ro\/lexikon\/wp-json\/wp\/v2\/types\/product"}],"replies":[{"embeddable":true,"href":"https:\/\/uj.adatbank.ro\/lexikon\/wp-json\/wp\/v2\/comments?post=8041"}],"wp:attachment":[{"href":"https:\/\/uj.adatbank.ro\/lexikon\/wp-json\/wp\/v2\/media?parent=8041"}],"wp:term":[{"taxonomy":"product_brand","embeddable":true,"href":"https:\/\/uj.adatbank.ro\/lexikon\/wp-json\/wp\/v2\/product_brand?post=8041"},{"taxonomy":"product_cat","embeddable":true,"href":"https:\/\/uj.adatbank.ro\/lexikon\/wp-json\/wp\/v2\/product_cat?post=8041"},{"taxonomy":"product_tag","embeddable":true,"href":"https:\/\/uj.adatbank.ro\/lexikon\/wp-json\/wp\/v2\/product_tag?post=8041"}],"curies":[{"name":"wp","href":"https:\/\/api.w.org\/{rel}","templated":true}]}}