{"id":8042,"date":"2025-06-29T10:12:31","date_gmt":"2025-06-29T08:12:31","guid":{"rendered":"https:\/\/uj.adatbank.ro\/lexikon\/termek\/filep-jozsef-vadadi-iklandi-id-vadadi-filep-jozsef\/"},"modified":"2025-06-29T10:12:31","modified_gmt":"2025-06-29T08:12:31","slug":"filep-jozsef-vadadi-iklandi-id-vadadi-filep-jozsef","status":"publish","type":"product","link":"https:\/\/uj.adatbank.ro\/lexikon\/termek\/filep-jozsef-vadadi-iklandi-id-vadadi-filep-jozsef\/","title":{"rendered":"FILEP J\u00f3zsef, vadadi, iklandi id., Vadadi Filep J\u00f3zsef"},"content":{"rendered":"<p>Sz\u00e9kelyvaja, 1750., \u2020 Mv., 1818. \u00e1pr. 14. A mv.-i ref. temet\u0151ben tal\u00e1lhat\u00f3 a latin nyelv\u0171 s\u00edrfel\u00edrata: \u00fcgyv\u00e9d. \u2013 Feles\u00e9ge M\u00fcnkhler J\u00falia. Gyermekeik: Julianna (1787\u20131850); J\u00f3zsef (1790\u20131859); \u00c1gnes S\u00f3falvi J\u00f3zsefn\u00e9. \u2013 Mv.-i \u00fcgyv\u00e9d, tapasztalt, ismert \u00e9kessz\u00f3l\u00f3. <br \/><strong>Irod.:<\/strong> Csekme; Filep; Kr\u00f3n. F\u00fcz. (1939. 4\/9); P\u00e1lmay J\u00f3zsef; Rugonfalvi Kiss<\/br><\/p>\n","protected":false},"excerpt":{"rendered":"<p>Sz\u00e9kelyvaja, 1750., \u2020 Mv., 1818. \u00e1pr. 14. A mv.-i ref. temet\u0151ben tal\u00e1lhat\u00f3 a latin nyelv\u0171 s\u00edrfel\u00edrata: \u00fcgyv\u00e9d. \u2013 Feles\u00e9ge M\u00fcnkhler J\u00falia. Gyermekeik: Julianna (1787\u20131850); J\u00f3zsef (1790\u20131859); \u00c1gnes S\u00f3falvi J\u00f3zsefn\u00e9. \u2013 Mv.-i \u00fcgyv\u00e9d, tapasztalt, ismert \u00e9kessz\u00f3l\u00f3. Irod.: Csekme; Filep; Kr\u00f3n. F\u00fcz. (1939. 4\/9); P\u00e1lmay J\u00f3zsef; Rugonfalvi Kiss<\/p>\n","protected":false},"featured_media":0,"comment_status":"open","ping_status":"closed","template":"","meta":[],"product_brand":[],"product_cat":[137],"product_tag":[],"class_list":{"0":"post-8042","1":"product","2":"type-product","3":"status-publish","5":"product_cat-maros-megyei-eletrajzi-lexikon","7":"first","8":"instock","9":"shipping-taxable","10":"product-type-simple"},"_links":{"self":[{"href":"https:\/\/uj.adatbank.ro\/lexikon\/wp-json\/wp\/v2\/product\/8042","targetHints":{"allow":["GET"]}}],"collection":[{"href":"https:\/\/uj.adatbank.ro\/lexikon\/wp-json\/wp\/v2\/product"}],"about":[{"href":"https:\/\/uj.adatbank.ro\/lexikon\/wp-json\/wp\/v2\/types\/product"}],"replies":[{"embeddable":true,"href":"https:\/\/uj.adatbank.ro\/lexikon\/wp-json\/wp\/v2\/comments?post=8042"}],"wp:attachment":[{"href":"https:\/\/uj.adatbank.ro\/lexikon\/wp-json\/wp\/v2\/media?parent=8042"}],"wp:term":[{"taxonomy":"product_brand","embeddable":true,"href":"https:\/\/uj.adatbank.ro\/lexikon\/wp-json\/wp\/v2\/product_brand?post=8042"},{"taxonomy":"product_cat","embeddable":true,"href":"https:\/\/uj.adatbank.ro\/lexikon\/wp-json\/wp\/v2\/product_cat?post=8042"},{"taxonomy":"product_tag","embeddable":true,"href":"https:\/\/uj.adatbank.ro\/lexikon\/wp-json\/wp\/v2\/product_tag?post=8042"}],"curies":[{"name":"wp","href":"https:\/\/api.w.org\/{rel}","templated":true}]}}