{"id":8043,"date":"2025-06-29T10:12:35","date_gmt":"2025-06-29T08:12:35","guid":{"rendered":"https:\/\/uj.adatbank.ro\/lexikon\/termek\/filep-jozsef-vadadi-iklandi-vadadi-filep-jozsef\/"},"modified":"2025-06-29T10:12:35","modified_gmt":"2025-06-29T08:12:35","slug":"filep-jozsef-vadadi-iklandi-vadadi-filep-jozsef","status":"publish","type":"product","link":"https:\/\/uj.adatbank.ro\/lexikon\/termek\/filep-jozsef-vadadi-iklandi-vadadi-filep-jozsef\/","title":{"rendered":"FILEP J\u00f3zsef, vadadi, iklandi, Vadadi Filep J\u00f3zsef"},"content":{"rendered":"<p>Mv., 1789 v. 90., \u2020\u00a0Sz\u00e9kelyvaja, 1859. j\u00fan. 27.: \u00fcgyv\u00e9d, kir. tan\u00e1csos. \u2013 Feles\u00e9ge: D\u00e9zsi \/ De\u00e9si \/ D\u00e9si Katalin (1799.? \u2013 Sz\u00e9kelyvaja, 1868. szept. 23.). Gyermekeik: F. S\u00e1ndor; F. Albert; Roz\u00e1lia Sik\u00f3 Mikl\u00f3sn\u00e9 (1821- Nagylak, 1900. \u00e1pr. 23.); Eliz; Emilia; K\u00e1lm\u00e1n; Laura; Karolina. \u2013 Tanulm\u00e1nyait a mv.-i Ref. Koll.-ban \u00e9s Kv.-on az unit. f\u0151iskol\u00e1n v\u00e9gezte. \u00dcgyv\u00e9d Mv.-en 22 \u00e9vig. Jeles t\u00f6rv\u00e9nytud\u00f3s, kit\u0171n\u0151 \u201efiscusos \u00fcgy\u00e9sz\u201d volt, aki behat\u00f3an tanulm\u00e1nyozta az akkor \u00e9rv\u00e9nyes perrendtart\u00e1st. \u00d6sszegy\u0171jt\u00fctte \u00e9s kiadta az els\u0151 nyomtatott m. nyelv\u0171 t\u00f6rv\u00e9nykez\u00e9si \u00fatmutat\u00f3t Mv.-en (1831). El\u0151szavab\u00e1ban \u00edrta \u201eAz igazs\u00e1gnak h\u00e1rom ellens\u00e9ge van: a tudatlans\u00e1g, az \u00e9rz\u00e9ketlens\u00e9g \u00e9s a r\u00e9szrehajl\u00e1s. A t\u00f6rv\u00e9nytud\u00f3nak ezt a h\u00e1rom ellens\u00e9get sz\u00fcntelen \u0171z\u0151be kell tartani mert csak a t\u00f6rv\u00e9nytud\u00e1s az igazs\u00e1gnak kiszolg\u00e1l\u00f3ja\u201d. A kir. t\u00e1bl\u00e1n a k\u00f6z\u00fcgyek aligazgat\u00f3ja (1832\u2013), kir\u00e1lyi tan\u00e1csos (1844). A szabads\u00e1gharc lever\u00e9se ut\u00e1n nem v\u00e1llalt hivatalt. Vaj\u00e1ban a Filep, majd Tollas birtoknak volt a tulajdonosa. H\u00e1za k\u00e9tsz\u00e1z \u00e9ves, egyike a falu nevezetes \u00e9p\u00fcleteinek. A gy\u00fcm\u00f6lcs\u00e9szet nagy kedvel\u0151je. B\u00e9csbe cenzur\u00e1zni k\u00fcld\u00f6tt munk\u00e1ja: A gyulafeh\u00e9rv\u00e1ri k\u00e1ptalan levelez\u00e9seinek lajstroma (1845), m\u00e1solatban maradt fenn k\u00e9ziratban, m\u00e1sik m\u0171ve a Praxis judiciara elveszett (1846). \u00cdrt b\u00f6lcseleti munk\u00e1kat, verseket is. Sz\u00e1mos munk\u00e1ja, k\u00f6zt\u00fck meglep\u00f4en sz\u00e9p versei kiadatlanok. \u2013 <strong>F. m.:<\/strong> T\u00f6rv\u00e9nybeli gyakorl\u00e1s mutat\u00f3 t\u00e1bl\u00e1ja (Mv., 1831). <br \/><strong>Irod.:<\/strong> Benk\u0151; Filep; Guly\u00e1s; Gy\u00e1szjelent.; Kr\u00f3n F\u00fcz. 1938\/ 3; P\u00e1lmay; Rugonfalvi Kiss; Szinnyei<\/br><\/p>\n","protected":false},"excerpt":{"rendered":"<p>Mv., 1789 v. 90., \u2020\u00a0Sz\u00e9kelyvaja, 1859. j\u00fan. 27.: \u00fcgyv\u00e9d, kir. tan\u00e1csos. \u2013 Feles\u00e9ge: D\u00e9zsi \/ De\u00e9si \/ D\u00e9si Katalin (1799.? \u2013 Sz\u00e9kelyvaja, 1868. szept. 23.). Gyermekeik: F. S\u00e1ndor; F. Albert; Roz\u00e1lia Sik\u00f3 Mikl\u00f3sn\u00e9 (1821- Nagylak, 1900. \u00e1pr. 23.); Eliz; Emilia; K\u00e1lm\u00e1n; Laura; Karolina. \u2013 Tanulm\u00e1nyait a mv.-i Ref. Koll.-ban \u00e9s Kv.-on az unit. f\u0151iskol\u00e1n v\u00e9gezte. [&hellip;]<\/p>\n","protected":false},"featured_media":0,"comment_status":"open","ping_status":"closed","template":"","meta":[],"product_brand":[],"product_cat":[137],"product_tag":[],"class_list":{"0":"post-8043","1":"product","2":"type-product","3":"status-publish","5":"product_cat-maros-megyei-eletrajzi-lexikon","7":"first","8":"instock","9":"shipping-taxable","10":"product-type-simple"},"_links":{"self":[{"href":"https:\/\/uj.adatbank.ro\/lexikon\/wp-json\/wp\/v2\/product\/8043","targetHints":{"allow":["GET"]}}],"collection":[{"href":"https:\/\/uj.adatbank.ro\/lexikon\/wp-json\/wp\/v2\/product"}],"about":[{"href":"https:\/\/uj.adatbank.ro\/lexikon\/wp-json\/wp\/v2\/types\/product"}],"replies":[{"embeddable":true,"href":"https:\/\/uj.adatbank.ro\/lexikon\/wp-json\/wp\/v2\/comments?post=8043"}],"wp:attachment":[{"href":"https:\/\/uj.adatbank.ro\/lexikon\/wp-json\/wp\/v2\/media?parent=8043"}],"wp:term":[{"taxonomy":"product_brand","embeddable":true,"href":"https:\/\/uj.adatbank.ro\/lexikon\/wp-json\/wp\/v2\/product_brand?post=8043"},{"taxonomy":"product_cat","embeddable":true,"href":"https:\/\/uj.adatbank.ro\/lexikon\/wp-json\/wp\/v2\/product_cat?post=8043"},{"taxonomy":"product_tag","embeddable":true,"href":"https:\/\/uj.adatbank.ro\/lexikon\/wp-json\/wp\/v2\/product_tag?post=8043"}],"curies":[{"name":"wp","href":"https:\/\/api.w.org\/{rel}","templated":true}]}}