{"id":8047,"date":"2025-06-29T10:12:40","date_gmt":"2025-06-29T08:12:40","guid":{"rendered":"https:\/\/uj.adatbank.ro\/lexikon\/termek\/filep-kalman-vadadi-es-iklandi\/"},"modified":"2025-06-29T10:12:40","modified_gmt":"2025-06-29T08:12:40","slug":"filep-kalman-vadadi-es-iklandi","status":"publish","type":"product","link":"https:\/\/uj.adatbank.ro\/lexikon\/termek\/filep-kalman-vadadi-es-iklandi\/","title":{"rendered":"FILEP K\u00e1lm\u00e1n, vadadi \u00e9s iklandi"},"content":{"rendered":"<p>Ikland, 1874. okt. 5., \u2020 Mv., 1931. m\u00e1j. 5., Iklandon temett\u00e9k el.: mez\u0151gazdas\u00e1gi m\u00e9rn\u00f6k, int\u00e9z\u0151. \u2013 Feles\u00e9ge Barab\u00e1sy Erzs\u00e9bet. \u2013 Agr\u00e1rm\u00e9rn\u00f6k (1893). Br. Kem\u00e9ny K\u00e1lm\u00e1n int\u00e9z\u0151je volt, az uradalom j\u00f3sz\u00e1gigazgat\u00f3ja Marosv\u00e9csen, gazdatiszt \u00e9s l\u00f3teny\u00e9szt\u0151. <br \/><strong>Irod.:<\/strong> Barab\u00e1ssy csal\u00e1di inf.; Filep<\/br><\/p>\n","protected":false},"excerpt":{"rendered":"<p>Ikland, 1874. okt. 5., \u2020 Mv., 1931. m\u00e1j. 5., Iklandon temett\u00e9k el.: mez\u0151gazdas\u00e1gi m\u00e9rn\u00f6k, int\u00e9z\u0151. \u2013 Feles\u00e9ge Barab\u00e1sy Erzs\u00e9bet. \u2013 Agr\u00e1rm\u00e9rn\u00f6k (1893). Br. Kem\u00e9ny K\u00e1lm\u00e1n int\u00e9z\u0151je volt, az uradalom j\u00f3sz\u00e1gigazgat\u00f3ja Marosv\u00e9csen, gazdatiszt \u00e9s l\u00f3teny\u00e9szt\u0151. Irod.: Barab\u00e1ssy csal\u00e1di inf.; Filep<\/p>\n","protected":false},"featured_media":0,"comment_status":"open","ping_status":"closed","template":"","meta":[],"product_brand":[],"product_cat":[137],"product_tag":[],"class_list":{"0":"post-8047","1":"product","2":"type-product","3":"status-publish","5":"product_cat-maros-megyei-eletrajzi-lexikon","7":"first","8":"instock","9":"shipping-taxable","10":"product-type-simple"},"_links":{"self":[{"href":"https:\/\/uj.adatbank.ro\/lexikon\/wp-json\/wp\/v2\/product\/8047","targetHints":{"allow":["GET"]}}],"collection":[{"href":"https:\/\/uj.adatbank.ro\/lexikon\/wp-json\/wp\/v2\/product"}],"about":[{"href":"https:\/\/uj.adatbank.ro\/lexikon\/wp-json\/wp\/v2\/types\/product"}],"replies":[{"embeddable":true,"href":"https:\/\/uj.adatbank.ro\/lexikon\/wp-json\/wp\/v2\/comments?post=8047"}],"wp:attachment":[{"href":"https:\/\/uj.adatbank.ro\/lexikon\/wp-json\/wp\/v2\/media?parent=8047"}],"wp:term":[{"taxonomy":"product_brand","embeddable":true,"href":"https:\/\/uj.adatbank.ro\/lexikon\/wp-json\/wp\/v2\/product_brand?post=8047"},{"taxonomy":"product_cat","embeddable":true,"href":"https:\/\/uj.adatbank.ro\/lexikon\/wp-json\/wp\/v2\/product_cat?post=8047"},{"taxonomy":"product_tag","embeddable":true,"href":"https:\/\/uj.adatbank.ro\/lexikon\/wp-json\/wp\/v2\/product_tag?post=8047"}],"curies":[{"name":"wp","href":"https:\/\/api.w.org\/{rel}","templated":true}]}}