{"id":8048,"date":"2025-06-29T10:12:43","date_gmt":"2025-06-29T08:12:43","guid":{"rendered":"https:\/\/uj.adatbank.ro\/lexikon\/termek\/filep-lajos-vadadi\/"},"modified":"2025-06-29T10:12:43","modified_gmt":"2025-06-29T08:12:43","slug":"filep-lajos-vadadi","status":"publish","type":"product","link":"https:\/\/uj.adatbank.ro\/lexikon\/termek\/filep-lajos-vadadi\/","title":{"rendered":"FILEP Lajos, vadadi"},"content":{"rendered":"<p>1822. j\u00fal. 31., \u2020\u00a0? : rend\u0151rf\u0151n\u00f6k. \u2013 F. Andr\u00e1s (1798.? \u2013 Mv., 1846. dec. 20.) \u00e9s Kun Rachel fia. Feles\u00e9ge Raff Karolina. \u2013 Mv.-en v\u00e1rosi rend\u0151rf\u0151n\u00f6k. <br \/><strong>Irod.:<\/strong> Filep; Gy\u00e1szjelent\u0151<\/br><\/p>\n","protected":false},"excerpt":{"rendered":"<p>1822. j\u00fal. 31., \u2020\u00a0? : rend\u0151rf\u0151n\u00f6k. \u2013 F. Andr\u00e1s (1798.? \u2013 Mv., 1846. dec. 20.) \u00e9s Kun Rachel fia. Feles\u00e9ge Raff Karolina. \u2013 Mv.-en v\u00e1rosi rend\u0151rf\u0151n\u00f6k. Irod.: Filep; Gy\u00e1szjelent\u0151<\/p>\n","protected":false},"featured_media":0,"comment_status":"open","ping_status":"closed","template":"","meta":[],"product_brand":[],"product_cat":[137],"product_tag":[],"class_list":{"0":"post-8048","1":"product","2":"type-product","3":"status-publish","5":"product_cat-maros-megyei-eletrajzi-lexikon","7":"first","8":"instock","9":"shipping-taxable","10":"product-type-simple"},"_links":{"self":[{"href":"https:\/\/uj.adatbank.ro\/lexikon\/wp-json\/wp\/v2\/product\/8048","targetHints":{"allow":["GET"]}}],"collection":[{"href":"https:\/\/uj.adatbank.ro\/lexikon\/wp-json\/wp\/v2\/product"}],"about":[{"href":"https:\/\/uj.adatbank.ro\/lexikon\/wp-json\/wp\/v2\/types\/product"}],"replies":[{"embeddable":true,"href":"https:\/\/uj.adatbank.ro\/lexikon\/wp-json\/wp\/v2\/comments?post=8048"}],"wp:attachment":[{"href":"https:\/\/uj.adatbank.ro\/lexikon\/wp-json\/wp\/v2\/media?parent=8048"}],"wp:term":[{"taxonomy":"product_brand","embeddable":true,"href":"https:\/\/uj.adatbank.ro\/lexikon\/wp-json\/wp\/v2\/product_brand?post=8048"},{"taxonomy":"product_cat","embeddable":true,"href":"https:\/\/uj.adatbank.ro\/lexikon\/wp-json\/wp\/v2\/product_cat?post=8048"},{"taxonomy":"product_tag","embeddable":true,"href":"https:\/\/uj.adatbank.ro\/lexikon\/wp-json\/wp\/v2\/product_tag?post=8048"}],"curies":[{"name":"wp","href":"https:\/\/api.w.org\/{rel}","templated":true}]}}