{"id":8050,"date":"2025-06-29T10:12:47","date_gmt":"2025-06-29T08:12:47","guid":{"rendered":"https:\/\/uj.adatbank.ro\/lexikon\/termek\/filep-levente-bertalan\/"},"modified":"2025-06-29T10:12:47","modified_gmt":"2025-06-29T08:12:47","slug":"filep-levente-bertalan","status":"publish","type":"product","link":"https:\/\/uj.adatbank.ro\/lexikon\/termek\/filep-levente-bertalan\/","title":{"rendered":"FILEP Levente-Bertalan"},"content":{"rendered":"<p>Mv., 1945., \u2020\u00a0Sepsisztgy\u00f6rgy, 2002. m\u00e1j. 21., eltemetve Mv.-en: \u00e9p\u00edt\u00e9szm\u00e9rn\u00f6k. \u2013 A sepsisztgy\u00f6rgyi Tervez\u0151 Int\u00e9zetben dolgozott. <br \/><strong>Irod.:<\/strong> [Nekrol\u00f3g] (N\u00fa., 2002. m\u00e1j. 23.)<\/br><\/p>\n","protected":false},"excerpt":{"rendered":"<p>Mv., 1945., \u2020\u00a0Sepsisztgy\u00f6rgy, 2002. m\u00e1j. 21., eltemetve Mv.-en: \u00e9p\u00edt\u00e9szm\u00e9rn\u00f6k. \u2013 A sepsisztgy\u00f6rgyi Tervez\u0151 Int\u00e9zetben dolgozott. Irod.: [Nekrol\u00f3g] (N\u00fa., 2002. m\u00e1j. 23.)<\/p>\n","protected":false},"featured_media":0,"comment_status":"open","ping_status":"closed","template":"","meta":[],"product_brand":[],"product_cat":[137],"product_tag":[],"class_list":{"0":"post-8050","1":"product","2":"type-product","3":"status-publish","5":"product_cat-maros-megyei-eletrajzi-lexikon","7":"first","8":"instock","9":"shipping-taxable","10":"product-type-simple"},"_links":{"self":[{"href":"https:\/\/uj.adatbank.ro\/lexikon\/wp-json\/wp\/v2\/product\/8050","targetHints":{"allow":["GET"]}}],"collection":[{"href":"https:\/\/uj.adatbank.ro\/lexikon\/wp-json\/wp\/v2\/product"}],"about":[{"href":"https:\/\/uj.adatbank.ro\/lexikon\/wp-json\/wp\/v2\/types\/product"}],"replies":[{"embeddable":true,"href":"https:\/\/uj.adatbank.ro\/lexikon\/wp-json\/wp\/v2\/comments?post=8050"}],"wp:attachment":[{"href":"https:\/\/uj.adatbank.ro\/lexikon\/wp-json\/wp\/v2\/media?parent=8050"}],"wp:term":[{"taxonomy":"product_brand","embeddable":true,"href":"https:\/\/uj.adatbank.ro\/lexikon\/wp-json\/wp\/v2\/product_brand?post=8050"},{"taxonomy":"product_cat","embeddable":true,"href":"https:\/\/uj.adatbank.ro\/lexikon\/wp-json\/wp\/v2\/product_cat?post=8050"},{"taxonomy":"product_tag","embeddable":true,"href":"https:\/\/uj.adatbank.ro\/lexikon\/wp-json\/wp\/v2\/product_tag?post=8050"}],"curies":[{"name":"wp","href":"https:\/\/api.w.org\/{rel}","templated":true}]}}