{"id":8051,"date":"2025-06-29T10:12:48","date_gmt":"2025-06-29T08:12:48","guid":{"rendered":"https:\/\/uj.adatbank.ro\/lexikon\/termek\/filep-mihaly\/"},"modified":"2025-06-29T10:12:48","modified_gmt":"2025-06-29T08:12:48","slug":"filep-mihaly","status":"publish","type":"product","link":"https:\/\/uj.adatbank.ro\/lexikon\/termek\/filep-mihaly\/","title":{"rendered":"FILEP Mih\u00e1ly"},"content":{"rendered":"<p>? \u2020\u00a0? : m\u00e9sz\u00e1ros, c\u00e9hmester, b\u00e9rl\u0151, esk\u00fcdt. \u2013 A mv.-i esk\u00fcdt k\u00f6z\u00f6ns\u00e9g tagja (1761), utcakapit\u00e1ny (1761). A v\u00e1rbeli n\u00e9gy sokadalom egyik b\u00e9rl\u0151je (1762), k\u00f6zv\u00e1dl\u00f3 (1764). Val\u00f3sz\u00edn\u0171 \u0151 az, aki k\u00e9t textili\u00e1t \u00e9s \u00f3nkann\u00e1t is aj\u00e1nd\u00e9kozott a nagyteremi ref. gy\u00fclekezetnek (1746. dec. 7.). <br \/><strong>Irod.:<\/strong> K\u00fck\u00fcll\u0151i Ref. Egyh\u00e1zm. 4.; P\u00e1l-Antal 2006; P\u00e1l-Antal 2009<\/br><\/p>\n","protected":false},"excerpt":{"rendered":"<p>? \u2020\u00a0? : m\u00e9sz\u00e1ros, c\u00e9hmester, b\u00e9rl\u0151, esk\u00fcdt. \u2013 A mv.-i esk\u00fcdt k\u00f6z\u00f6ns\u00e9g tagja (1761), utcakapit\u00e1ny (1761). A v\u00e1rbeli n\u00e9gy sokadalom egyik b\u00e9rl\u0151je (1762), k\u00f6zv\u00e1dl\u00f3 (1764). Val\u00f3sz\u00edn\u0171 \u0151 az, aki k\u00e9t textili\u00e1t \u00e9s \u00f3nkann\u00e1t is aj\u00e1nd\u00e9kozott a nagyteremi ref. gy\u00fclekezetnek (1746. dec. 7.). Irod.: K\u00fck\u00fcll\u0151i Ref. Egyh\u00e1zm. 4.; P\u00e1l-Antal 2006; P\u00e1l-Antal 2009<\/p>\n","protected":false},"featured_media":0,"comment_status":"open","ping_status":"closed","template":"","meta":[],"product_brand":[],"product_cat":[137],"product_tag":[],"class_list":{"0":"post-8051","1":"product","2":"type-product","3":"status-publish","5":"product_cat-maros-megyei-eletrajzi-lexikon","7":"first","8":"instock","9":"shipping-taxable","10":"product-type-simple"},"_links":{"self":[{"href":"https:\/\/uj.adatbank.ro\/lexikon\/wp-json\/wp\/v2\/product\/8051","targetHints":{"allow":["GET"]}}],"collection":[{"href":"https:\/\/uj.adatbank.ro\/lexikon\/wp-json\/wp\/v2\/product"}],"about":[{"href":"https:\/\/uj.adatbank.ro\/lexikon\/wp-json\/wp\/v2\/types\/product"}],"replies":[{"embeddable":true,"href":"https:\/\/uj.adatbank.ro\/lexikon\/wp-json\/wp\/v2\/comments?post=8051"}],"wp:attachment":[{"href":"https:\/\/uj.adatbank.ro\/lexikon\/wp-json\/wp\/v2\/media?parent=8051"}],"wp:term":[{"taxonomy":"product_brand","embeddable":true,"href":"https:\/\/uj.adatbank.ro\/lexikon\/wp-json\/wp\/v2\/product_brand?post=8051"},{"taxonomy":"product_cat","embeddable":true,"href":"https:\/\/uj.adatbank.ro\/lexikon\/wp-json\/wp\/v2\/product_cat?post=8051"},{"taxonomy":"product_tag","embeddable":true,"href":"https:\/\/uj.adatbank.ro\/lexikon\/wp-json\/wp\/v2\/product_tag?post=8051"}],"curies":[{"name":"wp","href":"https:\/\/api.w.org\/{rel}","templated":true}]}}