{"id":8052,"date":"2025-06-29T10:12:50","date_gmt":"2025-06-29T08:12:50","guid":{"rendered":"https:\/\/uj.adatbank.ro\/lexikon\/termek\/filep-mihaly-vadadi-iklandi-id\/"},"modified":"2025-06-29T10:12:50","modified_gmt":"2025-06-29T08:12:50","slug":"filep-mihaly-vadadi-iklandi-id","status":"publish","type":"product","link":"https:\/\/uj.adatbank.ro\/lexikon\/termek\/filep-mihaly-vadadi-iklandi-id\/","title":{"rendered":"FILEP Mih\u00e1ly, vadadi, iklandi, id."},"content":{"rendered":"<p>1760., ? \u2020\u00a01811.: jegyz\u0151, birtokos nemes. \u2013 Feles\u00e9ge: Nyir\u0151 Borb\u00e1la. \u2013 Csejdi birtokos. Csejden a ref. -ok templom\u00e9p\u00edt\u00e9s c\u00e9lj\u00e1ra szerz\u0151d\u00e9ses alapon elcser\u00e9ltek vele k\u00e9t bels\u0151s\u00e9get (1780), mert az \u0151 birtokr\u00e9sze megfelelt a templom \u00faj hely\u00e9nek. Csejden, mint nemes csal\u00e1dnak, voltak jobb\u00e1gyai \u00e9s \/ vagy zsell\u00e9rei (1785). N\u00f3t\u00e1rius (rendes jegyz\u0151) Mv.-en (1798). <br \/><strong>Irod.:<\/strong> Csejd \u2013T\u00f3falva; Filep; Kr\u00f3n. F\u00fcz. (1939. 4\/9)<\/br><\/p>\n","protected":false},"excerpt":{"rendered":"<p>1760., ? \u2020\u00a01811.: jegyz\u0151, birtokos nemes. \u2013 Feles\u00e9ge: Nyir\u0151 Borb\u00e1la. \u2013 Csejdi birtokos. Csejden a ref. -ok templom\u00e9p\u00edt\u00e9s c\u00e9lj\u00e1ra szerz\u0151d\u00e9ses alapon elcser\u00e9ltek vele k\u00e9t bels\u0151s\u00e9get (1780), mert az \u0151 birtokr\u00e9sze megfelelt a templom \u00faj hely\u00e9nek. Csejden, mint nemes csal\u00e1dnak, voltak jobb\u00e1gyai \u00e9s \/ vagy zsell\u00e9rei (1785). N\u00f3t\u00e1rius (rendes jegyz\u0151) Mv.-en (1798). Irod.: Csejd \u2013T\u00f3falva; Filep; [&hellip;]<\/p>\n","protected":false},"featured_media":0,"comment_status":"open","ping_status":"closed","template":"","meta":[],"product_brand":[],"product_cat":[137],"product_tag":[],"class_list":{"0":"post-8052","1":"product","2":"type-product","3":"status-publish","5":"product_cat-maros-megyei-eletrajzi-lexikon","7":"first","8":"instock","9":"shipping-taxable","10":"product-type-simple"},"_links":{"self":[{"href":"https:\/\/uj.adatbank.ro\/lexikon\/wp-json\/wp\/v2\/product\/8052","targetHints":{"allow":["GET"]}}],"collection":[{"href":"https:\/\/uj.adatbank.ro\/lexikon\/wp-json\/wp\/v2\/product"}],"about":[{"href":"https:\/\/uj.adatbank.ro\/lexikon\/wp-json\/wp\/v2\/types\/product"}],"replies":[{"embeddable":true,"href":"https:\/\/uj.adatbank.ro\/lexikon\/wp-json\/wp\/v2\/comments?post=8052"}],"wp:attachment":[{"href":"https:\/\/uj.adatbank.ro\/lexikon\/wp-json\/wp\/v2\/media?parent=8052"}],"wp:term":[{"taxonomy":"product_brand","embeddable":true,"href":"https:\/\/uj.adatbank.ro\/lexikon\/wp-json\/wp\/v2\/product_brand?post=8052"},{"taxonomy":"product_cat","embeddable":true,"href":"https:\/\/uj.adatbank.ro\/lexikon\/wp-json\/wp\/v2\/product_cat?post=8052"},{"taxonomy":"product_tag","embeddable":true,"href":"https:\/\/uj.adatbank.ro\/lexikon\/wp-json\/wp\/v2\/product_tag?post=8052"}],"curies":[{"name":"wp","href":"https:\/\/api.w.org\/{rel}","templated":true}]}}