{"id":8053,"date":"2025-06-29T10:12:52","date_gmt":"2025-06-29T08:12:52","guid":{"rendered":"https:\/\/uj.adatbank.ro\/lexikon\/termek\/filep-miklos-karoly-vadadi\/"},"modified":"2025-06-29T10:12:52","modified_gmt":"2025-06-29T08:12:52","slug":"filep-miklos-karoly-vadadi","status":"publish","type":"product","link":"https:\/\/uj.adatbank.ro\/lexikon\/termek\/filep-miklos-karoly-vadadi\/","title":{"rendered":"FILEP Mikl\u00f3s K\u00e1roly, vadadi"},"content":{"rendered":"<p>Mv., 1916., \u2020\u00a0Bp., 2005. m\u00e1j. 1.: jog\u00e1sz. \u2013 Feles\u00e9ge: L\u0151rinczy Ibolya. \u2013 Sz\u00fcl\u0151v\u00e1ros\u00e1ban \u00e9retts\u00e9gizett, Kv.-on jogot v\u00e9gzett \u00e9s doktor\u00e1lt (1938\u201344). Katona (1944\u201345), hadifogoly a Szovjetuni\u00f3ban (1945\u201347). V\u00e9rtesen, majd a Bp.-i Kert\u00e9szeti Kutat\u00f3 Int\u00e9zetben dolgozott nyugd\u00edjaz\u00e1s\u00e1ig (1977). <br \/><strong>Irod.:<\/strong> Filep<\/br><\/p>\n","protected":false},"excerpt":{"rendered":"<p>Mv., 1916., \u2020\u00a0Bp., 2005. m\u00e1j. 1.: jog\u00e1sz. \u2013 Feles\u00e9ge: L\u0151rinczy Ibolya. \u2013 Sz\u00fcl\u0151v\u00e1ros\u00e1ban \u00e9retts\u00e9gizett, Kv.-on jogot v\u00e9gzett \u00e9s doktor\u00e1lt (1938\u201344). Katona (1944\u201345), hadifogoly a Szovjetuni\u00f3ban (1945\u201347). V\u00e9rtesen, majd a Bp.-i Kert\u00e9szeti Kutat\u00f3 Int\u00e9zetben dolgozott nyugd\u00edjaz\u00e1s\u00e1ig (1977). Irod.: Filep<\/p>\n","protected":false},"featured_media":0,"comment_status":"open","ping_status":"closed","template":"","meta":[],"product_brand":[],"product_cat":[137],"product_tag":[],"class_list":{"0":"post-8053","1":"product","2":"type-product","3":"status-publish","5":"product_cat-maros-megyei-eletrajzi-lexikon","7":"first","8":"instock","9":"shipping-taxable","10":"product-type-simple"},"_links":{"self":[{"href":"https:\/\/uj.adatbank.ro\/lexikon\/wp-json\/wp\/v2\/product\/8053","targetHints":{"allow":["GET"]}}],"collection":[{"href":"https:\/\/uj.adatbank.ro\/lexikon\/wp-json\/wp\/v2\/product"}],"about":[{"href":"https:\/\/uj.adatbank.ro\/lexikon\/wp-json\/wp\/v2\/types\/product"}],"replies":[{"embeddable":true,"href":"https:\/\/uj.adatbank.ro\/lexikon\/wp-json\/wp\/v2\/comments?post=8053"}],"wp:attachment":[{"href":"https:\/\/uj.adatbank.ro\/lexikon\/wp-json\/wp\/v2\/media?parent=8053"}],"wp:term":[{"taxonomy":"product_brand","embeddable":true,"href":"https:\/\/uj.adatbank.ro\/lexikon\/wp-json\/wp\/v2\/product_brand?post=8053"},{"taxonomy":"product_cat","embeddable":true,"href":"https:\/\/uj.adatbank.ro\/lexikon\/wp-json\/wp\/v2\/product_cat?post=8053"},{"taxonomy":"product_tag","embeddable":true,"href":"https:\/\/uj.adatbank.ro\/lexikon\/wp-json\/wp\/v2\/product_tag?post=8053"}],"curies":[{"name":"wp","href":"https:\/\/api.w.org\/{rel}","templated":true}]}}