{"id":8055,"date":"2025-06-29T10:12:58","date_gmt":"2025-06-29T08:12:58","guid":{"rendered":"https:\/\/uj.adatbank.ro\/lexikon\/termek\/filep-peter-fulop-peter-vadadi-iklandi\/"},"modified":"2025-06-29T10:12:58","modified_gmt":"2025-06-29T08:12:58","slug":"filep-peter-fulop-peter-vadadi-iklandi","status":"publish","type":"product","link":"https:\/\/uj.adatbank.ro\/lexikon\/termek\/filep-peter-fulop-peter-vadadi-iklandi\/","title":{"rendered":"FILEP P\u00e9ter, F\u00fcl\u00f6p P\u00e9ter, vadadi, iklandi"},"content":{"rendered":"<p>? \u2020\u00a0? : megyeb\u00edr\u00f3, f\u00f6ldbirtokos. \u2013 Feles\u00e9ge: L\u0151rinczy Ibolya. \u2013 A csal\u00e1d nagy birtokot \u00e9s nemess\u00e9get szerzett (1500-as \u00e9vekben), \u00e9s egyik \u00e1ga Sz\u00e9kesen lakott. Ide k\u00f6lt\u00f6z\u00f6tt (1874) \u00e9s \u00e9lte le \u00e9let\u00e9t, sz\u00e9kesi megyeb\u00edr\u00f3 volt. Napl\u00f3ja \u00e9s feljegyz\u00e9sei \u00e9rt\u00e9kes adatokat szolg\u00e1ltatnak napjainkban is. <br \/><strong>Irod.:<\/strong> Csejd \u2013T\u00f3falva; Sz\u00e9kes<\/br><\/p>\n","protected":false},"excerpt":{"rendered":"<p>? \u2020\u00a0? : megyeb\u00edr\u00f3, f\u00f6ldbirtokos. \u2013 Feles\u00e9ge: L\u0151rinczy Ibolya. \u2013 A csal\u00e1d nagy birtokot \u00e9s nemess\u00e9get szerzett (1500-as \u00e9vekben), \u00e9s egyik \u00e1ga Sz\u00e9kesen lakott. Ide k\u00f6lt\u00f6z\u00f6tt (1874) \u00e9s \u00e9lte le \u00e9let\u00e9t, sz\u00e9kesi megyeb\u00edr\u00f3 volt. Napl\u00f3ja \u00e9s feljegyz\u00e9sei \u00e9rt\u00e9kes adatokat szolg\u00e1ltatnak napjainkban is. Irod.: Csejd \u2013T\u00f3falva; Sz\u00e9kes<\/p>\n","protected":false},"featured_media":0,"comment_status":"open","ping_status":"closed","template":"","meta":[],"product_brand":[],"product_cat":[137],"product_tag":[],"class_list":{"0":"post-8055","1":"product","2":"type-product","3":"status-publish","5":"product_cat-maros-megyei-eletrajzi-lexikon","7":"first","8":"instock","9":"shipping-taxable","10":"product-type-simple"},"_links":{"self":[{"href":"https:\/\/uj.adatbank.ro\/lexikon\/wp-json\/wp\/v2\/product\/8055","targetHints":{"allow":["GET"]}}],"collection":[{"href":"https:\/\/uj.adatbank.ro\/lexikon\/wp-json\/wp\/v2\/product"}],"about":[{"href":"https:\/\/uj.adatbank.ro\/lexikon\/wp-json\/wp\/v2\/types\/product"}],"replies":[{"embeddable":true,"href":"https:\/\/uj.adatbank.ro\/lexikon\/wp-json\/wp\/v2\/comments?post=8055"}],"wp:attachment":[{"href":"https:\/\/uj.adatbank.ro\/lexikon\/wp-json\/wp\/v2\/media?parent=8055"}],"wp:term":[{"taxonomy":"product_brand","embeddable":true,"href":"https:\/\/uj.adatbank.ro\/lexikon\/wp-json\/wp\/v2\/product_brand?post=8055"},{"taxonomy":"product_cat","embeddable":true,"href":"https:\/\/uj.adatbank.ro\/lexikon\/wp-json\/wp\/v2\/product_cat?post=8055"},{"taxonomy":"product_tag","embeddable":true,"href":"https:\/\/uj.adatbank.ro\/lexikon\/wp-json\/wp\/v2\/product_tag?post=8055"}],"curies":[{"name":"wp","href":"https:\/\/api.w.org\/{rel}","templated":true}]}}