{"id":8061,"date":"2025-06-29T10:13:09","date_gmt":"2025-06-29T08:13:09","guid":{"rendered":"https:\/\/uj.adatbank.ro\/lexikon\/termek\/filep-samuel-vadadi-2\/"},"modified":"2025-06-29T10:13:09","modified_gmt":"2025-06-29T08:13:09","slug":"filep-samuel-vadadi-2","status":"publish","type":"product","link":"https:\/\/uj.adatbank.ro\/lexikon\/termek\/filep-samuel-vadadi-2\/","title":{"rendered":"FILEP S\u00e1muel, vadadi"},"content":{"rendered":"<p>1881., \u2020\u00a0Ikland, 1950. dec. 11.: polg\u00e1rmester. \u2013 Feles\u00e9ge Balogh Katalin (1890\u20131972). \u2013 Ikland k\u00f6zs\u00e9g polg\u00e1rmestere. <br \/><strong>Irod.:<\/strong> Filep<\/br><\/p>\n","protected":false},"excerpt":{"rendered":"<p>1881., \u2020\u00a0Ikland, 1950. dec. 11.: polg\u00e1rmester. \u2013 Feles\u00e9ge Balogh Katalin (1890\u20131972). \u2013 Ikland k\u00f6zs\u00e9g polg\u00e1rmestere. Irod.: Filep<\/p>\n","protected":false},"featured_media":0,"comment_status":"open","ping_status":"closed","template":"","meta":[],"product_brand":[],"product_cat":[137],"product_tag":[],"class_list":{"0":"post-8061","1":"product","2":"type-product","3":"status-publish","5":"product_cat-maros-megyei-eletrajzi-lexikon","7":"first","8":"instock","9":"shipping-taxable","10":"product-type-simple"},"_links":{"self":[{"href":"https:\/\/uj.adatbank.ro\/lexikon\/wp-json\/wp\/v2\/product\/8061","targetHints":{"allow":["GET"]}}],"collection":[{"href":"https:\/\/uj.adatbank.ro\/lexikon\/wp-json\/wp\/v2\/product"}],"about":[{"href":"https:\/\/uj.adatbank.ro\/lexikon\/wp-json\/wp\/v2\/types\/product"}],"replies":[{"embeddable":true,"href":"https:\/\/uj.adatbank.ro\/lexikon\/wp-json\/wp\/v2\/comments?post=8061"}],"wp:attachment":[{"href":"https:\/\/uj.adatbank.ro\/lexikon\/wp-json\/wp\/v2\/media?parent=8061"}],"wp:term":[{"taxonomy":"product_brand","embeddable":true,"href":"https:\/\/uj.adatbank.ro\/lexikon\/wp-json\/wp\/v2\/product_brand?post=8061"},{"taxonomy":"product_cat","embeddable":true,"href":"https:\/\/uj.adatbank.ro\/lexikon\/wp-json\/wp\/v2\/product_cat?post=8061"},{"taxonomy":"product_tag","embeddable":true,"href":"https:\/\/uj.adatbank.ro\/lexikon\/wp-json\/wp\/v2\/product_tag?post=8061"}],"curies":[{"name":"wp","href":"https:\/\/api.w.org\/{rel}","templated":true}]}}