{"id":8063,"date":"2025-06-29T10:13:12","date_gmt":"2025-06-29T08:13:12","guid":{"rendered":"https:\/\/uj.adatbank.ro\/lexikon\/termek\/filep-sandor-vadadi-iklandi\/"},"modified":"2025-06-29T10:13:12","modified_gmt":"2025-06-29T08:13:12","slug":"filep-sandor-vadadi-iklandi","status":"publish","type":"product","link":"https:\/\/uj.adatbank.ro\/lexikon\/termek\/filep-sandor-vadadi-iklandi\/","title":{"rendered":"FILEP S\u00e1ndor, vadadi, iklandi"},"content":{"rendered":"<p>1822., \u2020\u00a01906.: f\u0151hadnagy, sz\u00e1zados. sz\u00e1zados a marossz\u00e9ki 87. Honv\u00e9dz\u00e1szl\u00f3aljban (1848\u201349). Gazd\u00e1lkod\u00f3 Sz\u00e9kelyvaj\u00e1ban. Majd miniszt\u00e9riumi tan\u00e1csosk\u00e9nt Bud\u00e1n \u00e9lt (1890). <br \/><strong>Irod.:<\/strong> Filep<\/br><\/p>\n","protected":false},"excerpt":{"rendered":"<p>1822., \u2020\u00a01906.: f\u0151hadnagy, sz\u00e1zados. sz\u00e1zados a marossz\u00e9ki 87. Honv\u00e9dz\u00e1szl\u00f3aljban (1848\u201349). Gazd\u00e1lkod\u00f3 Sz\u00e9kelyvaj\u00e1ban. Majd miniszt\u00e9riumi tan\u00e1csosk\u00e9nt Bud\u00e1n \u00e9lt (1890). Irod.: Filep<\/p>\n","protected":false},"featured_media":0,"comment_status":"open","ping_status":"closed","template":"","meta":[],"product_brand":[],"product_cat":[137],"product_tag":[],"class_list":{"0":"post-8063","1":"product","2":"type-product","3":"status-publish","5":"product_cat-maros-megyei-eletrajzi-lexikon","7":"first","8":"instock","9":"shipping-taxable","10":"product-type-simple"},"_links":{"self":[{"href":"https:\/\/uj.adatbank.ro\/lexikon\/wp-json\/wp\/v2\/product\/8063","targetHints":{"allow":["GET"]}}],"collection":[{"href":"https:\/\/uj.adatbank.ro\/lexikon\/wp-json\/wp\/v2\/product"}],"about":[{"href":"https:\/\/uj.adatbank.ro\/lexikon\/wp-json\/wp\/v2\/types\/product"}],"replies":[{"embeddable":true,"href":"https:\/\/uj.adatbank.ro\/lexikon\/wp-json\/wp\/v2\/comments?post=8063"}],"wp:attachment":[{"href":"https:\/\/uj.adatbank.ro\/lexikon\/wp-json\/wp\/v2\/media?parent=8063"}],"wp:term":[{"taxonomy":"product_brand","embeddable":true,"href":"https:\/\/uj.adatbank.ro\/lexikon\/wp-json\/wp\/v2\/product_brand?post=8063"},{"taxonomy":"product_cat","embeddable":true,"href":"https:\/\/uj.adatbank.ro\/lexikon\/wp-json\/wp\/v2\/product_cat?post=8063"},{"taxonomy":"product_tag","embeddable":true,"href":"https:\/\/uj.adatbank.ro\/lexikon\/wp-json\/wp\/v2\/product_tag?post=8063"}],"curies":[{"name":"wp","href":"https:\/\/api.w.org\/{rel}","templated":true}]}}