{"id":8066,"date":"2025-06-29T10:13:19","date_gmt":"2025-06-29T08:13:19","guid":{"rendered":"https:\/\/uj.adatbank.ro\/lexikon\/termek\/filep-zsigmond-vadadi-vadadi-filep-zsigmond\/"},"modified":"2025-06-29T10:13:19","modified_gmt":"2025-06-29T08:13:19","slug":"filep-zsigmond-vadadi-vadadi-filep-zsigmond","status":"publish","type":"product","link":"https:\/\/uj.adatbank.ro\/lexikon\/termek\/filep-zsigmond-vadadi-vadadi-filep-zsigmond\/","title":{"rendered":"FILEP Zsigmond, vadadi; Vadadi Filep Zsigmond"},"content":{"rendered":"<p>1888., \u2020\u00a0? : tan\u00edt\u00f3. \u2013 A tan\u00edt\u00f3k\u00e9pz\u0151t Nagyenyeden v\u00e9gezte, mint tan\u00edt\u00f3 Vad\u00e1szon kezdte m\u0171k\u00f6d\u00e9s\u00e9t, majd Erd\u0151szengyelen tan\u00edtott (1940\u2013). Az els\u0151 vh.-ban a 22. gy. ezeredben mint \u00f6nk\u00e9ntes szakaszvezet\u0151 harcolt, megsebes\u00fclt. <br \/><strong>Irod.:<\/strong> Sz\u00e9kelyf\u00f6ld \u00ed. k<\/br><\/p>\n","protected":false},"excerpt":{"rendered":"<p>1888., \u2020\u00a0? : tan\u00edt\u00f3. \u2013 A tan\u00edt\u00f3k\u00e9pz\u0151t Nagyenyeden v\u00e9gezte, mint tan\u00edt\u00f3 Vad\u00e1szon kezdte m\u0171k\u00f6d\u00e9s\u00e9t, majd Erd\u0151szengyelen tan\u00edtott (1940\u2013). Az els\u0151 vh.-ban a 22. gy. ezeredben mint \u00f6nk\u00e9ntes szakaszvezet\u0151 harcolt, megsebes\u00fclt. Irod.: Sz\u00e9kelyf\u00f6ld \u00ed. k<\/p>\n","protected":false},"featured_media":0,"comment_status":"open","ping_status":"closed","template":"","meta":[],"product_brand":[],"product_cat":[137],"product_tag":[],"class_list":{"0":"post-8066","1":"product","2":"type-product","3":"status-publish","5":"product_cat-maros-megyei-eletrajzi-lexikon","7":"first","8":"instock","9":"shipping-taxable","10":"product-type-simple"},"_links":{"self":[{"href":"https:\/\/uj.adatbank.ro\/lexikon\/wp-json\/wp\/v2\/product\/8066","targetHints":{"allow":["GET"]}}],"collection":[{"href":"https:\/\/uj.adatbank.ro\/lexikon\/wp-json\/wp\/v2\/product"}],"about":[{"href":"https:\/\/uj.adatbank.ro\/lexikon\/wp-json\/wp\/v2\/types\/product"}],"replies":[{"embeddable":true,"href":"https:\/\/uj.adatbank.ro\/lexikon\/wp-json\/wp\/v2\/comments?post=8066"}],"wp:attachment":[{"href":"https:\/\/uj.adatbank.ro\/lexikon\/wp-json\/wp\/v2\/media?parent=8066"}],"wp:term":[{"taxonomy":"product_brand","embeddable":true,"href":"https:\/\/uj.adatbank.ro\/lexikon\/wp-json\/wp\/v2\/product_brand?post=8066"},{"taxonomy":"product_cat","embeddable":true,"href":"https:\/\/uj.adatbank.ro\/lexikon\/wp-json\/wp\/v2\/product_cat?post=8066"},{"taxonomy":"product_tag","embeddable":true,"href":"https:\/\/uj.adatbank.ro\/lexikon\/wp-json\/wp\/v2\/product_tag?post=8066"}],"curies":[{"name":"wp","href":"https:\/\/api.w.org\/{rel}","templated":true}]}}