{"id":8069,"date":"2025-06-29T10:13:23","date_gmt":"2025-06-29T08:13:23","guid":{"rendered":"https:\/\/uj.adatbank.ro\/lexikon\/termek\/filip-alexandru\/"},"modified":"2025-06-29T10:13:23","modified_gmt":"2025-06-29T08:13:23","slug":"filip-alexandru","status":"publish","type":"product","link":"https:\/\/uj.adatbank.ro\/lexikon\/termek\/filip-alexandru\/","title":{"rendered":"FILIP Alexandru"},"content":{"rendered":"<p>B\u00e9lbor, 1907. nov. 11. \u2020 Mv., ? : \u00fcgyv\u00e9d. \u2013 Jogi tanulm\u00e1nyokat v\u00e9gzett. Marosh\u00e9v\u00edzen polg\u00e1rmester (1936\u201337), majd \u00fcgyv\u00e9d. Mv.-en azonos nev\u0171 egy\u00e9n tan\u00edtott a kereskedelmi iskol\u00e1ban (1948\u201349). A n\u00e9pi demokratikus rendszer ellenz\u0151je volt, ny\u00edltan agit\u00e1lt ellene. Letart\u00f3ztatt\u00e1k, \u00e9s k\u00e9t \u00e9v b\u00f6rt\u00f6nre \u00edt\u00e9lt\u00e9k, amit a Duna\u2013Fekete tengeri csatorn\u00e1n\u00e1l lev\u0151 gy\u0171jt\u0151t\u00e1borban t\u00f6lt\u00f6tt le (1952\u201354). Kiszabadul\u00e1sa ut\u00e1n m\u00e9g hevesebben t\u00e1madta a rendszert, szidta a korm\u00e1nyt. Mv. -re telepedett, ahol az ADAS jogtan\u00e1csosa lett. A p\u00e1rt \u00e9s az \u00e1llam ellenes tev\u00e9kenys\u00e9g\u00e9\u00e9rt \u00fajb\u00f3l letart\u00f3ztatt\u00e1k, b\u00f6rt\u00f6nbe z\u00e1rt\u00e1k, 2 \u00e9vre (1960. \u00e1pr. 21. \u2013). <br \/><strong>Irod.:<\/strong> \u00c1ldozatok; \u00cenv. comercial econ.<\/br><\/p>\n","protected":false},"excerpt":{"rendered":"<p>B\u00e9lbor, 1907. nov. 11. \u2020 Mv., ? : \u00fcgyv\u00e9d. \u2013 Jogi tanulm\u00e1nyokat v\u00e9gzett. Marosh\u00e9v\u00edzen polg\u00e1rmester (1936\u201337), majd \u00fcgyv\u00e9d. Mv.-en azonos nev\u0171 egy\u00e9n tan\u00edtott a kereskedelmi iskol\u00e1ban (1948\u201349). A n\u00e9pi demokratikus rendszer ellenz\u0151je volt, ny\u00edltan agit\u00e1lt ellene. Letart\u00f3ztatt\u00e1k, \u00e9s k\u00e9t \u00e9v b\u00f6rt\u00f6nre \u00edt\u00e9lt\u00e9k, amit a Duna\u2013Fekete tengeri csatorn\u00e1n\u00e1l lev\u0151 gy\u0171jt\u0151t\u00e1borban t\u00f6lt\u00f6tt le (1952\u201354). Kiszabadul\u00e1sa ut\u00e1n m\u00e9g [&hellip;]<\/p>\n","protected":false},"featured_media":0,"comment_status":"open","ping_status":"closed","template":"","meta":[],"product_brand":[],"product_cat":[137],"product_tag":[],"class_list":{"0":"post-8069","1":"product","2":"type-product","3":"status-publish","5":"product_cat-maros-megyei-eletrajzi-lexikon","7":"first","8":"instock","9":"shipping-taxable","10":"product-type-simple"},"_links":{"self":[{"href":"https:\/\/uj.adatbank.ro\/lexikon\/wp-json\/wp\/v2\/product\/8069","targetHints":{"allow":["GET"]}}],"collection":[{"href":"https:\/\/uj.adatbank.ro\/lexikon\/wp-json\/wp\/v2\/product"}],"about":[{"href":"https:\/\/uj.adatbank.ro\/lexikon\/wp-json\/wp\/v2\/types\/product"}],"replies":[{"embeddable":true,"href":"https:\/\/uj.adatbank.ro\/lexikon\/wp-json\/wp\/v2\/comments?post=8069"}],"wp:attachment":[{"href":"https:\/\/uj.adatbank.ro\/lexikon\/wp-json\/wp\/v2\/media?parent=8069"}],"wp:term":[{"taxonomy":"product_brand","embeddable":true,"href":"https:\/\/uj.adatbank.ro\/lexikon\/wp-json\/wp\/v2\/product_brand?post=8069"},{"taxonomy":"product_cat","embeddable":true,"href":"https:\/\/uj.adatbank.ro\/lexikon\/wp-json\/wp\/v2\/product_cat?post=8069"},{"taxonomy":"product_tag","embeddable":true,"href":"https:\/\/uj.adatbank.ro\/lexikon\/wp-json\/wp\/v2\/product_tag?post=8069"}],"curies":[{"name":"wp","href":"https:\/\/api.w.org\/{rel}","templated":true}]}}