{"id":8072,"date":"2025-06-29T10:13:30","date_gmt":"2025-06-29T08:13:30","guid":{"rendered":"https:\/\/uj.adatbank.ro\/lexikon\/termek\/filka-andrei\/"},"modified":"2025-06-29T10:13:30","modified_gmt":"2025-06-29T08:13:30","slug":"filka-andrei","status":"publish","type":"product","link":"https:\/\/uj.adatbank.ro\/lexikon\/termek\/filka-andrei\/","title":{"rendered":"FILKA Andrei"},"content":{"rendered":"<p>? \u2020\u00a0? : f\u0151hadnagy. \u2013 Erd\u0151szentgy\u00f6rgy\u00f6n volt a rajoni securitate hadnagya (1954\u2013), Mv.-en a Securitate Tartom\u00e1nyi Igazgat\u00f3s\u00e1g\u00e1n f\u0151hadnagy (1964), A MOGYI megfigyel\u00e9s\u00e9nek vezet\u0151je. <br \/><strong>Irod.:<\/strong> Bartos 2012<\/br><\/p>\n","protected":false},"excerpt":{"rendered":"<p>? \u2020\u00a0? : f\u0151hadnagy. \u2013 Erd\u0151szentgy\u00f6rgy\u00f6n volt a rajoni securitate hadnagya (1954\u2013), Mv.-en a Securitate Tartom\u00e1nyi Igazgat\u00f3s\u00e1g\u00e1n f\u0151hadnagy (1964), A MOGYI megfigyel\u00e9s\u00e9nek vezet\u0151je. Irod.: Bartos 2012<\/p>\n","protected":false},"featured_media":0,"comment_status":"open","ping_status":"closed","template":"","meta":[],"product_brand":[],"product_cat":[137],"product_tag":[],"class_list":{"0":"post-8072","1":"product","2":"type-product","3":"status-publish","5":"product_cat-maros-megyei-eletrajzi-lexikon","7":"first","8":"instock","9":"shipping-taxable","10":"product-type-simple"},"_links":{"self":[{"href":"https:\/\/uj.adatbank.ro\/lexikon\/wp-json\/wp\/v2\/product\/8072","targetHints":{"allow":["GET"]}}],"collection":[{"href":"https:\/\/uj.adatbank.ro\/lexikon\/wp-json\/wp\/v2\/product"}],"about":[{"href":"https:\/\/uj.adatbank.ro\/lexikon\/wp-json\/wp\/v2\/types\/product"}],"replies":[{"embeddable":true,"href":"https:\/\/uj.adatbank.ro\/lexikon\/wp-json\/wp\/v2\/comments?post=8072"}],"wp:attachment":[{"href":"https:\/\/uj.adatbank.ro\/lexikon\/wp-json\/wp\/v2\/media?parent=8072"}],"wp:term":[{"taxonomy":"product_brand","embeddable":true,"href":"https:\/\/uj.adatbank.ro\/lexikon\/wp-json\/wp\/v2\/product_brand?post=8072"},{"taxonomy":"product_cat","embeddable":true,"href":"https:\/\/uj.adatbank.ro\/lexikon\/wp-json\/wp\/v2\/product_cat?post=8072"},{"taxonomy":"product_tag","embeddable":true,"href":"https:\/\/uj.adatbank.ro\/lexikon\/wp-json\/wp\/v2\/product_tag?post=8072"}],"curies":[{"name":"wp","href":"https:\/\/api.w.org\/{rel}","templated":true}]}}