{"id":8073,"date":"2025-06-29T10:13:31","date_gmt":"2025-06-29T08:13:31","guid":{"rendered":"https:\/\/uj.adatbank.ro\/lexikon\/termek\/filkenius-bartolomeus\/"},"modified":"2025-06-29T10:13:31","modified_gmt":"2025-06-29T08:13:31","slug":"filkenius-bartolomeus","status":"publish","type":"product","link":"https:\/\/uj.adatbank.ro\/lexikon\/termek\/filkenius-bartolomeus\/","title":{"rendered":"FILKENIUS Bartolomeus"},"content":{"rendered":"<p>? \u2020 1655.: sz\u00e1sz ev. lelk\u00e9sz. \u2013 Brass\u00f3ban \u00e9s Heidelbergben tanult. Seg\u00e9dlelk\u00e9sz (1618\u2013), lelk\u00e9sz Netuson (1620\u2013), K\u0151halomban (1623\u2013), v\u00e1rosi lelk\u00e9sz Segesv\u00e1ron (1647\u2013). <br \/><strong>Irod.:<\/strong> Kraus: Erd\u00e9lyi kr\u00f3nika<\/br><\/p>\n","protected":false},"excerpt":{"rendered":"<p>? \u2020 1655.: sz\u00e1sz ev. lelk\u00e9sz. \u2013 Brass\u00f3ban \u00e9s Heidelbergben tanult. Seg\u00e9dlelk\u00e9sz (1618\u2013), lelk\u00e9sz Netuson (1620\u2013), K\u0151halomban (1623\u2013), v\u00e1rosi lelk\u00e9sz Segesv\u00e1ron (1647\u2013). Irod.: Kraus: Erd\u00e9lyi kr\u00f3nika<\/p>\n","protected":false},"featured_media":0,"comment_status":"open","ping_status":"closed","template":"","meta":[],"product_brand":[],"product_cat":[137],"product_tag":[],"class_list":{"0":"post-8073","1":"product","2":"type-product","3":"status-publish","5":"product_cat-maros-megyei-eletrajzi-lexikon","7":"first","8":"instock","9":"shipping-taxable","10":"product-type-simple"},"_links":{"self":[{"href":"https:\/\/uj.adatbank.ro\/lexikon\/wp-json\/wp\/v2\/product\/8073","targetHints":{"allow":["GET"]}}],"collection":[{"href":"https:\/\/uj.adatbank.ro\/lexikon\/wp-json\/wp\/v2\/product"}],"about":[{"href":"https:\/\/uj.adatbank.ro\/lexikon\/wp-json\/wp\/v2\/types\/product"}],"replies":[{"embeddable":true,"href":"https:\/\/uj.adatbank.ro\/lexikon\/wp-json\/wp\/v2\/comments?post=8073"}],"wp:attachment":[{"href":"https:\/\/uj.adatbank.ro\/lexikon\/wp-json\/wp\/v2\/media?parent=8073"}],"wp:term":[{"taxonomy":"product_brand","embeddable":true,"href":"https:\/\/uj.adatbank.ro\/lexikon\/wp-json\/wp\/v2\/product_brand?post=8073"},{"taxonomy":"product_cat","embeddable":true,"href":"https:\/\/uj.adatbank.ro\/lexikon\/wp-json\/wp\/v2\/product_cat?post=8073"},{"taxonomy":"product_tag","embeddable":true,"href":"https:\/\/uj.adatbank.ro\/lexikon\/wp-json\/wp\/v2\/product_tag?post=8073"}],"curies":[{"name":"wp","href":"https:\/\/api.w.org\/{rel}","templated":true}]}}