{"id":8074,"date":"2025-06-29T10:13:32","date_gmt":"2025-06-29T08:13:32","guid":{"rendered":"https:\/\/uj.adatbank.ro\/lexikon\/termek\/filkenius-bartolomeus-filkenius-bertalan\/"},"modified":"2025-06-29T10:13:32","modified_gmt":"2025-06-29T08:13:32","slug":"filkenius-bartolomeus-filkenius-bertalan","status":"publish","type":"product","link":"https:\/\/uj.adatbank.ro\/lexikon\/termek\/filkenius-bartolomeus-filkenius-bertalan\/","title":{"rendered":"FILKENIUS Bartolomeus; Filkenius Bertalan"},"content":{"rendered":"<p>Segesv\u00e1r, 1650., \u2020 Segesv\u00e1r, 1693. dec. 3.: ev. lelk\u00e9sz, iskola igazgat\u00f3. \u2013 Tanult Segesv\u00e1ron, Vittenbergben (1669\u201371). Hazat\u00e9rve Segesv\u00e1ron rektor (1677. \u00e1pr. 21. \u2013 1678. m\u00e1j. 18.); h\u00e9tf\u0151i pr\u00e9dik\u00e1tor; majd Apoldi pap (1678\u2013). \u2013 <strong>F. m.:<\/strong> Disputatio de vita aeterna (Witenbergae, 1669); Respondes De bonis operibus (Witenbergae, 1671). <br \/><strong>Irod.:<\/strong> Guly\u00e1s; RMK; Szinnyei; Zov\u00e1nyi<\/br><\/p>\n","protected":false},"excerpt":{"rendered":"<p>Segesv\u00e1r, 1650., \u2020 Segesv\u00e1r, 1693. dec. 3.: ev. lelk\u00e9sz, iskola igazgat\u00f3. \u2013 Tanult Segesv\u00e1ron, Vittenbergben (1669\u201371). Hazat\u00e9rve Segesv\u00e1ron rektor (1677. \u00e1pr. 21. \u2013 1678. m\u00e1j. 18.); h\u00e9tf\u0151i pr\u00e9dik\u00e1tor; majd Apoldi pap (1678\u2013). \u2013 F. m.: Disputatio de vita aeterna (Witenbergae, 1669); Respondes De bonis operibus (Witenbergae, 1671). Irod.: Guly\u00e1s; RMK; Szinnyei; Zov\u00e1nyi<\/p>\n","protected":false},"featured_media":0,"comment_status":"open","ping_status":"closed","template":"","meta":[],"product_brand":[],"product_cat":[137],"product_tag":[],"class_list":{"0":"post-8074","1":"product","2":"type-product","3":"status-publish","5":"product_cat-maros-megyei-eletrajzi-lexikon","7":"first","8":"instock","9":"shipping-taxable","10":"product-type-simple"},"_links":{"self":[{"href":"https:\/\/uj.adatbank.ro\/lexikon\/wp-json\/wp\/v2\/product\/8074","targetHints":{"allow":["GET"]}}],"collection":[{"href":"https:\/\/uj.adatbank.ro\/lexikon\/wp-json\/wp\/v2\/product"}],"about":[{"href":"https:\/\/uj.adatbank.ro\/lexikon\/wp-json\/wp\/v2\/types\/product"}],"replies":[{"embeddable":true,"href":"https:\/\/uj.adatbank.ro\/lexikon\/wp-json\/wp\/v2\/comments?post=8074"}],"wp:attachment":[{"href":"https:\/\/uj.adatbank.ro\/lexikon\/wp-json\/wp\/v2\/media?parent=8074"}],"wp:term":[{"taxonomy":"product_brand","embeddable":true,"href":"https:\/\/uj.adatbank.ro\/lexikon\/wp-json\/wp\/v2\/product_brand?post=8074"},{"taxonomy":"product_cat","embeddable":true,"href":"https:\/\/uj.adatbank.ro\/lexikon\/wp-json\/wp\/v2\/product_cat?post=8074"},{"taxonomy":"product_tag","embeddable":true,"href":"https:\/\/uj.adatbank.ro\/lexikon\/wp-json\/wp\/v2\/product_tag?post=8074"}],"curies":[{"name":"wp","href":"https:\/\/api.w.org\/{rel}","templated":true}]}}