{"id":8078,"date":"2025-06-29T10:13:41","date_gmt":"2025-06-29T08:13:41","guid":{"rendered":"https:\/\/uj.adatbank.ro\/lexikon\/termek\/filotas-lili-tamas-h-istvanne-kovats-sandorne\/"},"modified":"2025-06-29T10:13:41","modified_gmt":"2025-06-29T08:13:41","slug":"filotas-lili-tamas-h-istvanne-kovats-sandorne","status":"publish","type":"product","link":"https:\/\/uj.adatbank.ro\/lexikon\/termek\/filotas-lili-tamas-h-istvanne-kovats-sandorne\/","title":{"rendered":"FIL\u00d3T\u00c1S Lili, Tam\u00e1s H. Istv\u00e1nn\u00e9; Kov\u00e1ts S\u00e1ndorn\u00e9"},"content":{"rendered":"<p>Mv., 1906\/14., \u2020 ? : r\u00e1di\u00f3bemond\u00f3. \u2013 Tanult Bp.-en. A m. r\u00e1di\u00f3 els\u0151 n\u0151i bemond\u00f3ja. Megind\u00edtotta a Bpter. Rundschau c. idegenforgalmi foly\u00f3iratot (1936), Hung\u00e1ria Magazin c.-en jelent meg (1937\u201344). Tagja a M. Sajt\u00f3kamar\u00e1nak. <br \/><strong>Irod.:<\/strong> Guly\u00e1s<\/br><\/p>\n","protected":false},"excerpt":{"rendered":"<p>Mv., 1906\/14., \u2020 ? : r\u00e1di\u00f3bemond\u00f3. \u2013 Tanult Bp.-en. A m. r\u00e1di\u00f3 els\u0151 n\u0151i bemond\u00f3ja. Megind\u00edtotta a Bpter. Rundschau c. idegenforgalmi foly\u00f3iratot (1936), Hung\u00e1ria Magazin c.-en jelent meg (1937\u201344). Tagja a M. Sajt\u00f3kamar\u00e1nak. Irod.: Guly\u00e1s<\/p>\n","protected":false},"featured_media":0,"comment_status":"open","ping_status":"closed","template":"","meta":[],"product_brand":[],"product_cat":[137],"product_tag":[],"class_list":{"0":"post-8078","1":"product","2":"type-product","3":"status-publish","5":"product_cat-maros-megyei-eletrajzi-lexikon","7":"first","8":"instock","9":"shipping-taxable","10":"product-type-simple"},"_links":{"self":[{"href":"https:\/\/uj.adatbank.ro\/lexikon\/wp-json\/wp\/v2\/product\/8078","targetHints":{"allow":["GET"]}}],"collection":[{"href":"https:\/\/uj.adatbank.ro\/lexikon\/wp-json\/wp\/v2\/product"}],"about":[{"href":"https:\/\/uj.adatbank.ro\/lexikon\/wp-json\/wp\/v2\/types\/product"}],"replies":[{"embeddable":true,"href":"https:\/\/uj.adatbank.ro\/lexikon\/wp-json\/wp\/v2\/comments?post=8078"}],"wp:attachment":[{"href":"https:\/\/uj.adatbank.ro\/lexikon\/wp-json\/wp\/v2\/media?parent=8078"}],"wp:term":[{"taxonomy":"product_brand","embeddable":true,"href":"https:\/\/uj.adatbank.ro\/lexikon\/wp-json\/wp\/v2\/product_brand?post=8078"},{"taxonomy":"product_cat","embeddable":true,"href":"https:\/\/uj.adatbank.ro\/lexikon\/wp-json\/wp\/v2\/product_cat?post=8078"},{"taxonomy":"product_tag","embeddable":true,"href":"https:\/\/uj.adatbank.ro\/lexikon\/wp-json\/wp\/v2\/product_tag?post=8078"}],"curies":[{"name":"wp","href":"https:\/\/api.w.org\/{rel}","templated":true}]}}