{"id":8079,"date":"2025-06-29T10:13:43","date_gmt":"2025-06-29T08:13:43","guid":{"rendered":"https:\/\/uj.adatbank.ro\/lexikon\/termek\/fincu-iosif-fink-jozsef\/"},"modified":"2025-06-29T10:13:43","modified_gmt":"2025-06-29T08:13:43","slug":"fincu-iosif-fink-jozsef","status":"publish","type":"product","link":"https:\/\/uj.adatbank.ro\/lexikon\/termek\/fincu-iosif-fink-jozsef\/","title":{"rendered":"FINCU Iosif, Fink J\u00f3zsef"},"content":{"rendered":"<p>D\u00e9da, 1838., \u2020 D\u00e9da, 1911.: postamester \u00e9s jegyz\u0151. \u2013 Egyik megalap\u00edt\u00f3ja a d\u00e9dai Mure\u015fana Banknak (1885), aki r\u00e9szt vett a d\u00e9dai ASTRA alakul\u00f3 gy\u0171l\u00e9s\u00e9n is (1874), majd a vezet\u0151s\u00e9gi tan\u00e1cs tagja lett (1888\u2013). Anyagilag t\u00e1mogatta Ceontea Teodort, aki Graczban \u00e9s B\u00e9csben egyetemet v\u00e9gzett. <br \/><strong>Irod.:<\/strong> Deda \u00een spa\u0163iu<\/br><\/p>\n","protected":false},"excerpt":{"rendered":"<p>D\u00e9da, 1838., \u2020 D\u00e9da, 1911.: postamester \u00e9s jegyz\u0151. \u2013 Egyik megalap\u00edt\u00f3ja a d\u00e9dai Mure\u015fana Banknak (1885), aki r\u00e9szt vett a d\u00e9dai ASTRA alakul\u00f3 gy\u0171l\u00e9s\u00e9n is (1874), majd a vezet\u0151s\u00e9gi tan\u00e1cs tagja lett (1888\u2013). Anyagilag t\u00e1mogatta Ceontea Teodort, aki Graczban \u00e9s B\u00e9csben egyetemet v\u00e9gzett. Irod.: Deda \u00een spa\u0163iu<\/p>\n","protected":false},"featured_media":0,"comment_status":"open","ping_status":"closed","template":"","meta":[],"product_brand":[],"product_cat":[137],"product_tag":[],"class_list":{"0":"post-8079","1":"product","2":"type-product","3":"status-publish","5":"product_cat-maros-megyei-eletrajzi-lexikon","7":"first","8":"instock","9":"shipping-taxable","10":"product-type-simple"},"_links":{"self":[{"href":"https:\/\/uj.adatbank.ro\/lexikon\/wp-json\/wp\/v2\/product\/8079","targetHints":{"allow":["GET"]}}],"collection":[{"href":"https:\/\/uj.adatbank.ro\/lexikon\/wp-json\/wp\/v2\/product"}],"about":[{"href":"https:\/\/uj.adatbank.ro\/lexikon\/wp-json\/wp\/v2\/types\/product"}],"replies":[{"embeddable":true,"href":"https:\/\/uj.adatbank.ro\/lexikon\/wp-json\/wp\/v2\/comments?post=8079"}],"wp:attachment":[{"href":"https:\/\/uj.adatbank.ro\/lexikon\/wp-json\/wp\/v2\/media?parent=8079"}],"wp:term":[{"taxonomy":"product_brand","embeddable":true,"href":"https:\/\/uj.adatbank.ro\/lexikon\/wp-json\/wp\/v2\/product_brand?post=8079"},{"taxonomy":"product_cat","embeddable":true,"href":"https:\/\/uj.adatbank.ro\/lexikon\/wp-json\/wp\/v2\/product_cat?post=8079"},{"taxonomy":"product_tag","embeddable":true,"href":"https:\/\/uj.adatbank.ro\/lexikon\/wp-json\/wp\/v2\/product_tag?post=8079"}],"curies":[{"name":"wp","href":"https:\/\/api.w.org\/{rel}","templated":true}]}}