{"id":8080,"date":"2025-06-29T10:13:44","date_gmt":"2025-06-29T08:13:44","guid":{"rendered":"https:\/\/uj.adatbank.ro\/lexikon\/termek\/finkely-balint\/"},"modified":"2025-06-29T10:13:44","modified_gmt":"2025-06-29T08:13:44","slug":"finkely-balint","status":"publish","type":"product","link":"https:\/\/uj.adatbank.ro\/lexikon\/termek\/finkely-balint\/","title":{"rendered":"FINKELY B\u00e1lint"},"content":{"rendered":"<p>? \u2020 ?: l\u00f3f\u0151. \u2013 Szab\u00e9di csal\u00e1db\u00f3l sz\u00e1rmazott. L\u00f3f\u0151s\u00e9get II. R\u00e1k\u00f3czi Gy\u00f6rgyt\u0151l (1655. jun. 28.) nyert. <br \/><strong>Irod.:<\/strong> Kempelen; P\u00e1lmay<\/br><\/p>\n","protected":false},"excerpt":{"rendered":"<p>? \u2020 ?: l\u00f3f\u0151. \u2013 Szab\u00e9di csal\u00e1db\u00f3l sz\u00e1rmazott. L\u00f3f\u0151s\u00e9get II. R\u00e1k\u00f3czi Gy\u00f6rgyt\u0151l (1655. jun. 28.) nyert. Irod.: Kempelen; P\u00e1lmay<\/p>\n","protected":false},"featured_media":0,"comment_status":"open","ping_status":"closed","template":"","meta":[],"product_brand":[],"product_cat":[137],"product_tag":[],"class_list":{"0":"post-8080","1":"product","2":"type-product","3":"status-publish","5":"product_cat-maros-megyei-eletrajzi-lexikon","7":"first","8":"instock","9":"shipping-taxable","10":"product-type-simple"},"_links":{"self":[{"href":"https:\/\/uj.adatbank.ro\/lexikon\/wp-json\/wp\/v2\/product\/8080","targetHints":{"allow":["GET"]}}],"collection":[{"href":"https:\/\/uj.adatbank.ro\/lexikon\/wp-json\/wp\/v2\/product"}],"about":[{"href":"https:\/\/uj.adatbank.ro\/lexikon\/wp-json\/wp\/v2\/types\/product"}],"replies":[{"embeddable":true,"href":"https:\/\/uj.adatbank.ro\/lexikon\/wp-json\/wp\/v2\/comments?post=8080"}],"wp:attachment":[{"href":"https:\/\/uj.adatbank.ro\/lexikon\/wp-json\/wp\/v2\/media?parent=8080"}],"wp:term":[{"taxonomy":"product_brand","embeddable":true,"href":"https:\/\/uj.adatbank.ro\/lexikon\/wp-json\/wp\/v2\/product_brand?post=8080"},{"taxonomy":"product_cat","embeddable":true,"href":"https:\/\/uj.adatbank.ro\/lexikon\/wp-json\/wp\/v2\/product_cat?post=8080"},{"taxonomy":"product_tag","embeddable":true,"href":"https:\/\/uj.adatbank.ro\/lexikon\/wp-json\/wp\/v2\/product_tag?post=8080"}],"curies":[{"name":"wp","href":"https:\/\/api.w.org\/{rel}","templated":true}]}}