{"id":8081,"date":"2025-06-29T10:13:45","date_gmt":"2025-06-29T08:13:45","guid":{"rendered":"https:\/\/uj.adatbank.ro\/lexikon\/termek\/finna-antal\/"},"modified":"2025-06-29T10:13:45","modified_gmt":"2025-06-29T08:13:45","slug":"finna-antal","status":"publish","type":"product","link":"https:\/\/uj.adatbank.ro\/lexikon\/termek\/finna-antal\/","title":{"rendered":"FINNA Antal"},"content":{"rendered":"<p>Brass\u00f3, 1929. jan 15., \u2020 Mv., 1981. dec. 26.: \u00e9p\u00edt\u00e9szm\u00e9rn\u00f6k. \u2013 A csal\u00e1d Brass\u00f3b\u00f3l Mv. -re telep\u00fclt (1940). Fiai: Csaba (1956\u2013), L\u00e1szl\u00f3 (1966\u20132012). \u2013 K\u00f6z\u00e9piskolai tanulm\u00e1nyait a II. R\u00e1k\u00f3czi Ferenc gimn.-ban (ma Unirea) v\u00e9gezte. \u00c9p\u00edt\u00e9szm\u00e9rn\u00f6ki diplom\u00e1t a Temesv\u00e1ri M\u0171szaki egyetemen szerzett. Mv.-en volt \u00e9p\u00edt\u00e9szm\u00e9rn\u00f6k. <br \/><strong>Irod.:<\/strong> [Nekrol\u00f3g] (V. Z., 1981. dec. 27.)<\/br><\/p>\n","protected":false},"excerpt":{"rendered":"<p>Brass\u00f3, 1929. jan 15., \u2020 Mv., 1981. dec. 26.: \u00e9p\u00edt\u00e9szm\u00e9rn\u00f6k. \u2013 A csal\u00e1d Brass\u00f3b\u00f3l Mv. -re telep\u00fclt (1940). Fiai: Csaba (1956\u2013), L\u00e1szl\u00f3 (1966\u20132012). \u2013 K\u00f6z\u00e9piskolai tanulm\u00e1nyait a II. R\u00e1k\u00f3czi Ferenc gimn.-ban (ma Unirea) v\u00e9gezte. \u00c9p\u00edt\u00e9szm\u00e9rn\u00f6ki diplom\u00e1t a Temesv\u00e1ri M\u0171szaki egyetemen szerzett. Mv.-en volt \u00e9p\u00edt\u00e9szm\u00e9rn\u00f6k. Irod.: [Nekrol\u00f3g] (V. Z., 1981. dec. 27.)<\/p>\n","protected":false},"featured_media":0,"comment_status":"open","ping_status":"closed","template":"","meta":[],"product_brand":[],"product_cat":[137],"product_tag":[],"class_list":{"0":"post-8081","1":"product","2":"type-product","3":"status-publish","5":"product_cat-maros-megyei-eletrajzi-lexikon","7":"first","8":"instock","9":"shipping-taxable","10":"product-type-simple"},"_links":{"self":[{"href":"https:\/\/uj.adatbank.ro\/lexikon\/wp-json\/wp\/v2\/product\/8081","targetHints":{"allow":["GET"]}}],"collection":[{"href":"https:\/\/uj.adatbank.ro\/lexikon\/wp-json\/wp\/v2\/product"}],"about":[{"href":"https:\/\/uj.adatbank.ro\/lexikon\/wp-json\/wp\/v2\/types\/product"}],"replies":[{"embeddable":true,"href":"https:\/\/uj.adatbank.ro\/lexikon\/wp-json\/wp\/v2\/comments?post=8081"}],"wp:attachment":[{"href":"https:\/\/uj.adatbank.ro\/lexikon\/wp-json\/wp\/v2\/media?parent=8081"}],"wp:term":[{"taxonomy":"product_brand","embeddable":true,"href":"https:\/\/uj.adatbank.ro\/lexikon\/wp-json\/wp\/v2\/product_brand?post=8081"},{"taxonomy":"product_cat","embeddable":true,"href":"https:\/\/uj.adatbank.ro\/lexikon\/wp-json\/wp\/v2\/product_cat?post=8081"},{"taxonomy":"product_tag","embeddable":true,"href":"https:\/\/uj.adatbank.ro\/lexikon\/wp-json\/wp\/v2\/product_tag?post=8081"}],"curies":[{"name":"wp","href":"https:\/\/api.w.org\/{rel}","templated":true}]}}