{"id":8082,"date":"2025-06-29T10:13:47","date_gmt":"2025-06-29T08:13:47","guid":{"rendered":"https:\/\/uj.adatbank.ro\/lexikon\/termek\/finna-geza\/"},"modified":"2025-06-29T10:13:47","modified_gmt":"2025-06-29T08:13:47","slug":"finna-geza","status":"publish","type":"product","link":"https:\/\/uj.adatbank.ro\/lexikon\/termek\/finna-geza\/","title":{"rendered":"FINNA G\u00e9za"},"content":{"rendered":"<p>Sz\u00e9kelykocs\u00e1rd, 1930. dec. 19., \u2020 Mv., 2001. dec. 1.: tan\u00e1r, n\u00e9pm\u0171vel\u0151, k\u00f6z\u00f6ss\u00e9gszervez\u0151. \u2013 Nagyenyeden szerzett tan\u00edt\u00f3i, majd a kv.-i BBTE-en biol\u00f3gia-f\u00f6ldrajztan\u00e1ri oklevelet (1966). I. tan\u00e1ri fokozatot kapott (1976). Tan\u00edtott Fit\u00f3don, Nagylakon, Sz\u00e9kelykocs\u00e1rdon (1950\u201352). Magyar\u00f3zdon igazgat\u00f3tan\u00edt\u00f3, l\u00e9trehozta az iskola V-VIII o. tagozat\u00e1t, intern\u00e1tust l\u00e9tes\u00edtett, szervezte a falu m\u0171vel\u0151d\u00e9si \u00e9let\u00e9t (1952\u201355). Gernyeszegen negyedsz\u00e1zadon \u00e1t tan\u00e1r iskola- \u00e9s kult\u00farotthon igazgat\u00f3 is (1955\u201380). Kezdem\u00e9nyez\u00e9s\u00e9re \u00e9p\u00fclt fel \u00f6nk\u00e9ntes munk\u00e1val az emeletes iskola, ahol esti tagozatot l\u00e9tes\u00edtett a feln\u00f4ttek sz\u00e1m\u00e1ra, s a m\u0171vel\u00f4d\u00e9si \u00e9let ir\u00e1ny\u00edt\u00f3jak\u00e9nt irodalmi esteket szervezett, zenekart \u00e9s sz\u00ednj\u00e1tsz\u00f3 csoportot hozott l\u00e9tre, s f\u00f6ldrajzi monogr\u00e1fi\u00e1t \u00edrt a telep\u00fcl\u00e9sr\u00f4l. Marosszentgy\u00f6rgy\u00f6n (1980\u201383), Mv.-en tan\u00e1r nyugd\u00edjaz\u00e1s\u00e1ig (1983\u201391). A mv.-i K\u00f3s K\u00e1roly Alap\u00edtv\u00e1ny egyik l\u00e9trehoz\u00f3ja (1993. m\u00e1rc.), k\u00f6z\u00f6sen K\u00e1d\u00e1r Ildik\u00f3val, amelynek keret\u00e9ben K\u00f3s K. -eml\u00e9k\u00fcnnep\u00e9lyeket, tudom\u00e1nyos \u00fcl\u00e9seket, vet\u00e9lked\u00f4ket, olvas\u00f3t\u00e1borokat, kir\u00e1ndul\u00e1sokat szervezett. N\u00f6v\u00e9nytermeszt\u00e9si k\u00eds\u00e9rleti megfigyel\u00e9seket is v\u00e9gztek. A munk\u00e1ra nevel\u00e9s t\u00e9mak\u00f6r\u00e9ben cikkei jelentek meg a hazai m. sajt\u00f3ban. Mv.-en a K\u00f3s K\u00e1roly utca, a K\u00f6z\u00fczemek \u00e9p\u00fclet\u00e9n elhelyezett eml\u00e9kt\u00e1bla \u00e9s K\u00f3s K\u00e1roly szobra neki k\u00f6sz\u00f6nhet\u0151. \u2013 <strong>F. m.:<\/strong> Gernyeszeg k\u00f6zs\u00e9g monogr\u00e1fi\u00e1ja: rom\u00e1n \u00e9s m. nyelven (? 1973); Termel\u00e9s, a kutat\u00e1s \u00e9s nevel\u00e9s \u00f6sszekapcsol\u00e1sa a falusi iskol\u00e1kban: Dolgozat \u00e9s film (?, 1975); Kicsik \u00e9s nagy mesterek: Tavaszv\u00e1r\u00e1s egy falusi iskol\u00e1ban: Film (?, 1977); <strong>t\u00e1rssz.:<\/strong> Copii, jocul \u015fi munca; Educa\u0163ia prin munc\u0103. <br \/><strong>Irod.:<\/strong> Bodolai: Kett\u0151s eml\u00e9k\u00fcnnep (N\u00fa., 2001. dec. 18); EMKK 2000; EMKK 2010; Kily\u00e9n Ilka: Az \u00f6nk\u00e9ntess\u00e9g jegy\u00e9ben. B\u00facs\u00fa K\u00e1d\u00e1r Ildik\u00f3t\u00f3l (N\u00fa., 2021. \u00e1rpr. 22.); RMKK<\/br><\/p>\n","protected":false},"excerpt":{"rendered":"<p>Sz\u00e9kelykocs\u00e1rd, 1930. dec. 19., \u2020 Mv., 2001. dec. 1.: tan\u00e1r, n\u00e9pm\u0171vel\u0151, k\u00f6z\u00f6ss\u00e9gszervez\u0151. \u2013 Nagyenyeden szerzett tan\u00edt\u00f3i, majd a kv.-i BBTE-en biol\u00f3gia-f\u00f6ldrajztan\u00e1ri oklevelet (1966). I. tan\u00e1ri fokozatot kapott (1976). Tan\u00edtott Fit\u00f3don, Nagylakon, Sz\u00e9kelykocs\u00e1rdon (1950\u201352). Magyar\u00f3zdon igazgat\u00f3tan\u00edt\u00f3, l\u00e9trehozta az iskola V-VIII o. tagozat\u00e1t, intern\u00e1tust l\u00e9tes\u00edtett, szervezte a falu m\u0171vel\u0151d\u00e9si \u00e9let\u00e9t (1952\u201355). Gernyeszegen negyedsz\u00e1zadon \u00e1t tan\u00e1r iskola- \u00e9s [&hellip;]<\/p>\n","protected":false},"featured_media":0,"comment_status":"open","ping_status":"closed","template":"","meta":[],"product_brand":[],"product_cat":[137],"product_tag":[],"class_list":{"0":"post-8082","1":"product","2":"type-product","3":"status-publish","5":"product_cat-maros-megyei-eletrajzi-lexikon","7":"first","8":"instock","9":"shipping-taxable","10":"product-type-simple"},"_links":{"self":[{"href":"https:\/\/uj.adatbank.ro\/lexikon\/wp-json\/wp\/v2\/product\/8082","targetHints":{"allow":["GET"]}}],"collection":[{"href":"https:\/\/uj.adatbank.ro\/lexikon\/wp-json\/wp\/v2\/product"}],"about":[{"href":"https:\/\/uj.adatbank.ro\/lexikon\/wp-json\/wp\/v2\/types\/product"}],"replies":[{"embeddable":true,"href":"https:\/\/uj.adatbank.ro\/lexikon\/wp-json\/wp\/v2\/comments?post=8082"}],"wp:attachment":[{"href":"https:\/\/uj.adatbank.ro\/lexikon\/wp-json\/wp\/v2\/media?parent=8082"}],"wp:term":[{"taxonomy":"product_brand","embeddable":true,"href":"https:\/\/uj.adatbank.ro\/lexikon\/wp-json\/wp\/v2\/product_brand?post=8082"},{"taxonomy":"product_cat","embeddable":true,"href":"https:\/\/uj.adatbank.ro\/lexikon\/wp-json\/wp\/v2\/product_cat?post=8082"},{"taxonomy":"product_tag","embeddable":true,"href":"https:\/\/uj.adatbank.ro\/lexikon\/wp-json\/wp\/v2\/product_tag?post=8082"}],"curies":[{"name":"wp","href":"https:\/\/api.w.org\/{rel}","templated":true}]}}