{"id":8083,"date":"2025-06-29T10:13:50","date_gmt":"2025-06-29T08:13:50","guid":{"rendered":"https:\/\/uj.adatbank.ro\/lexikon\/termek\/finna-istvan\/"},"modified":"2025-06-29T10:13:50","modified_gmt":"2025-06-29T08:13:50","slug":"finna-istvan","status":"publish","type":"product","link":"https:\/\/uj.adatbank.ro\/lexikon\/termek\/finna-istvan\/","title":{"rendered":"FINNA Istv\u00e1n"},"content":{"rendered":"<p>? \u2020 ? : v\u00e1rosi polg\u00e1r. \u2013 Esk\u00fcdt a mv.-i tan\u00e1csban ref. r\u00e9szr\u0151l (1790), k\u00f6zv\u00e1dl\u00f3 (1791). <br \/><strong>Irod.:<\/strong> Id\u0151t\u00e1r 1; P\u00e1l-Antal 2004; P\u00e1l-Antal 2006; P\u00e1l-Antal 2009<\/br><\/p>\n","protected":false},"excerpt":{"rendered":"<p>? \u2020 ? : v\u00e1rosi polg\u00e1r. \u2013 Esk\u00fcdt a mv.-i tan\u00e1csban ref. r\u00e9szr\u0151l (1790), k\u00f6zv\u00e1dl\u00f3 (1791). Irod.: Id\u0151t\u00e1r 1; P\u00e1l-Antal 2004; P\u00e1l-Antal 2006; P\u00e1l-Antal 2009<\/p>\n","protected":false},"featured_media":0,"comment_status":"open","ping_status":"closed","template":"","meta":[],"product_brand":[],"product_cat":[137],"product_tag":[],"class_list":{"0":"post-8083","1":"product","2":"type-product","3":"status-publish","5":"product_cat-maros-megyei-eletrajzi-lexikon","7":"first","8":"instock","9":"shipping-taxable","10":"product-type-simple"},"_links":{"self":[{"href":"https:\/\/uj.adatbank.ro\/lexikon\/wp-json\/wp\/v2\/product\/8083","targetHints":{"allow":["GET"]}}],"collection":[{"href":"https:\/\/uj.adatbank.ro\/lexikon\/wp-json\/wp\/v2\/product"}],"about":[{"href":"https:\/\/uj.adatbank.ro\/lexikon\/wp-json\/wp\/v2\/types\/product"}],"replies":[{"embeddable":true,"href":"https:\/\/uj.adatbank.ro\/lexikon\/wp-json\/wp\/v2\/comments?post=8083"}],"wp:attachment":[{"href":"https:\/\/uj.adatbank.ro\/lexikon\/wp-json\/wp\/v2\/media?parent=8083"}],"wp:term":[{"taxonomy":"product_brand","embeddable":true,"href":"https:\/\/uj.adatbank.ro\/lexikon\/wp-json\/wp\/v2\/product_brand?post=8083"},{"taxonomy":"product_cat","embeddable":true,"href":"https:\/\/uj.adatbank.ro\/lexikon\/wp-json\/wp\/v2\/product_cat?post=8083"},{"taxonomy":"product_tag","embeddable":true,"href":"https:\/\/uj.adatbank.ro\/lexikon\/wp-json\/wp\/v2\/product_tag?post=8083"}],"curies":[{"name":"wp","href":"https:\/\/api.w.org\/{rel}","templated":true}]}}