{"id":8084,"date":"2025-06-29T10:13:52","date_gmt":"2025-06-29T08:13:52","guid":{"rendered":"https:\/\/uj.adatbank.ro\/lexikon\/termek\/finna-samuel\/"},"modified":"2025-06-29T10:13:52","modified_gmt":"2025-06-29T08:13:52","slug":"finna-samuel","status":"publish","type":"product","link":"https:\/\/uj.adatbank.ro\/lexikon\/termek\/finna-samuel\/","title":{"rendered":"FINNA S\u00e1muel"},"content":{"rendered":"<p>G\u00f6rg\u00e9nyszentimre, 1918. \u00e1pr. 3. \u2020 Kos\u00f3w-Horod k\u00f6z\u00f6tt, 1944. m\u00e1j. 30.: honv\u00e9d. \u2013 Anyja Kohl R\u00f3za. \u2013 A 27\/III. sz\u00e9kely hadoszt\u00e1ly honv\u00e9dje. <br \/><strong>Irod.:<\/strong> Berekm\u00e9ri 2015<\/br><\/p>\n","protected":false},"excerpt":{"rendered":"<p>G\u00f6rg\u00e9nyszentimre, 1918. \u00e1pr. 3. \u2020 Kos\u00f3w-Horod k\u00f6z\u00f6tt, 1944. m\u00e1j. 30.: honv\u00e9d. \u2013 Anyja Kohl R\u00f3za. \u2013 A 27\/III. sz\u00e9kely hadoszt\u00e1ly honv\u00e9dje. Irod.: Berekm\u00e9ri 2015<\/p>\n","protected":false},"featured_media":0,"comment_status":"open","ping_status":"closed","template":"","meta":[],"product_brand":[],"product_cat":[137],"product_tag":[],"class_list":{"0":"post-8084","1":"product","2":"type-product","3":"status-publish","5":"product_cat-maros-megyei-eletrajzi-lexikon","7":"first","8":"instock","9":"shipping-taxable","10":"product-type-simple"},"_links":{"self":[{"href":"https:\/\/uj.adatbank.ro\/lexikon\/wp-json\/wp\/v2\/product\/8084","targetHints":{"allow":["GET"]}}],"collection":[{"href":"https:\/\/uj.adatbank.ro\/lexikon\/wp-json\/wp\/v2\/product"}],"about":[{"href":"https:\/\/uj.adatbank.ro\/lexikon\/wp-json\/wp\/v2\/types\/product"}],"replies":[{"embeddable":true,"href":"https:\/\/uj.adatbank.ro\/lexikon\/wp-json\/wp\/v2\/comments?post=8084"}],"wp:attachment":[{"href":"https:\/\/uj.adatbank.ro\/lexikon\/wp-json\/wp\/v2\/media?parent=8084"}],"wp:term":[{"taxonomy":"product_brand","embeddable":true,"href":"https:\/\/uj.adatbank.ro\/lexikon\/wp-json\/wp\/v2\/product_brand?post=8084"},{"taxonomy":"product_cat","embeddable":true,"href":"https:\/\/uj.adatbank.ro\/lexikon\/wp-json\/wp\/v2\/product_cat?post=8084"},{"taxonomy":"product_tag","embeddable":true,"href":"https:\/\/uj.adatbank.ro\/lexikon\/wp-json\/wp\/v2\/product_tag?post=8084"}],"curies":[{"name":"wp","href":"https:\/\/api.w.org\/{rel}","templated":true}]}}