{"id":8085,"date":"2025-06-29T10:13:53","date_gmt":"2025-06-29T08:13:53","guid":{"rendered":"https:\/\/uj.adatbank.ro\/lexikon\/termek\/finna-samuel-zabolai\/"},"modified":"2025-06-29T10:13:53","modified_gmt":"2025-06-29T08:13:53","slug":"finna-samuel-zabolai","status":"publish","type":"product","link":"https:\/\/uj.adatbank.ro\/lexikon\/termek\/finna-samuel-zabolai\/","title":{"rendered":"FINNA S\u00e1muel, zabolai"},"content":{"rendered":"<p>? \u2020 ? : \u00fcgyv\u00e9d. \u2013 A szeg\u00e9nyek \u00fcgyv\u00e9dje volt a guberniumn\u00e1l (1794). \u2013 <strong>F. m.:<\/strong> <strong>K\u00e9ziratban:<\/strong> T\u00f6rv\u00e9nybeli b\u00fcntet\u00e9sek (Mv., 1800). <br \/><strong>Irod.:<\/strong> Szinnyei<\/br><\/p>\n","protected":false},"excerpt":{"rendered":"<p>? \u2020 ? : \u00fcgyv\u00e9d. \u2013 A szeg\u00e9nyek \u00fcgyv\u00e9dje volt a guberniumn\u00e1l (1794). \u2013 F. m.: K\u00e9ziratban: T\u00f6rv\u00e9nybeli b\u00fcntet\u00e9sek (Mv., 1800). Irod.: Szinnyei<\/p>\n","protected":false},"featured_media":0,"comment_status":"open","ping_status":"closed","template":"","meta":[],"product_brand":[],"product_cat":[137],"product_tag":[],"class_list":{"0":"post-8085","1":"product","2":"type-product","3":"status-publish","5":"product_cat-maros-megyei-eletrajzi-lexikon","7":"first","8":"instock","9":"shipping-taxable","10":"product-type-simple"},"_links":{"self":[{"href":"https:\/\/uj.adatbank.ro\/lexikon\/wp-json\/wp\/v2\/product\/8085","targetHints":{"allow":["GET"]}}],"collection":[{"href":"https:\/\/uj.adatbank.ro\/lexikon\/wp-json\/wp\/v2\/product"}],"about":[{"href":"https:\/\/uj.adatbank.ro\/lexikon\/wp-json\/wp\/v2\/types\/product"}],"replies":[{"embeddable":true,"href":"https:\/\/uj.adatbank.ro\/lexikon\/wp-json\/wp\/v2\/comments?post=8085"}],"wp:attachment":[{"href":"https:\/\/uj.adatbank.ro\/lexikon\/wp-json\/wp\/v2\/media?parent=8085"}],"wp:term":[{"taxonomy":"product_brand","embeddable":true,"href":"https:\/\/uj.adatbank.ro\/lexikon\/wp-json\/wp\/v2\/product_brand?post=8085"},{"taxonomy":"product_cat","embeddable":true,"href":"https:\/\/uj.adatbank.ro\/lexikon\/wp-json\/wp\/v2\/product_cat?post=8085"},{"taxonomy":"product_tag","embeddable":true,"href":"https:\/\/uj.adatbank.ro\/lexikon\/wp-json\/wp\/v2\/product_tag?post=8085"}],"curies":[{"name":"wp","href":"https:\/\/api.w.org\/{rel}","templated":true}]}}