{"id":8086,"date":"2025-06-29T10:13:55","date_gmt":"2025-06-29T08:13:55","guid":{"rendered":"https:\/\/uj.adatbank.ro\/lexikon\/termek\/finta-andor\/"},"modified":"2025-06-29T10:13:55","modified_gmt":"2025-06-29T08:13:55","slug":"finta-andor","status":"publish","type":"product","link":"https:\/\/uj.adatbank.ro\/lexikon\/termek\/finta-andor\/","title":{"rendered":"FINTA Andor"},"content":{"rendered":"<p>1949. \u2020\u00a0Mv., 1983. nov. 27.: tan\u00e1r. \u2013 A Bolyai Farkas elm\u00e9leti L\u00edceum ban testnevel\u0151 tan\u00e1r. R\u00e9szv\u00e9tnyilv\u00e1nit\u00e1s. <br \/><strong>Irod.:<\/strong> N\u00fa., 2023. dec. 11.<\/br><\/p>\n","protected":false},"excerpt":{"rendered":"<p>1949. \u2020\u00a0Mv., 1983. nov. 27.: tan\u00e1r. \u2013 A Bolyai Farkas elm\u00e9leti L\u00edceum ban testnevel\u0151 tan\u00e1r. R\u00e9szv\u00e9tnyilv\u00e1nit\u00e1s. Irod.: N\u00fa., 2023. dec. 11.<\/p>\n","protected":false},"featured_media":0,"comment_status":"open","ping_status":"closed","template":"","meta":[],"product_brand":[],"product_cat":[137],"product_tag":[],"class_list":{"0":"post-8086","1":"product","2":"type-product","3":"status-publish","5":"product_cat-maros-megyei-eletrajzi-lexikon","7":"first","8":"instock","9":"shipping-taxable","10":"product-type-simple"},"_links":{"self":[{"href":"https:\/\/uj.adatbank.ro\/lexikon\/wp-json\/wp\/v2\/product\/8086","targetHints":{"allow":["GET"]}}],"collection":[{"href":"https:\/\/uj.adatbank.ro\/lexikon\/wp-json\/wp\/v2\/product"}],"about":[{"href":"https:\/\/uj.adatbank.ro\/lexikon\/wp-json\/wp\/v2\/types\/product"}],"replies":[{"embeddable":true,"href":"https:\/\/uj.adatbank.ro\/lexikon\/wp-json\/wp\/v2\/comments?post=8086"}],"wp:attachment":[{"href":"https:\/\/uj.adatbank.ro\/lexikon\/wp-json\/wp\/v2\/media?parent=8086"}],"wp:term":[{"taxonomy":"product_brand","embeddable":true,"href":"https:\/\/uj.adatbank.ro\/lexikon\/wp-json\/wp\/v2\/product_brand?post=8086"},{"taxonomy":"product_cat","embeddable":true,"href":"https:\/\/uj.adatbank.ro\/lexikon\/wp-json\/wp\/v2\/product_cat?post=8086"},{"taxonomy":"product_tag","embeddable":true,"href":"https:\/\/uj.adatbank.ro\/lexikon\/wp-json\/wp\/v2\/product_tag?post=8086"}],"curies":[{"name":"wp","href":"https:\/\/api.w.org\/{rel}","templated":true}]}}