{"id":8088,"date":"2025-06-29T10:14:03","date_gmt":"2025-06-29T08:14:03","guid":{"rendered":"https:\/\/uj.adatbank.ro\/lexikon\/termek\/finta-zoltan\/"},"modified":"2025-06-29T10:14:03","modified_gmt":"2025-06-29T08:14:03","slug":"finta-zoltan","status":"publish","type":"product","link":"https:\/\/uj.adatbank.ro\/lexikon\/termek\/finta-zoltan\/","title":{"rendered":"FINTA Zolt\u00e1n"},"content":{"rendered":"<p>? \u2020\u00a0? : k\u00f6lt\u0151?. &#8211; Bort, b\u00faz\u00e1t, b\u00e9kess\u00e9get!. \u2013 Vers\u00e9t sz\u00e9kfoglal\u00f3ul olvasta fel a Kem\u00e9ny Zsigmond T\u00e1rsas\u00e1g \u00e9vadz\u00e1r\u00f3 \u00fcl\u00e9s\u00e9n (1930. m\u00e1j. 4.). <br \/><strong>Irod.:<\/strong> \u00dcnnepi k\u00f6nyv<\/br><\/p>\n","protected":false},"excerpt":{"rendered":"<p>? \u2020\u00a0? : k\u00f6lt\u0151?. &#8211; Bort, b\u00faz\u00e1t, b\u00e9kess\u00e9get!. \u2013 Vers\u00e9t sz\u00e9kfoglal\u00f3ul olvasta fel a Kem\u00e9ny Zsigmond T\u00e1rsas\u00e1g \u00e9vadz\u00e1r\u00f3 \u00fcl\u00e9s\u00e9n (1930. m\u00e1j. 4.). Irod.: \u00dcnnepi k\u00f6nyv<\/p>\n","protected":false},"featured_media":0,"comment_status":"open","ping_status":"closed","template":"","meta":[],"product_brand":[],"product_cat":[137],"product_tag":[],"class_list":{"0":"post-8088","1":"product","2":"type-product","3":"status-publish","5":"product_cat-maros-megyei-eletrajzi-lexikon","7":"first","8":"instock","9":"shipping-taxable","10":"product-type-simple"},"_links":{"self":[{"href":"https:\/\/uj.adatbank.ro\/lexikon\/wp-json\/wp\/v2\/product\/8088","targetHints":{"allow":["GET"]}}],"collection":[{"href":"https:\/\/uj.adatbank.ro\/lexikon\/wp-json\/wp\/v2\/product"}],"about":[{"href":"https:\/\/uj.adatbank.ro\/lexikon\/wp-json\/wp\/v2\/types\/product"}],"replies":[{"embeddable":true,"href":"https:\/\/uj.adatbank.ro\/lexikon\/wp-json\/wp\/v2\/comments?post=8088"}],"wp:attachment":[{"href":"https:\/\/uj.adatbank.ro\/lexikon\/wp-json\/wp\/v2\/media?parent=8088"}],"wp:term":[{"taxonomy":"product_brand","embeddable":true,"href":"https:\/\/uj.adatbank.ro\/lexikon\/wp-json\/wp\/v2\/product_brand?post=8088"},{"taxonomy":"product_cat","embeddable":true,"href":"https:\/\/uj.adatbank.ro\/lexikon\/wp-json\/wp\/v2\/product_cat?post=8088"},{"taxonomy":"product_tag","embeddable":true,"href":"https:\/\/uj.adatbank.ro\/lexikon\/wp-json\/wp\/v2\/product_tag?post=8088"}],"curies":[{"name":"wp","href":"https:\/\/api.w.org\/{rel}","templated":true}]}}