{"id":8090,"date":"2025-06-29T10:14:06","date_gmt":"2025-06-29T08:14:06","guid":{"rendered":"https:\/\/uj.adatbank.ro\/lexikon\/termek\/finyak-tibor\/"},"modified":"2025-06-29T10:14:06","modified_gmt":"2025-06-29T08:14:06","slug":"finyak-tibor","status":"publish","type":"product","link":"https:\/\/uj.adatbank.ro\/lexikon\/termek\/finyak-tibor\/","title":{"rendered":"FINY\u00c1K Tibor"},"content":{"rendered":"<p>Brass\u00f3, 1935. \u2020 Mv., 2002. m\u00e1j. 8.: tan\u00e1r. \u2013 Tanult Brass\u00f3ban, Kv.-on BTE filol\u00f3gia kar\u00e1n rom\u00e1n szakon. A KISZ-ben t\u00f6bb felel\u0151s \u00e1ll\u00e1st t\u00f6lt\u00f6tt be: a k\u00f6z\u00e9p- \u00e9s szakmai iskol\u00e1k \u00fcgy\u00e9vel foglalkoz\u00f3 bizotts\u00e1g vezet\u0151je; a K\u00f6zponti Revizi\u00f3s Bizotts\u00e1g tagja (1960\u201365); k\u00fcld\u00f6tt a KISZ VII. \u00e9s VIII. kongresszuson. A mv.-i Papiu Ilarian L\u00edc. aligazgat\u00f3ja (1967\u201372). Tan\u00e1r a mv.-i Bolyai Farkas L\u00edc.-ban (1973\u20132002). T\u00f6bb nemzeti kisebbs\u00e9geknek \u00edrt rom\u00e1n tank\u00f6nyv szerz\u0151je, ford. -ja, \u00e1tdolgoz\u00f3ja. A Tan\u00fcgyi \u00dajs\u00e1gban jelentek meg cikkei, a Tan\u00edt\u00f3k H\u00e1za rendezv\u00e9nyein, a rom\u00e1nszakosok tan\u00e1cskoz\u00e1sain, az iskola pedag\u00f3giai tan\u00e1cs\u00fcl\u00e9seken szerepelt tanulm\u00e1nyaival, el\u0151ad\u00e1saival. <br \/><strong>Irod.:<\/strong> Id\u0151t\u00e1r 4; Madaras; [Nekrol\u00f3g] (N\u00fa., 2002. m\u00e1j. 9.); R\u00e9thy-\u00dajv\u00e1ri-V\u00e1czy<\/br><\/p>\n","protected":false},"excerpt":{"rendered":"<p>Brass\u00f3, 1935. \u2020 Mv., 2002. m\u00e1j. 8.: tan\u00e1r. \u2013 Tanult Brass\u00f3ban, Kv.-on BTE filol\u00f3gia kar\u00e1n rom\u00e1n szakon. A KISZ-ben t\u00f6bb felel\u0151s \u00e1ll\u00e1st t\u00f6lt\u00f6tt be: a k\u00f6z\u00e9p- \u00e9s szakmai iskol\u00e1k \u00fcgy\u00e9vel foglalkoz\u00f3 bizotts\u00e1g vezet\u0151je; a K\u00f6zponti Revizi\u00f3s Bizotts\u00e1g tagja (1960\u201365); k\u00fcld\u00f6tt a KISZ VII. \u00e9s VIII. kongresszuson. A mv.-i Papiu Ilarian L\u00edc. aligazgat\u00f3ja (1967\u201372). Tan\u00e1r a [&hellip;]<\/p>\n","protected":false},"featured_media":0,"comment_status":"open","ping_status":"closed","template":"","meta":[],"product_brand":[],"product_cat":[137],"product_tag":[],"class_list":{"0":"post-8090","1":"product","2":"type-product","3":"status-publish","5":"product_cat-maros-megyei-eletrajzi-lexikon","7":"first","8":"instock","9":"shipping-taxable","10":"product-type-simple"},"_links":{"self":[{"href":"https:\/\/uj.adatbank.ro\/lexikon\/wp-json\/wp\/v2\/product\/8090","targetHints":{"allow":["GET"]}}],"collection":[{"href":"https:\/\/uj.adatbank.ro\/lexikon\/wp-json\/wp\/v2\/product"}],"about":[{"href":"https:\/\/uj.adatbank.ro\/lexikon\/wp-json\/wp\/v2\/types\/product"}],"replies":[{"embeddable":true,"href":"https:\/\/uj.adatbank.ro\/lexikon\/wp-json\/wp\/v2\/comments?post=8090"}],"wp:attachment":[{"href":"https:\/\/uj.adatbank.ro\/lexikon\/wp-json\/wp\/v2\/media?parent=8090"}],"wp:term":[{"taxonomy":"product_brand","embeddable":true,"href":"https:\/\/uj.adatbank.ro\/lexikon\/wp-json\/wp\/v2\/product_brand?post=8090"},{"taxonomy":"product_cat","embeddable":true,"href":"https:\/\/uj.adatbank.ro\/lexikon\/wp-json\/wp\/v2\/product_cat?post=8090"},{"taxonomy":"product_tag","embeddable":true,"href":"https:\/\/uj.adatbank.ro\/lexikon\/wp-json\/wp\/v2\/product_tag?post=8090"}],"curies":[{"name":"wp","href":"https:\/\/api.w.org\/{rel}","templated":true}]}}