{"id":8092,"date":"2025-06-29T10:14:11","date_gmt":"2025-06-29T08:14:11","guid":{"rendered":"https:\/\/uj.adatbank.ro\/lexikon\/termek\/fischel-jozsef\/"},"modified":"2025-06-29T10:14:11","modified_gmt":"2025-06-29T08:14:11","slug":"fischel-jozsef","status":"publish","type":"product","link":"https:\/\/uj.adatbank.ro\/lexikon\/termek\/fischel-jozsef\/","title":{"rendered":"FISCHEL J\u00f3zsef"},"content":{"rendered":"<p>Mv., 1894., \u2020\u00a0?: kelmefest\u0151 \u00e9s vegytiszt\u00edt\u00f3. \u2013 Iskol\u00e1it Buk.-ben v\u00e9gezte \u00e9s a kelmefest\u0151 \u00e9s vegytiszt\u00edt\u00f3 mesters\u00e9get saj\u00e1t\u00edtotta el. \u00d6n\u00e1ll\u00f3 Mv.-en (1921\u2013), az Ipartest\u00fclet tagja volt. \u00dczeme modern tiszt\u00edt\u00f3 g\u00e9ppel volt felszerelve \u00e9s k\u00e9t alkalmazottat foglalkoztatott. <br \/><strong>Irod.:<\/strong> Sz\u00e9kelyf\u00f6ld \u00ed. k<\/br><\/p>\n","protected":false},"excerpt":{"rendered":"<p>Mv., 1894., \u2020\u00a0?: kelmefest\u0151 \u00e9s vegytiszt\u00edt\u00f3. \u2013 Iskol\u00e1it Buk.-ben v\u00e9gezte \u00e9s a kelmefest\u0151 \u00e9s vegytiszt\u00edt\u00f3 mesters\u00e9get saj\u00e1t\u00edtotta el. \u00d6n\u00e1ll\u00f3 Mv.-en (1921\u2013), az Ipartest\u00fclet tagja volt. \u00dczeme modern tiszt\u00edt\u00f3 g\u00e9ppel volt felszerelve \u00e9s k\u00e9t alkalmazottat foglalkoztatott. Irod.: Sz\u00e9kelyf\u00f6ld \u00ed. k<\/p>\n","protected":false},"featured_media":0,"comment_status":"open","ping_status":"closed","template":"","meta":[],"product_brand":[],"product_cat":[137],"product_tag":[],"class_list":{"0":"post-8092","1":"product","2":"type-product","3":"status-publish","5":"product_cat-maros-megyei-eletrajzi-lexikon","7":"first","8":"instock","9":"shipping-taxable","10":"product-type-simple"},"_links":{"self":[{"href":"https:\/\/uj.adatbank.ro\/lexikon\/wp-json\/wp\/v2\/product\/8092","targetHints":{"allow":["GET"]}}],"collection":[{"href":"https:\/\/uj.adatbank.ro\/lexikon\/wp-json\/wp\/v2\/product"}],"about":[{"href":"https:\/\/uj.adatbank.ro\/lexikon\/wp-json\/wp\/v2\/types\/product"}],"replies":[{"embeddable":true,"href":"https:\/\/uj.adatbank.ro\/lexikon\/wp-json\/wp\/v2\/comments?post=8092"}],"wp:attachment":[{"href":"https:\/\/uj.adatbank.ro\/lexikon\/wp-json\/wp\/v2\/media?parent=8092"}],"wp:term":[{"taxonomy":"product_brand","embeddable":true,"href":"https:\/\/uj.adatbank.ro\/lexikon\/wp-json\/wp\/v2\/product_brand?post=8092"},{"taxonomy":"product_cat","embeddable":true,"href":"https:\/\/uj.adatbank.ro\/lexikon\/wp-json\/wp\/v2\/product_cat?post=8092"},{"taxonomy":"product_tag","embeddable":true,"href":"https:\/\/uj.adatbank.ro\/lexikon\/wp-json\/wp\/v2\/product_tag?post=8092"}],"curies":[{"name":"wp","href":"https:\/\/api.w.org\/{rel}","templated":true}]}}