{"id":8093,"date":"2025-06-29T10:14:12","date_gmt":"2025-06-29T08:14:12","guid":{"rendered":"https:\/\/uj.adatbank.ro\/lexikon\/termek\/fischer-ede\/"},"modified":"2025-06-29T10:14:12","modified_gmt":"2025-06-29T08:14:12","slug":"fischer-ede","status":"publish","type":"product","link":"https:\/\/uj.adatbank.ro\/lexikon\/termek\/fischer-ede\/","title":{"rendered":"FISCHER Ede"},"content":{"rendered":"<p>? \u2020\u00a01940.: keresked\u0151. \u2013 Marad\u00e9k\u00e1r\u00fah\u00e1z tulajdonos keresked\u0151 Mv.-en, hal\u00e1la ut\u00e1n feles\u00e9ge vezette az \u00fczletet. R\u00e9szt vett az els\u0151 vh.-ban. <br \/><strong>Irod.:<\/strong> Sz\u00e9kelyf\u00f6ld \u00ed. k<\/br><\/p>\n","protected":false},"excerpt":{"rendered":"<p>? \u2020\u00a01940.: keresked\u0151. \u2013 Marad\u00e9k\u00e1r\u00fah\u00e1z tulajdonos keresked\u0151 Mv.-en, hal\u00e1la ut\u00e1n feles\u00e9ge vezette az \u00fczletet. R\u00e9szt vett az els\u0151 vh.-ban. Irod.: Sz\u00e9kelyf\u00f6ld \u00ed. k<\/p>\n","protected":false},"featured_media":0,"comment_status":"open","ping_status":"closed","template":"","meta":[],"product_brand":[],"product_cat":[137],"product_tag":[],"class_list":{"0":"post-8093","1":"product","2":"type-product","3":"status-publish","5":"product_cat-maros-megyei-eletrajzi-lexikon","7":"first","8":"instock","9":"shipping-taxable","10":"product-type-simple"},"_links":{"self":[{"href":"https:\/\/uj.adatbank.ro\/lexikon\/wp-json\/wp\/v2\/product\/8093","targetHints":{"allow":["GET"]}}],"collection":[{"href":"https:\/\/uj.adatbank.ro\/lexikon\/wp-json\/wp\/v2\/product"}],"about":[{"href":"https:\/\/uj.adatbank.ro\/lexikon\/wp-json\/wp\/v2\/types\/product"}],"replies":[{"embeddable":true,"href":"https:\/\/uj.adatbank.ro\/lexikon\/wp-json\/wp\/v2\/comments?post=8093"}],"wp:attachment":[{"href":"https:\/\/uj.adatbank.ro\/lexikon\/wp-json\/wp\/v2\/media?parent=8093"}],"wp:term":[{"taxonomy":"product_brand","embeddable":true,"href":"https:\/\/uj.adatbank.ro\/lexikon\/wp-json\/wp\/v2\/product_brand?post=8093"},{"taxonomy":"product_cat","embeddable":true,"href":"https:\/\/uj.adatbank.ro\/lexikon\/wp-json\/wp\/v2\/product_cat?post=8093"},{"taxonomy":"product_tag","embeddable":true,"href":"https:\/\/uj.adatbank.ro\/lexikon\/wp-json\/wp\/v2\/product_tag?post=8093"}],"curies":[{"name":"wp","href":"https:\/\/api.w.org\/{rel}","templated":true}]}}