{"id":8095,"date":"2025-06-29T10:14:15","date_gmt":"2025-06-29T08:14:15","guid":{"rendered":"https:\/\/uj.adatbank.ro\/lexikon\/termek\/fischer-gyula\/"},"modified":"2025-06-29T10:14:15","modified_gmt":"2025-06-29T08:14:15","slug":"fischer-gyula","status":"publish","type":"product","link":"https:\/\/uj.adatbank.ro\/lexikon\/termek\/fischer-gyula\/","title":{"rendered":"FISCHER Gyula"},"content":{"rendered":"<p>1824., \u2020\u00a0Mv., 1894.: iparos. \u2013 Mv.-en volt ipartelepe F. Gy. \u00e9s fia. <br \/><strong>Irod.:<\/strong> F\u00fcl\u00f6p\u2013Ferencz; A M. Korona orsz\u00e1gainak kivitelk\u00e9pes ipartelepei (Bp., 1897); Mv.-i zsid\u00f3 temet\u0151 dok.<\/br><\/p>\n","protected":false},"excerpt":{"rendered":"<p>1824., \u2020\u00a0Mv., 1894.: iparos. \u2013 Mv.-en volt ipartelepe F. Gy. \u00e9s fia. Irod.: F\u00fcl\u00f6p\u2013Ferencz; A M. Korona orsz\u00e1gainak kivitelk\u00e9pes ipartelepei (Bp., 1897); Mv.-i zsid\u00f3 temet\u0151 dok.<\/p>\n","protected":false},"featured_media":0,"comment_status":"open","ping_status":"closed","template":"","meta":[],"product_brand":[],"product_cat":[137],"product_tag":[],"class_list":{"0":"post-8095","1":"product","2":"type-product","3":"status-publish","5":"product_cat-maros-megyei-eletrajzi-lexikon","7":"first","8":"instock","9":"shipping-taxable","10":"product-type-simple"},"_links":{"self":[{"href":"https:\/\/uj.adatbank.ro\/lexikon\/wp-json\/wp\/v2\/product\/8095","targetHints":{"allow":["GET"]}}],"collection":[{"href":"https:\/\/uj.adatbank.ro\/lexikon\/wp-json\/wp\/v2\/product"}],"about":[{"href":"https:\/\/uj.adatbank.ro\/lexikon\/wp-json\/wp\/v2\/types\/product"}],"replies":[{"embeddable":true,"href":"https:\/\/uj.adatbank.ro\/lexikon\/wp-json\/wp\/v2\/comments?post=8095"}],"wp:attachment":[{"href":"https:\/\/uj.adatbank.ro\/lexikon\/wp-json\/wp\/v2\/media?parent=8095"}],"wp:term":[{"taxonomy":"product_brand","embeddable":true,"href":"https:\/\/uj.adatbank.ro\/lexikon\/wp-json\/wp\/v2\/product_brand?post=8095"},{"taxonomy":"product_cat","embeddable":true,"href":"https:\/\/uj.adatbank.ro\/lexikon\/wp-json\/wp\/v2\/product_cat?post=8095"},{"taxonomy":"product_tag","embeddable":true,"href":"https:\/\/uj.adatbank.ro\/lexikon\/wp-json\/wp\/v2\/product_tag?post=8095"}],"curies":[{"name":"wp","href":"https:\/\/api.w.org\/{rel}","templated":true}]}}