{"id":8098,"date":"2025-06-29T10:14:22","date_gmt":"2025-06-29T08:14:22","guid":{"rendered":"https:\/\/uj.adatbank.ro\/lexikon\/termek\/fischer-jakab\/"},"modified":"2025-06-29T10:14:22","modified_gmt":"2025-06-29T08:14:22","slug":"fischer-jakab","status":"publish","type":"product","link":"https:\/\/uj.adatbank.ro\/lexikon\/termek\/fischer-jakab\/","title":{"rendered":"FISCHER Jakab"},"content":{"rendered":"<p>? \u2020\u00a0Mv., 1940. \u00e1pr. 3.: iparos. \u2013 Mv.-en volt ipartelepe. Tagja a KMTT-nak. <br \/><strong>Irod.:<\/strong> Eml\u00e9kk\u00f6nyv a KMTT f\u00e9lsz\u00e1zados jubileum\u00e1n (Bp., 1892); A M. Korona orsz\u00e1gainak kivitelk\u00e9pes ipartelepei (Bp., 1897); Mv.-i zsid\u00f3 temet\u0151 dok.<\/br><\/p>\n","protected":false},"excerpt":{"rendered":"<p>? \u2020\u00a0Mv., 1940. \u00e1pr. 3.: iparos. \u2013 Mv.-en volt ipartelepe. Tagja a KMTT-nak. Irod.: Eml\u00e9kk\u00f6nyv a KMTT f\u00e9lsz\u00e1zados jubileum\u00e1n (Bp., 1892); A M. Korona orsz\u00e1gainak kivitelk\u00e9pes ipartelepei (Bp., 1897); Mv.-i zsid\u00f3 temet\u0151 dok.<\/p>\n","protected":false},"featured_media":0,"comment_status":"open","ping_status":"closed","template":"","meta":[],"product_brand":[],"product_cat":[137],"product_tag":[],"class_list":{"0":"post-8098","1":"product","2":"type-product","3":"status-publish","5":"product_cat-maros-megyei-eletrajzi-lexikon","7":"first","8":"instock","9":"shipping-taxable","10":"product-type-simple"},"_links":{"self":[{"href":"https:\/\/uj.adatbank.ro\/lexikon\/wp-json\/wp\/v2\/product\/8098","targetHints":{"allow":["GET"]}}],"collection":[{"href":"https:\/\/uj.adatbank.ro\/lexikon\/wp-json\/wp\/v2\/product"}],"about":[{"href":"https:\/\/uj.adatbank.ro\/lexikon\/wp-json\/wp\/v2\/types\/product"}],"replies":[{"embeddable":true,"href":"https:\/\/uj.adatbank.ro\/lexikon\/wp-json\/wp\/v2\/comments?post=8098"}],"wp:attachment":[{"href":"https:\/\/uj.adatbank.ro\/lexikon\/wp-json\/wp\/v2\/media?parent=8098"}],"wp:term":[{"taxonomy":"product_brand","embeddable":true,"href":"https:\/\/uj.adatbank.ro\/lexikon\/wp-json\/wp\/v2\/product_brand?post=8098"},{"taxonomy":"product_cat","embeddable":true,"href":"https:\/\/uj.adatbank.ro\/lexikon\/wp-json\/wp\/v2\/product_cat?post=8098"},{"taxonomy":"product_tag","embeddable":true,"href":"https:\/\/uj.adatbank.ro\/lexikon\/wp-json\/wp\/v2\/product_tag?post=8098"}],"curies":[{"name":"wp","href":"https:\/\/api.w.org\/{rel}","templated":true}]}}