{"id":8099,"date":"2025-06-29T10:14:25","date_gmt":"2025-06-29T08:14:25","guid":{"rendered":"https:\/\/uj.adatbank.ro\/lexikon\/termek\/fischer-lipot\/"},"modified":"2025-06-29T10:14:25","modified_gmt":"2025-06-29T08:14:25","slug":"fischer-lipot","status":"publish","type":"product","link":"https:\/\/uj.adatbank.ro\/lexikon\/termek\/fischer-lipot\/","title":{"rendered":"FISCHER Lip\u00f3t"},"content":{"rendered":"<p>1896.? \u2020 ? : ecetgy\u00e1ros. \u2013 Mv.-en k\u00e9t sikeres v\u00e1llalkoz\u00e1sa volt: a p\u00f3tk\u00e1v\u00e9- \u00fczem \u00e9s a Vinegra ecetgy\u00e1r (1919). Az Iparkamara az anyag- \u00e9s \u00e1r\u00fabeszerz\u00e9s \u00e9rdek\u00e9ben \u00fatlevelet szerzett neki, ez\u00e9rt t\u00e1mad\u00e1sok \u00e9rt\u00e9k a helyi lapokban. Az Erd\u00e9lyi Ecetgy\u00e1rosok Sz\u00f6vets\u00e9g\u00e9nek aleln\u00f6ke lett (1920). Mv.-r\u0151l feles\u00e9g\u00e9vel (sz. 1886\u2013) egy\u00fctt deport\u00e1lt\u00e1k (1944. m\u00e1j. 29.). <br \/><strong>Irod.:<\/strong> Id\u0151t\u00e1r 3; Mv. zsid\u00f3s\u00e1ga<\/br><\/p>\n","protected":false},"excerpt":{"rendered":"<p>1896.? \u2020 ? : ecetgy\u00e1ros. \u2013 Mv.-en k\u00e9t sikeres v\u00e1llalkoz\u00e1sa volt: a p\u00f3tk\u00e1v\u00e9- \u00fczem \u00e9s a Vinegra ecetgy\u00e1r (1919). Az Iparkamara az anyag- \u00e9s \u00e1r\u00fabeszerz\u00e9s \u00e9rdek\u00e9ben \u00fatlevelet szerzett neki, ez\u00e9rt t\u00e1mad\u00e1sok \u00e9rt\u00e9k a helyi lapokban. Az Erd\u00e9lyi Ecetgy\u00e1rosok Sz\u00f6vets\u00e9g\u00e9nek aleln\u00f6ke lett (1920). Mv.-r\u0151l feles\u00e9g\u00e9vel (sz. 1886\u2013) egy\u00fctt deport\u00e1lt\u00e1k (1944. m\u00e1j. 29.). Irod.: Id\u0151t\u00e1r 3; Mv. [&hellip;]<\/p>\n","protected":false},"featured_media":0,"comment_status":"open","ping_status":"closed","template":"","meta":[],"product_brand":[],"product_cat":[137],"product_tag":[],"class_list":{"0":"post-8099","1":"product","2":"type-product","3":"status-publish","5":"product_cat-maros-megyei-eletrajzi-lexikon","7":"first","8":"instock","9":"shipping-taxable","10":"product-type-simple"},"_links":{"self":[{"href":"https:\/\/uj.adatbank.ro\/lexikon\/wp-json\/wp\/v2\/product\/8099","targetHints":{"allow":["GET"]}}],"collection":[{"href":"https:\/\/uj.adatbank.ro\/lexikon\/wp-json\/wp\/v2\/product"}],"about":[{"href":"https:\/\/uj.adatbank.ro\/lexikon\/wp-json\/wp\/v2\/types\/product"}],"replies":[{"embeddable":true,"href":"https:\/\/uj.adatbank.ro\/lexikon\/wp-json\/wp\/v2\/comments?post=8099"}],"wp:attachment":[{"href":"https:\/\/uj.adatbank.ro\/lexikon\/wp-json\/wp\/v2\/media?parent=8099"}],"wp:term":[{"taxonomy":"product_brand","embeddable":true,"href":"https:\/\/uj.adatbank.ro\/lexikon\/wp-json\/wp\/v2\/product_brand?post=8099"},{"taxonomy":"product_cat","embeddable":true,"href":"https:\/\/uj.adatbank.ro\/lexikon\/wp-json\/wp\/v2\/product_cat?post=8099"},{"taxonomy":"product_tag","embeddable":true,"href":"https:\/\/uj.adatbank.ro\/lexikon\/wp-json\/wp\/v2\/product_tag?post=8099"}],"curies":[{"name":"wp","href":"https:\/\/api.w.org\/{rel}","templated":true}]}}