{"id":8100,"date":"2025-06-29T10:14:27","date_gmt":"2025-06-29T08:14:27","guid":{"rendered":"https:\/\/uj.adatbank.ro\/lexikon\/termek\/fischer-mano-%c2%a7\/"},"modified":"2025-06-29T10:14:27","modified_gmt":"2025-06-29T08:14:27","slug":"fischer-mano-%c2%a7","status":"publish","type":"product","link":"https:\/\/uj.adatbank.ro\/lexikon\/termek\/fischer-mano-%c2%a7\/","title":{"rendered":"FISCHER Man\u00f3, \u00a7"},"content":{"rendered":"<p>? 1885., \u2020\u00a0? : vaskeresked\u0151. \u2013 Az I. vh. -ba mint I. o. sz\u00e1mv\u00edv\u0151 vett r\u00e9szt (1914. aug. \u2013 18. aug.). A 35. h. o. t\u00e1v\u00edr\u00f3osztaggal orosz \u00e9s olasz harct\u00e9ren teljes\u00edtett szolg\u00e1latot, megsebes\u00fclt. <strong>Kit\u00fcntet\u00e9sei:<\/strong> K. e., K. v. \u00e9. k. a v. \u00e9. sz. A mv.-i zsid\u00f3 hitk\u00f6zs\u00e9g gondnoka. Mv.-r\u0151l feles\u00e9g\u00e9vel (1890\u2013) egy\u00fctt deport\u00e1lt\u00e1k (1944. m\u00e1j. 29.). <br \/><strong>Irod.:<\/strong> M. hadviselt zsid\u00f3k; Mv. zsid\u00f3s\u00e1ga; \u00dajv\u00e1ri<\/br><\/p>\n","protected":false},"excerpt":{"rendered":"<p>? 1885., \u2020\u00a0? : vaskeresked\u0151. \u2013 Az I. vh. -ba mint I. o. sz\u00e1mv\u00edv\u0151 vett r\u00e9szt (1914. aug. \u2013 18. aug.). A 35. h. o. t\u00e1v\u00edr\u00f3osztaggal orosz \u00e9s olasz harct\u00e9ren teljes\u00edtett szolg\u00e1latot, megsebes\u00fclt. Kit\u00fcntet\u00e9sei: K. e., K. v. \u00e9. k. a v. \u00e9. sz. A mv.-i zsid\u00f3 hitk\u00f6zs\u00e9g gondnoka. Mv.-r\u0151l feles\u00e9g\u00e9vel (1890\u2013) egy\u00fctt deport\u00e1lt\u00e1k (1944. [&hellip;]<\/p>\n","protected":false},"featured_media":0,"comment_status":"open","ping_status":"closed","template":"","meta":[],"product_brand":[],"product_cat":[137],"product_tag":[],"class_list":{"0":"post-8100","1":"product","2":"type-product","3":"status-publish","5":"product_cat-maros-megyei-eletrajzi-lexikon","7":"first","8":"instock","9":"shipping-taxable","10":"product-type-simple"},"_links":{"self":[{"href":"https:\/\/uj.adatbank.ro\/lexikon\/wp-json\/wp\/v2\/product\/8100","targetHints":{"allow":["GET"]}}],"collection":[{"href":"https:\/\/uj.adatbank.ro\/lexikon\/wp-json\/wp\/v2\/product"}],"about":[{"href":"https:\/\/uj.adatbank.ro\/lexikon\/wp-json\/wp\/v2\/types\/product"}],"replies":[{"embeddable":true,"href":"https:\/\/uj.adatbank.ro\/lexikon\/wp-json\/wp\/v2\/comments?post=8100"}],"wp:attachment":[{"href":"https:\/\/uj.adatbank.ro\/lexikon\/wp-json\/wp\/v2\/media?parent=8100"}],"wp:term":[{"taxonomy":"product_brand","embeddable":true,"href":"https:\/\/uj.adatbank.ro\/lexikon\/wp-json\/wp\/v2\/product_brand?post=8100"},{"taxonomy":"product_cat","embeddable":true,"href":"https:\/\/uj.adatbank.ro\/lexikon\/wp-json\/wp\/v2\/product_cat?post=8100"},{"taxonomy":"product_tag","embeddable":true,"href":"https:\/\/uj.adatbank.ro\/lexikon\/wp-json\/wp\/v2\/product_tag?post=8100"}],"curies":[{"name":"wp","href":"https:\/\/api.w.org\/{rel}","templated":true}]}}